{"id":21800,"date":"2023-02-24T14:45:22","date_gmt":"2023-02-24T11:45:22","guid":{"rendered":"https:\/\/sk.f-chain.com\/accounting-services\/"},"modified":"2025-11-10T04:39:35","modified_gmt":"2025-11-10T01:39:35","slug":"accounting-services","status":"publish","type":"page","link":"https:\/\/sk.f-chain.com\/sk\/accounting-services\/","title":{"rendered":"\u00da\u010dtovn\u00e9 slu\u017eby"},"content":{"rendered":"<div class=\"wpb-content-wrapper\"><p>[vc_row css_animation=&#8221;fadeInUp&#8221;][vc_column][vc_column_text css_animation=&#8221;fadeInDown&#8221; css=&#8221;&#8221;]<\/p>\n<h2><strong>\u00da\u010dtovn\u00edcke slu\u017eby Slovensko<\/strong><\/h2>\n<p>FCHAIN pon\u00faka vysoko kvalitn\u00e9 a komplexn\u00e9 <strong>\u00fa\u010dtovn\u00edcke slu\u017eby<\/strong> pre va\u0161e podnikanie na Slovensku. Sme spo\u013eahliv\u00e1 <strong>slovensk\u00e1 \u00fa\u010dtovn\u00edcka firma<\/strong> \u0161pecializuj\u00faca sa na poskytovanie presn\u00fdch a v\u010dasn\u00fdch finan\u010dn\u00fdch rie\u0161en\u00ed. Na\u0161\u00edm poslan\u00edm je zabezpe\u010di\u0165 \u00fapln\u00fa transparentnos\u0165 a s\u00falad s miestnou legislat\u00edvou pre va\u0161e podnikanie.[\/vc_column_text][\/vc_column][\/vc_row][vc_row content_placement=&#8221;middle&#8221; css_animation=&#8221;fadeInUp&#8221;][vc_column width=&#8221;1\/2&#8243;][vc_column_text css_animation=&#8221;fadeInLeft&#8221; css=&#8221;&#8221;]<\/p>\n<h2><strong>Vysokokvalifikovan\u00ed \u00fa\u010dtovn\u00edci z FCHAIN<\/strong><\/h2>\n<p>Na\u0161i <strong>vysokokvalifikovan\u00ed \u00fa\u010dtovn\u00edci<\/strong> maj\u00fa d\u00f4kladn\u00e9 znalosti slovensk\u00fdch pr\u00e1vnych predpisov a medzin\u00e1rodn\u00fdch \u0161tandardov finan\u010dn\u00e9ho v\u00fdkazn\u00edctva. V\u0161etci na\u0161i \u0161pecialisti s\u00fa <strong>certifikovan\u00ed \u00fa\u010dtovn\u00edci<\/strong> s rozsiahlymi sk\u00fasenos\u0165ami, \u010do zaru\u010duje bezchybn\u00fa kvalitu na\u0161ich <strong>\u00fa\u010dtovn\u00fdch slu\u017eieb<\/strong>. Pon\u00fakame <strong>\u00fa\u010dtovn\u00edcke slu\u017eby v Bratislave<\/strong>, prisp\u00f4soben\u00e9 potreb\u00e1m mal\u00fdch aj ve\u013ek\u00fdch spolo\u010dnost\u00ed.<\/p>\n<h3><strong>\u00da\u010dtovn\u00edctvo a \u00fa\u010dtovn\u00edctvo<\/strong><\/h3>\n<p>Poskytujeme kompletn\u00fd sortiment \u00fa\u010dtovn\u00fdch a \u00fa\u010dtovn\u00fdch slu\u017eieb. Patria sem:<\/p>\n<ul class=\"ul-gray\">\n<li>denn\u00e9 zaznamen\u00e1vanie prim\u00e1rnych dokumentov;<\/li>\n<li>vedenie hlavnej \u00fa\u010dtovnej knihy;<\/li>\n<li>pr\u00edprava a predkladanie v\u0161etk\u00fdch typov <strong>finan\u010dn\u00fdch v\u00fdkazov<\/strong>;<\/li>\n<li>profesion\u00e1lne <strong>\u00fa\u010dtovn\u00edcke slu\u017eby v Bratislave<\/strong>, zabezpe\u010denie presnosti a aktu\u00e1lnosti v\u0161etk\u00fdch z\u00e1znamov;<\/li>\n<li>slu\u017eby pre <strong>obnovu \u00fa\u010dtovn\u00edctva<\/strong> v pr\u00edpade zanedban\u00e9ho reportovania.<\/li>\n<\/ul>\n<p>Taktie\u017e poskytujeme poradenstvo v oblasti optimaliz\u00e1cie \u00fa\u010dtovn\u00fdch procesov v s\u00falade s va\u0161imi obchodn\u00fdmi cie\u013emi.<br \/>\n[\/vc_column_text][\/vc_column][vc_column width=&#8221;1\/2&#8243;][vc_single_image image=&#8221;1285&#8243; img_size=&#8221;full&#8221;][\/vc_column][\/vc_row][vc_row content_placement=&#8221;middle&#8221; css_animation=&#8221;fadeInUp&#8221;][vc_column width=&#8221;1\/2&#8243;][vc_single_image image=&#8221;1286&#8243; img_size=&#8221;full&#8221;][\/vc_column][vc_column width=&#8221;1\/2&#8243;][vc_column_text css_animation=&#8221;fadeInRight&#8221; css=&#8221;&#8221;]<\/p>\n<h2><strong>Medzin\u00e1rodn\u00e9 \u00fa\u010dtovn\u00edctvo s FCHAIN<\/strong><\/h2>\n<p>V kontexte globaliz\u00e1cie podnikania nadob\u00fada <strong>medzin\u00e1rodn\u00e9 \u00fa\u010dtovn\u00edctvo<\/strong> \u010doraz v\u00e4\u010d\u0161\u00ed v\u00fdznam. Spolo\u010dnos\u0165 FCHAIN sa \u0161pecializuje na slu\u017eby zahrani\u010dn\u00fdm spolo\u010dnostiam p\u00f4sobiacim na Slovensku. Zabezpe\u010dujeme pln\u00fa integr\u00e1ciu v\u00e1\u0161ho slovensk\u00e9ho \u00fa\u010dtovn\u00edctva s medzin\u00e1rodn\u00fdmi \u0161tandardmi. Na\u0161e komplexn\u00e9 <strong>\u00fa\u010dtovn\u00e9 a mzdov\u00e9 slu\u017eby<\/strong> s\u00fa ide\u00e1lne pre medzin\u00e1rodn\u00fdch klientov. Hovor\u00edme va\u0161\u00edm jazykom a rozumieme po\u017eiadavk\u00e1m va\u0161ej spolo\u010dnosti. V\u017edy dostanete spr\u00e1vy, ktor\u00e9 s\u00fa zrozumite\u013en\u00e9 pre va\u0161ich zahrani\u010dn\u00fdch partnerov.<\/p>\n<h3><strong>Mzdov\u00e9 slu\u017eby<\/strong><\/h3>\n<p>Na\u0161e slu\u017eby zah\u0155\u0148aj\u00fa kompletn\u00fd outsourcing <strong>mzdovej<\/strong> a person\u00e1lnej administrat\u00edvy:<\/p>\n<ul class=\"ul-gray\">\n<li>v\u00fdpo\u010det platov, bonusov a zr\u00e1\u017eok;<\/li>\n<li>pr\u00edprava a predkladanie spr\u00e1v org\u00e1nom soci\u00e1lneho zabezpe\u010denia a da\u0148ov\u00fdm org\u00e1nom;<\/li>\n<li>poradenstvo v oblasti pracovn\u00e9ho pr\u00e1va;<\/li>\n<li>poskytovanie slu\u017eieb <strong>EOR<\/strong> (Employer of Record) pre prij\u00edmanie zamestnancov bez zalo\u017eenia pr\u00e1vnickej osoby na Slovensku.<\/li>\n<\/ul>\n<p>Taktie\u017e garantujeme v\u010dasn\u00e9 a d\u00f4vern\u00e9 vyd\u00e1vanie v\u00fdplatn\u00fdch p\u00e1sok v\u0161etk\u00fdm zamestnancom.<\/p>\n<h2><strong>Da\u0148ov\u00e9 poradenstvo<\/strong><\/h2>\n<p><strong>Da\u0148ov\u00e9 poradenstvo<\/strong> je k\u013e\u00fa\u010dovou s\u00fa\u010das\u0165ou na\u0161ej ponuky. Pom\u00e1hame optimalizova\u0165 da\u0148ov\u00e9 za\u0165a\u017eenie v\u00e1\u0161ho podnikania a zabezpe\u010di\u0165 <strong>dodr\u017eiavanie da\u0148ov\u00fdch predpisov<\/strong>. Poskytujeme odborn\u00fa podporu s cie\u013eom minimalizova\u0165 rizik\u00e1 a zv\u00fd\u0161i\u0165 finan\u010dn\u00fa efekt\u00edvnos\u0165.<br \/>\n[\/vc_column_text][\/vc_column][\/vc_row][vc_row content_placement=&#8221;middle&#8221; css_animation=&#8221;fadeInUp&#8221;][vc_column width=&#8221;1\/2&#8243;][vc_column_text css_animation=&#8221;fadeInLeft&#8221; css=&#8221;&#8221;]<\/p>\n<h3><strong>Podnikov\u00e9 \u00fa\u010dtovn\u00edctvo<\/strong><\/h3>\n<p>Na\u0161e slu\u017eby <strong>firemn\u00e9ho \u00fa\u010dtovn\u00edctva<\/strong> zah\u0155\u0148aj\u00fa:<\/p>\n<ul class=\"ul-gray\">\n<li>da\u0148ov\u00e9 pl\u00e1novanie a <strong>da\u0148ov\u00e9 poradenstvo<\/strong> \u2013 pom\u00f4\u017eeme v\u00e1m leg\u00e1lne zn\u00ed\u017ei\u0165 dane a spr\u00e1vne poda\u0165 dokumenty;<\/li>\n<li>pod\u00e1vanie povinn\u00fdch <strong>da\u0148ov\u00fdch priznan\u00ed<\/strong> a priznan\u00ed k DPH;<\/li>\n<li>pr\u00edprava na <strong>aud\u00edtorsk\u00e9 slu\u017eby<\/strong> a pln\u00e1 podpora po\u010das auditov;<\/li>\n<li>zabezpe\u010dujeme \u00fapln\u00fd s\u00falad so v\u0161etk\u00fdmi <strong>da\u0148ov\u00fdmi<\/strong> predpismi;<\/li>\n<li>garantujeme presnos\u0165 v\u0161etk\u00fdch <strong>\u00fa\u010dtovn\u00fdch slu\u017eieb<\/strong> s\u00favisiacich s prev\u00e1dzkou va\u0161ej spolo\u010dnosti;<\/li>\n<li>spr\u00e1va akt\u00edv a pas\u00edv s cie\u013eom zv\u00fd\u0161i\u0165 investi\u010dn\u00fa atraktivitu spolo\u010dnosti.<\/li>\n<\/ul>\n<p>[\/vc_column_text][\/vc_column][vc_column width=&#8221;1\/2&#8243;][vc_single_image image=&#8221;1288&#8243; img_size=&#8221;full&#8221;][\/vc_column][\/vc_row][vc_row css_animation=&#8221;fadeInUp&#8221;][vc_column][vc_column_text css_animation=&#8221;fadeInUp&#8221; css=&#8221;&#8221;]Poskytujeme kompletn\u00fd sortiment <strong>\u00fa\u010dtovn\u00fdch slu\u017eieb<\/strong>. Kontaktujte n\u00e1s e\u0161te dnes, preberte s nami svoje ciele a za\u010dnite bez ak\u00fdchko\u013evek starost\u00ed.<br \/>\n[\/vc_column_text][\/vc_column][\/vc_row]<\/p>\n<\/div>","protected":false},"excerpt":{"rendered":"<p>[vc_row css_animation=&#8221;fadeInUp&#8221;][vc_column][vc_column_text css_animation=&#8221;fadeInDown&#8221; css=&#8221;&#8221;] \u00da\u010dtovn\u00edcke slu\u017eby Slovensko FCHAIN pon\u00faka vysoko kvalitn\u00e9 a komplexn\u00e9 \u00fa\u010dtovn\u00edcke slu\u017eby pre va\u0161e podnikanie na Slovensku. Sme spo\u013eahliv\u00e1 slovensk\u00e1 \u00fa\u010dtovn\u00edcka firma \u0161pecializuj\u00faca sa na poskytovanie presn\u00fdch a v\u010dasn\u00fdch finan\u010dn\u00fdch rie\u0161en\u00ed. Na\u0161\u00edm poslan\u00edm je zabezpe\u010di\u0165 \u00fapln\u00fa transparentnos\u0165 a s\u00falad s miestnou legislat\u00edvou pre va\u0161e podnikanie.[\/vc_column_text][\/vc_column][\/vc_row][vc_row content_placement=&#8221;middle&#8221; css_animation=&#8221;fadeInUp&#8221;][vc_column width=&#8221;1\/2&#8243;][vc_column_text css_animation=&#8221;fadeInLeft&#8221; css=&#8221;&#8221;] Vysokokvalifikovan\u00ed \u00fa\u010dtovn\u00edci<\/p>\n","protected":false},"author":2,"featured_media":0,"parent":0,"menu_order":0,"comment_status":"closed","ping_status":"closed","template":"","meta":{"_acf_changed":false,"footnotes":""},"class_list":["post-21800","page","type-page","status-publish","hentry"],"acf":[],"yoast_head":"<!-- This site is optimized with the Yoast SEO plugin v26.6 - https:\/\/yoast.com\/wordpress\/plugins\/seo\/ -->\n<title>\u00da\u010dtovn\u00edcke slu\u017eby na Slovensku | FCHAIN \u200b\u200b\u2013 Profesion\u00e1lne \u00fa\u010dtovn\u00edcke a da\u0148ov\u00e9 rie\u0161enia<\/title>\n<meta name=\"description\" content=\"Spolo\u010dnos\u0165 FCHAIN \u200b\u200bposkytuje spo\u013eahliv\u00e9 \u00fa\u010dtovn\u00edcke slu\u017eby na Slovensku vr\u00e1tane vedenia \u00fa\u010dtovn\u00edctva, mzdovej agendy, da\u0148ov\u00e9ho v\u00fdkazn\u00edctva a finan\u010dn\u00e9ho poradenstva. Pom\u00e1hame firm\u00e1m dodr\u017eiava\u0165 predpisy, zni\u017eova\u0165 n\u00e1klady a s\u00fastredi\u0165 sa na rast.\" \/>\n<meta name=\"robots\" content=\"noindex, follow, max-snippet:-1, max-image-preview:large, max-video-preview:-1\" \/>\n<meta property=\"og:locale\" content=\"sk_SK\" \/>\n<meta property=\"og:type\" content=\"article\" \/>\n<meta property=\"og:title\" content=\"\u00da\u010dtovn\u00edcke slu\u017eby na Slovensku | FCHAIN \u200b\u200b\u2013 Profesion\u00e1lne \u00fa\u010dtovn\u00edcke a da\u0148ov\u00e9 rie\u0161enia\" \/>\n<meta property=\"og:description\" content=\"Spolo\u010dnos\u0165 FCHAIN \u200b\u200bposkytuje spo\u013eahliv\u00e9 \u00fa\u010dtovn\u00edcke slu\u017eby na Slovensku vr\u00e1tane vedenia \u00fa\u010dtovn\u00edctva, mzdovej agendy, da\u0148ov\u00e9ho v\u00fdkazn\u00edctva a finan\u010dn\u00e9ho poradenstva. Pom\u00e1hame firm\u00e1m dodr\u017eiava\u0165 predpisy, zni\u017eova\u0165 n\u00e1klady a s\u00fastredi\u0165 sa na rast.\" \/>\n<meta property=\"og:url\" content=\"https:\/\/sk.f-chain.com\/sk\/accounting-services\/\" \/>\n<meta property=\"og:site_name\" content=\"Fchain\" \/>\n<meta property=\"article:modified_time\" content=\"2025-11-10T01:39:35+00:00\" \/>\n<meta name=\"twitter:card\" content=\"summary_large_image\" \/>\n<meta name=\"twitter:label1\" content=\"Est. reading time\" \/>\n\t<meta name=\"twitter:data1\" content=\"2 minutes\" \/>\n<script type=\"application\/ld+json\" class=\"yoast-schema-graph\">{\"@context\":\"https:\/\/schema.org\",\"@graph\":[{\"@type\":\"WebPage\",\"@id\":\"https:\/\/sk.f-chain.com\/sk\/accounting-services\/\",\"url\":\"https:\/\/sk.f-chain.com\/sk\/accounting-services\/\",\"name\":\"\u00da\u010dtovn\u00edcke slu\u017eby na Slovensku | FCHAIN \u200b\u200b\u2013 Profesion\u00e1lne \u00fa\u010dtovn\u00edcke a da\u0148ov\u00e9 rie\u0161enia\",\"isPartOf\":{\"@id\":\"https:\/\/sk.f-chain.com\/#website\"},\"datePublished\":\"2023-02-24T11:45:22+00:00\",\"dateModified\":\"2025-11-10T01:39:35+00:00\",\"description\":\"Spolo\u010dnos\u0165 FCHAIN \u200b\u200bposkytuje spo\u013eahliv\u00e9 \u00fa\u010dtovn\u00edcke slu\u017eby na Slovensku vr\u00e1tane vedenia \u00fa\u010dtovn\u00edctva, mzdovej agendy, da\u0148ov\u00e9ho v\u00fdkazn\u00edctva a finan\u010dn\u00e9ho poradenstva. Pom\u00e1hame firm\u00e1m dodr\u017eiava\u0165 predpisy, zni\u017eova\u0165 n\u00e1klady a s\u00fastredi\u0165 sa na rast.\",\"breadcrumb\":{\"@id\":\"https:\/\/sk.f-chain.com\/sk\/accounting-services\/#breadcrumb\"},\"inLanguage\":\"sk-SK\",\"potentialAction\":[{\"@type\":\"ReadAction\",\"target\":[\"https:\/\/sk.f-chain.com\/sk\/accounting-services\/\"]}]},{\"@type\":\"BreadcrumbList\",\"@id\":\"https:\/\/sk.f-chain.com\/sk\/accounting-services\/#breadcrumb\",\"itemListElement\":[{\"@type\":\"ListItem\",\"position\":1,\"name\":\"Home\",\"item\":\"https:\/\/sk.f-chain.com\/sk\/\"},{\"@type\":\"ListItem\",\"position\":2,\"name\":\"\u00da\u010dtovn\u00e9 slu\u017eby\"}]},{\"@type\":\"WebSite\",\"@id\":\"https:\/\/sk.f-chain.com\/#website\",\"url\":\"https:\/\/sk.f-chain.com\/\",\"name\":\"Fchain\",\"description\":\"\",\"potentialAction\":[{\"@type\":\"SearchAction\",\"target\":{\"@type\":\"EntryPoint\",\"urlTemplate\":\"https:\/\/sk.f-chain.com\/?s={search_term_string}\"},\"query-input\":{\"@type\":\"PropertyValueSpecification\",\"valueRequired\":true,\"valueName\":\"search_term_string\"}}],\"inLanguage\":\"sk-SK\"}]}<\/script>\n<!-- \/ Yoast SEO plugin. -->","yoast_head_json":{"title":"\u00da\u010dtovn\u00edcke slu\u017eby na Slovensku | FCHAIN \u200b\u200b\u2013 Profesion\u00e1lne \u00fa\u010dtovn\u00edcke a da\u0148ov\u00e9 rie\u0161enia","description":"Spolo\u010dnos\u0165 FCHAIN \u200b\u200bposkytuje spo\u013eahliv\u00e9 \u00fa\u010dtovn\u00edcke slu\u017eby na Slovensku vr\u00e1tane vedenia \u00fa\u010dtovn\u00edctva, mzdovej agendy, da\u0148ov\u00e9ho v\u00fdkazn\u00edctva a finan\u010dn\u00e9ho poradenstva. Pom\u00e1hame firm\u00e1m dodr\u017eiava\u0165 predpisy, zni\u017eova\u0165 n\u00e1klady a s\u00fastredi\u0165 sa na rast.","robots":{"index":"noindex","follow":"follow","max-snippet":"max-snippet:-1","max-image-preview":"max-image-preview:large","max-video-preview":"max-video-preview:-1"},"og_locale":"sk_SK","og_type":"article","og_title":"\u00da\u010dtovn\u00edcke slu\u017eby na Slovensku | FCHAIN \u200b\u200b\u2013 Profesion\u00e1lne \u00fa\u010dtovn\u00edcke a da\u0148ov\u00e9 rie\u0161enia","og_description":"Spolo\u010dnos\u0165 FCHAIN \u200b\u200bposkytuje spo\u013eahliv\u00e9 \u00fa\u010dtovn\u00edcke slu\u017eby na Slovensku vr\u00e1tane vedenia \u00fa\u010dtovn\u00edctva, mzdovej agendy, da\u0148ov\u00e9ho v\u00fdkazn\u00edctva a finan\u010dn\u00e9ho poradenstva. Pom\u00e1hame firm\u00e1m dodr\u017eiava\u0165 predpisy, zni\u017eova\u0165 n\u00e1klady a s\u00fastredi\u0165 sa na rast.","og_url":"https:\/\/sk.f-chain.com\/sk\/accounting-services\/","og_site_name":"Fchain","article_modified_time":"2025-11-10T01:39:35+00:00","twitter_card":"summary_large_image","twitter_misc":{"Est. reading time":"2 minutes"},"schema":{"@context":"https:\/\/schema.org","@graph":[{"@type":"WebPage","@id":"https:\/\/sk.f-chain.com\/sk\/accounting-services\/","url":"https:\/\/sk.f-chain.com\/sk\/accounting-services\/","name":"\u00da\u010dtovn\u00edcke slu\u017eby na Slovensku | FCHAIN \u200b\u200b\u2013 Profesion\u00e1lne \u00fa\u010dtovn\u00edcke a da\u0148ov\u00e9 rie\u0161enia","isPartOf":{"@id":"https:\/\/sk.f-chain.com\/#website"},"datePublished":"2023-02-24T11:45:22+00:00","dateModified":"2025-11-10T01:39:35+00:00","description":"Spolo\u010dnos\u0165 FCHAIN \u200b\u200bposkytuje spo\u013eahliv\u00e9 \u00fa\u010dtovn\u00edcke slu\u017eby na Slovensku vr\u00e1tane vedenia \u00fa\u010dtovn\u00edctva, mzdovej agendy, da\u0148ov\u00e9ho v\u00fdkazn\u00edctva a finan\u010dn\u00e9ho poradenstva. Pom\u00e1hame firm\u00e1m dodr\u017eiava\u0165 predpisy, zni\u017eova\u0165 n\u00e1klady a s\u00fastredi\u0165 sa na rast.","breadcrumb":{"@id":"https:\/\/sk.f-chain.com\/sk\/accounting-services\/#breadcrumb"},"inLanguage":"sk-SK","potentialAction":[{"@type":"ReadAction","target":["https:\/\/sk.f-chain.com\/sk\/accounting-services\/"]}]},{"@type":"BreadcrumbList","@id":"https:\/\/sk.f-chain.com\/sk\/accounting-services\/#breadcrumb","itemListElement":[{"@type":"ListItem","position":1,"name":"Home","item":"https:\/\/sk.f-chain.com\/sk\/"},{"@type":"ListItem","position":2,"name":"\u00da\u010dtovn\u00e9 slu\u017eby"}]},{"@type":"WebSite","@id":"https:\/\/sk.f-chain.com\/#website","url":"https:\/\/sk.f-chain.com\/","name":"Fchain","description":"","potentialAction":[{"@type":"SearchAction","target":{"@type":"EntryPoint","urlTemplate":"https:\/\/sk.f-chain.com\/?s={search_term_string}"},"query-input":{"@type":"PropertyValueSpecification","valueRequired":true,"valueName":"search_term_string"}}],"inLanguage":"sk-SK"}]}},"_links":{"self":[{"href":"https:\/\/sk.f-chain.com\/sk\/wp-json\/wp\/v2\/pages\/21800","targetHints":{"allow":["GET"]}}],"collection":[{"href":"https:\/\/sk.f-chain.com\/sk\/wp-json\/wp\/v2\/pages"}],"about":[{"href":"https:\/\/sk.f-chain.com\/sk\/wp-json\/wp\/v2\/types\/page"}],"author":[{"embeddable":true,"href":"https:\/\/sk.f-chain.com\/sk\/wp-json\/wp\/v2\/users\/2"}],"replies":[{"embeddable":true,"href":"https:\/\/sk.f-chain.com\/sk\/wp-json\/wp\/v2\/comments?post=21800"}],"version-history":[{"count":3,"href":"https:\/\/sk.f-chain.com\/sk\/wp-json\/wp\/v2\/pages\/21800\/revisions"}],"predecessor-version":[{"id":21839,"href":"https:\/\/sk.f-chain.com\/sk\/wp-json\/wp\/v2\/pages\/21800\/revisions\/21839"}],"wp:attachment":[{"href":"https:\/\/sk.f-chain.com\/sk\/wp-json\/wp\/v2\/media?parent=21800"}],"curies":[{"name":"wp","href":"https:\/\/api.w.org\/{rel}","templated":true}]}}