{"id":21807,"date":"2023-02-24T14:46:33","date_gmt":"2023-02-24T11:46:33","guid":{"rendered":"https:\/\/sk.f-chain.com\/consultations\/"},"modified":"2025-11-10T04:40:15","modified_gmt":"2025-11-10T01:40:15","slug":"consultations","status":"publish","type":"page","link":"https:\/\/sk.f-chain.com\/sk\/consultations\/","title":{"rendered":"\u00da\u010dtovn\u00e9 poradenstvo"},"content":{"rendered":"<div class=\"wpb-content-wrapper\"><p>[vc_row content_placement=&#8221;middle&#8221; css_animation=&#8221;fadeInUp&#8221;][vc_column][vc_column_text css_animation=&#8221;fadeInDown&#8221; css=&#8221;&#8221;]<\/p>\n<h2><strong>\u00da\u010dtovn\u00e9 poradensk\u00e9 slu\u017eby na Slovensku<\/strong><\/h2>\n<p>Modern\u00e9 podnikanie na Slovensku si vy\u017eaduje kompetentn\u00fd mana\u017ement a pochopenie poradenstva a \u00fa\u010dtovn\u00edctva AX. Na\u0161a spolo\u010dnos\u0165 pon\u00faka komplexn\u00e9 \u00fa\u010dtovn\u00e9 poradensk\u00e9 slu\u017eby, ktor\u00e9 minimalizuj\u00fa rizik\u00e1. Pom\u00e1hame podnikate\u013eom vybudova\u0165 transparentn\u00fd syst\u00e9m reportingu, ktor\u00fd zabezpe\u010d\u00ed stabiln\u00fd rast a d\u00f4veru investorov.<\/p>\n<p>Na\u0161e slu\u017eby pom\u00e1haj\u00fa automatizova\u0165 proces. Sme hrd\u00ed na to, \u017ee na\u0161im klientom poskytujeme vysokokvalitn\u00e9 \u00fa\u010dtovn\u00e9 poradensk\u00e9 slu\u017eby na Slovensku, ktor\u00e9 sp\u013a\u0148aj\u00fa v\u0161etky miestne pr\u00e1vne po\u017eiadavky a medzin\u00e1rodn\u00e9 \u0161tandardy.<br \/>\n[\/vc_column_text][\/vc_column][vc_column width=&#8221;1\/2&#8243;][vc_column_text css_animation=&#8221;fadeInLeft&#8221; css=&#8221;&#8221;]<\/p>\n<h2><strong>Poradenstvo v oblasti obchodn\u00fdch financi\u00ed<\/strong><\/h2>\n<p>K\u013e\u00fa\u010dom k \u00faspechu je kompetentn\u00e9 finan\u010dn\u00e9 riadenie. Na\u0161e oddelenie poradenstva v oblasti podnikov\u00fdch financi\u00ed pom\u00e1ha t\u00edmom zvoli\u0165 spr\u00e1vnu strat\u00e9giu. Vysvet\u013eujeme pravidl\u00e1 financovania. Vytv\u00e1rame rie\u0161enia, ktor\u00e9 zabezpe\u010duj\u00fa dlhodob\u00fa ziskovos\u0165 a finan\u010dn\u00fa stabilitu. Pon\u00fakame aj medzin\u00e1rodn\u00e9 \u00fa\u010dtovn\u00e9 poradenstvo.<\/p>\n<p>Na\u0161e slu\u017eby zah\u0155\u0148aj\u00fa:<\/p>\n<ul class=\"ul-gray\">\n<li>strategick\u00e9 pl\u00e1novanie a finan\u010dn\u00e9 modelovanie;<\/li>\n<li>pos\u00fadenie investi\u010dnej atraktivity projektov;<\/li>\n<li>rozvoj syst\u00e9mov intern\u00e9ho auditu a finan\u010dnej kontroly.<\/li>\n<\/ul>\n<p>Profesion\u00e1lne finan\u010dn\u00e9 poradenstvo umo\u017e\u0148uje na\u0161im klientom robi\u0165 rozhodnutia na z\u00e1klade presn\u00fdch \u00fadajov a zvy\u0161uje ich konkurencieschopnos\u0165 na trhu.<\/p>\n<h3><strong>Pl\u00e1novanie \u00fa\u010dtovn\u00edctva<\/strong><\/h3>\n<p>\u00da\u010dtovn\u00e9 pl\u00e1novanie je z\u00e1kladom, na ktorom sa buduje finan\u010dn\u00e1 stabilita spolo\u010dnosti. V r\u00e1mci n\u00e1\u0161ho poradenstva v oblasti podnikov\u00e9ho \u00fa\u010dtovn\u00edctva budujeme syst\u00e9m, ktor\u00fd zabezpe\u010duje maxim\u00e1lnu transparentnos\u0165 a spracovate\u013enos\u0165 v\u0161etk\u00fdch finan\u010dn\u00fdch transakci\u00ed.<\/p>\n<p>Na\u0161i \u0161pecialisti vypracuj\u00fa podrobn\u00e9 pokyny pre tok dokumentov, automatiz\u00e1ciu a intern\u00fa kontrolu.<\/p>\n<p>Na\u0161e rie\u0161enia zah\u0155\u0148aj\u00fa:<\/p>\n<ul class=\"ul-gray\">\n<li>anal\u00fdza a optimaliz\u00e1cia existuj\u00faceho \u00fa\u010dtovn\u00e9ho syst\u00e9mu;<\/li>\n<li>komplexn\u00e9 finan\u010dn\u00e9 poradenstvo pre firmy;<\/li>\n<li>implement\u00e1cia digit\u00e1lnych n\u00e1strojov na automatiz\u00e1ciu reportingu;<\/li>\n<li>\u0161kolenie zamestnancov v z\u00e1kladoch modernej finan\u010dnej analytiky.<\/li>\n<\/ul>\n<p>Toto pl\u00e1novanie \u00fa\u010dtovn\u00edctva Model umo\u017e\u0148uje mana\u017ementu r\u00fdchlo sledova\u0165 finan\u010dn\u00fa situ\u00e1ciu podniku, identifikova\u0165 slab\u00e9 str\u00e1nky a v\u010das prij\u00edma\u0165 rozhodnutia.<br \/>\n[\/vc_column_text][\/vc_column][vc_column width=&#8221;1\/2&#8243;][vc_single_image image=&#8221;1083&#8243; img_size=&#8221;full&#8221;][\/vc_column][vc_column][\/vc_column][\/vc_row][vc_row content_placement=&#8221;middle&#8221; css_animation=&#8221;fadeInUp&#8221;][vc_column width=&#8221;1\/2&#8243;][vc_single_image image=&#8221;5157&#8243; img_size=&#8221;full&#8221;][\/vc_column][vc_column width=&#8221;1\/2&#8243;][vc_column_text css_animation=&#8221;fadeInRight&#8221; css=&#8221;&#8221;]<\/p>\n<h2><strong>Poradenstvo v oblasti firemn\u00e9ho \u00fa\u010dtovn\u00edctva<\/strong><\/h2>\n<p>Poradensk\u00e9 slu\u017eby v oblasti podnikov\u00e9ho \u00fa\u010dtovn\u00edctva s\u00fa zameran\u00e9 na zabezpe\u010denie transparentnosti a presnosti finan\u010dn\u00fdch procesov vo ve\u013ek\u00fdch \u0161trukt\u00farach. Poskytujeme finan\u010dn\u00e9 poradenstvo, ktor\u00e9 pokr\u00fdva v\u0161etky aspekty spr\u00e1vy a riadenia spolo\u010dnost\u00ed, od konsolidovan\u00e9ho v\u00fdkazn\u00edctva a\u017e po intern\u00fd audit a da\u0148ov\u00fa optimaliz\u00e1ciu.<\/p>\n<p>Na\u0161i \u0161pecialisti pon\u00fakaj\u00fa:<\/p>\n<ul class=\"ul-gray\">\n<li>audity finan\u010dn\u00fdch tokov a v\u00fdkazn\u00edctva;<\/li>\n<li>v\u00fdvoj \u0161tandardov podnikov\u00e9ho \u00fa\u010dtovn\u00edctva;<\/li>\n<li>anal\u00fdza da\u0148ov\u00fdch riz\u00edk a optimaliz\u00e1cia vlastn\u00edckej \u0161trukt\u00fary;<\/li>\n<li>podpora cezhrani\u010dn\u00fdch transakci\u00ed.<\/li>\n<\/ul>\n<p>Tento pr\u00edstup pom\u00e1ha na\u0161im klientom zv\u00fd\u0161i\u0165 d\u00f4veru investorov, zlep\u0161i\u0165 intern\u00fa koordin\u00e1ciu a vyhn\u00fa\u0165 sa chyb\u00e1m vo finan\u010dnom pl\u00e1novan\u00ed.<\/p>\n<h3><strong>Profesion\u00e1lne da\u0148ov\u00e9 a \u00fa\u010dtovn\u00e9 poradenstvo<\/strong><\/h3>\n<p>Da\u0148ov\u00e9 z\u00e1le\u017eitosti si vy\u017eaduj\u00fa presnos\u0165 a neust\u00e1le sledovanie legislat\u00edvy. N\u00e1\u0161 t\u00edm poskytuje profesion\u00e1lne poradenstvo vr\u00e1tane mzdov\u00e9ho poradenstva v Bratislave. Nemus\u00edte sa stara\u0165 o pr\u00edpravu v\u00fdkazov ani vedenie dokumentov.<\/p>\n<p>Na\u0161i odborn\u00edci poskytuj\u00fa:<\/p>\n<ul class=\"ul-gray\">\n<li>aktu\u00e1lne odpor\u00fa\u010dania t\u00fdkaj\u00face sa zmien v da\u0148ovej legislat\u00edve;<\/li>\n<li>poradenstvo v oblasti dan\u00ed z pr\u00edjmov pr\u00e1vnick\u00fdch a fyzick\u00fdch os\u00f4b;<\/li>\n<li>pomoc s medzin\u00e1rodn\u00fdmi transakciami a prevodmi kapit\u00e1lu.<\/li>\n<\/ul>\n<p>V\u010faka presn\u00fdm v\u00fdpo\u010dtom a praktick\u00fdm sk\u00fasenostiam si na\u0161i klienti m\u00f4\u017eu by\u0165 ist\u00ed stabilitou a z\u00e1konnos\u0165ou svojich finan\u010dn\u00fdch rozhodnut\u00ed.<br \/>\n[\/vc_column_text][\/vc_column][\/vc_row][vc_row content_placement=&#8221;middle&#8221; css_animation=&#8221;fadeInUp&#8221;][vc_column width=&#8221;1\/2&#8243;][vc_column_text css_animation=&#8221;fadeInLeft&#8221; css=&#8221;&#8221;]<\/p>\n<h2><strong>Slovensk\u00e9 da\u0148ov\u00e9 a \u00fa\u010dtovn\u00edcke slu\u017eby<\/strong><\/h2>\n<p>Na\u0161e slovensk\u00e9 da\u0148ov\u00e9 a \u00fa\u010dtovn\u00edcke slu\u017eby pon\u00fakaj\u00fa kompletn\u00fa \u0161k\u00e1lu profesion\u00e1lnej podpory pre podniky v\u0161etk\u00fdch ve\u013ekost\u00ed. Spolupracujeme s r\u00f4znymi spolo\u010dnos\u0165ami, od ve\u013ek\u00fdch holdingov\u00fdch spolo\u010dnost\u00ed a\u017e po mal\u00e9 podniky. Na\u0161\u00edm hlavn\u00fdm cie\u013eom je zabezpe\u010di\u0165 spo\u013eahlivos\u0165, presnos\u0165 a aktu\u00e1lnos\u0165 \u00fa\u010dtovn\u00e9ho poradenstva pre podniky.<br \/>\n[\/vc_column_text][\/vc_column][vc_column width=&#8221;1\/2&#8243;][vc_single_image image=&#8221;578&#8243; img_size=&#8221;full&#8221;][\/vc_column][\/vc_row][vc_row css_animation=&#8221;fadeInUp&#8221;][vc_column][vc_column_text css_animation=&#8221;fadeInDown&#8221; css=&#8221;&#8221;]<\/p>\n<h3>Pre\u010do si vybra\u0165 na\u0161u \u00fa\u010dtovn\u00edcko-poradensk\u00fa firmu?<\/h3>\n<p>Na\u0161a spolo\u010dnos\u0165 pon\u00faka dlhodob\u00fa spolupr\u00e1cu za v\u00fdhodn\u00fdch podmienok. S nami z\u00edskate spo\u013eahliv\u00e9ho spojenca v oblasti \u00fa\u010dtovn\u00e9ho poradenstva. Pracujeme na d\u00f4vere a sme pripraven\u00ed poskytn\u00fa\u0165 v\u00e1m finan\u010dn\u00fa stabilitu a presn\u00e9 v\u00fdpo\u010dty.[\/vc_column_text][\/vc_column][\/vc_row]<\/p>\n<\/div>","protected":false},"excerpt":{"rendered":"<p>[vc_row content_placement=&#8221;middle&#8221; css_animation=&#8221;fadeInUp&#8221;][vc_column][vc_column_text css_animation=&#8221;fadeInDown&#8221; css=&#8221;&#8221;] \u00da\u010dtovn\u00e9 poradensk\u00e9 slu\u017eby na Slovensku Modern\u00e9 podnikanie na Slovensku si vy\u017eaduje kompetentn\u00fd mana\u017ement a pochopenie poradenstva a \u00fa\u010dtovn\u00edctva AX. Na\u0161a spolo\u010dnos\u0165 pon\u00faka komplexn\u00e9 \u00fa\u010dtovn\u00e9 poradensk\u00e9 slu\u017eby, ktor\u00e9 minimalizuj\u00fa rizik\u00e1. Pom\u00e1hame podnikate\u013eom vybudova\u0165 transparentn\u00fd syst\u00e9m reportingu, ktor\u00fd zabezpe\u010d\u00ed stabiln\u00fd rast a d\u00f4veru investorov. Na\u0161e slu\u017eby pom\u00e1haj\u00fa automatizova\u0165 proces. Sme hrd\u00ed na<\/p>\n","protected":false},"author":2,"featured_media":0,"parent":0,"menu_order":0,"comment_status":"closed","ping_status":"closed","template":"","meta":{"_acf_changed":false,"footnotes":""},"class_list":["post-21807","page","type-page","status-publish","hentry"],"acf":[],"yoast_head":"<!-- This site is optimized with the Yoast SEO plugin v26.6 - https:\/\/yoast.com\/wordpress\/plugins\/seo\/ -->\n<title>\u00da\u010dtovn\u00e9 poradenstvo Slovensko<\/title>\n<meta name=\"description\" content=\"FCHAIN \u200b\u200bposkytuje profesion\u00e1lne \u00fa\u010dtovn\u00edcke poradensk\u00e9 slu\u017eby na Slovensku: da\u0148ov\u00fa optimaliz\u00e1ciu, finan\u010dn\u00e9 v\u00fdkazn\u00edctvo, compliance a obchodn\u00e9 poradenstvo. Odborn\u00e1 podpora na zlep\u0161enie efekt\u00edvnosti a zabezpe\u010denie udr\u017eate\u013en\u00e9ho rastu.\" \/>\n<meta name=\"robots\" content=\"noindex, follow, max-snippet:-1, max-image-preview:large, max-video-preview:-1\" \/>\n<meta property=\"og:locale\" content=\"sk_SK\" \/>\n<meta property=\"og:type\" content=\"article\" \/>\n<meta property=\"og:title\" content=\"\u00da\u010dtovn\u00e9 poradenstvo Slovensko\" \/>\n<meta property=\"og:description\" content=\"FCHAIN \u200b\u200bposkytuje profesion\u00e1lne \u00fa\u010dtovn\u00edcke poradensk\u00e9 slu\u017eby na Slovensku: da\u0148ov\u00fa optimaliz\u00e1ciu, finan\u010dn\u00e9 v\u00fdkazn\u00edctvo, compliance a obchodn\u00e9 poradenstvo. Odborn\u00e1 podpora na zlep\u0161enie efekt\u00edvnosti a zabezpe\u010denie udr\u017eate\u013en\u00e9ho rastu.\" \/>\n<meta property=\"og:url\" content=\"https:\/\/sk.f-chain.com\/sk\/consultations\/\" \/>\n<meta property=\"og:site_name\" content=\"Fchain\" \/>\n<meta property=\"article:modified_time\" content=\"2025-11-10T01:40:15+00:00\" \/>\n<meta name=\"twitter:card\" content=\"summary_large_image\" \/>\n<meta name=\"twitter:label1\" content=\"Est. reading time\" \/>\n\t<meta name=\"twitter:data1\" content=\"3 minutes\" \/>\n<script type=\"application\/ld+json\" class=\"yoast-schema-graph\">{\"@context\":\"https:\/\/schema.org\",\"@graph\":[{\"@type\":\"WebPage\",\"@id\":\"https:\/\/sk.f-chain.com\/sk\/consultations\/\",\"url\":\"https:\/\/sk.f-chain.com\/sk\/consultations\/\",\"name\":\"\u00da\u010dtovn\u00e9 poradenstvo Slovensko\",\"isPartOf\":{\"@id\":\"https:\/\/sk.f-chain.com\/#website\"},\"datePublished\":\"2023-02-24T11:46:33+00:00\",\"dateModified\":\"2025-11-10T01:40:15+00:00\",\"description\":\"FCHAIN \u200b\u200bposkytuje profesion\u00e1lne \u00fa\u010dtovn\u00edcke poradensk\u00e9 slu\u017eby na Slovensku: da\u0148ov\u00fa optimaliz\u00e1ciu, finan\u010dn\u00e9 v\u00fdkazn\u00edctvo, compliance a obchodn\u00e9 poradenstvo. Odborn\u00e1 podpora na zlep\u0161enie efekt\u00edvnosti a zabezpe\u010denie udr\u017eate\u013en\u00e9ho rastu.\",\"breadcrumb\":{\"@id\":\"https:\/\/sk.f-chain.com\/sk\/consultations\/#breadcrumb\"},\"inLanguage\":\"sk-SK\",\"potentialAction\":[{\"@type\":\"ReadAction\",\"target\":[\"https:\/\/sk.f-chain.com\/sk\/consultations\/\"]}]},{\"@type\":\"BreadcrumbList\",\"@id\":\"https:\/\/sk.f-chain.com\/sk\/consultations\/#breadcrumb\",\"itemListElement\":[{\"@type\":\"ListItem\",\"position\":1,\"name\":\"Home\",\"item\":\"https:\/\/sk.f-chain.com\/sk\/\"},{\"@type\":\"ListItem\",\"position\":2,\"name\":\"\u00da\u010dtovn\u00e9 poradenstvo\"}]},{\"@type\":\"WebSite\",\"@id\":\"https:\/\/sk.f-chain.com\/#website\",\"url\":\"https:\/\/sk.f-chain.com\/\",\"name\":\"Fchain\",\"description\":\"\",\"potentialAction\":[{\"@type\":\"SearchAction\",\"target\":{\"@type\":\"EntryPoint\",\"urlTemplate\":\"https:\/\/sk.f-chain.com\/?s={search_term_string}\"},\"query-input\":{\"@type\":\"PropertyValueSpecification\",\"valueRequired\":true,\"valueName\":\"search_term_string\"}}],\"inLanguage\":\"sk-SK\"}]}<\/script>\n<!-- \/ Yoast SEO plugin. -->","yoast_head_json":{"title":"\u00da\u010dtovn\u00e9 poradenstvo Slovensko","description":"FCHAIN \u200b\u200bposkytuje profesion\u00e1lne \u00fa\u010dtovn\u00edcke poradensk\u00e9 slu\u017eby na Slovensku: da\u0148ov\u00fa optimaliz\u00e1ciu, finan\u010dn\u00e9 v\u00fdkazn\u00edctvo, compliance a obchodn\u00e9 poradenstvo. Odborn\u00e1 podpora na zlep\u0161enie efekt\u00edvnosti a zabezpe\u010denie udr\u017eate\u013en\u00e9ho rastu.","robots":{"index":"noindex","follow":"follow","max-snippet":"max-snippet:-1","max-image-preview":"max-image-preview:large","max-video-preview":"max-video-preview:-1"},"og_locale":"sk_SK","og_type":"article","og_title":"\u00da\u010dtovn\u00e9 poradenstvo Slovensko","og_description":"FCHAIN \u200b\u200bposkytuje profesion\u00e1lne \u00fa\u010dtovn\u00edcke poradensk\u00e9 slu\u017eby na Slovensku: da\u0148ov\u00fa optimaliz\u00e1ciu, finan\u010dn\u00e9 v\u00fdkazn\u00edctvo, compliance a obchodn\u00e9 poradenstvo. Odborn\u00e1 podpora na zlep\u0161enie efekt\u00edvnosti a zabezpe\u010denie udr\u017eate\u013en\u00e9ho rastu.","og_url":"https:\/\/sk.f-chain.com\/sk\/consultations\/","og_site_name":"Fchain","article_modified_time":"2025-11-10T01:40:15+00:00","twitter_card":"summary_large_image","twitter_misc":{"Est. reading time":"3 minutes"},"schema":{"@context":"https:\/\/schema.org","@graph":[{"@type":"WebPage","@id":"https:\/\/sk.f-chain.com\/sk\/consultations\/","url":"https:\/\/sk.f-chain.com\/sk\/consultations\/","name":"\u00da\u010dtovn\u00e9 poradenstvo Slovensko","isPartOf":{"@id":"https:\/\/sk.f-chain.com\/#website"},"datePublished":"2023-02-24T11:46:33+00:00","dateModified":"2025-11-10T01:40:15+00:00","description":"FCHAIN \u200b\u200bposkytuje profesion\u00e1lne \u00fa\u010dtovn\u00edcke poradensk\u00e9 slu\u017eby na Slovensku: da\u0148ov\u00fa optimaliz\u00e1ciu, finan\u010dn\u00e9 v\u00fdkazn\u00edctvo, compliance a obchodn\u00e9 poradenstvo. Odborn\u00e1 podpora na zlep\u0161enie efekt\u00edvnosti a zabezpe\u010denie udr\u017eate\u013en\u00e9ho rastu.","breadcrumb":{"@id":"https:\/\/sk.f-chain.com\/sk\/consultations\/#breadcrumb"},"inLanguage":"sk-SK","potentialAction":[{"@type":"ReadAction","target":["https:\/\/sk.f-chain.com\/sk\/consultations\/"]}]},{"@type":"BreadcrumbList","@id":"https:\/\/sk.f-chain.com\/sk\/consultations\/#breadcrumb","itemListElement":[{"@type":"ListItem","position":1,"name":"Home","item":"https:\/\/sk.f-chain.com\/sk\/"},{"@type":"ListItem","position":2,"name":"\u00da\u010dtovn\u00e9 poradenstvo"}]},{"@type":"WebSite","@id":"https:\/\/sk.f-chain.com\/#website","url":"https:\/\/sk.f-chain.com\/","name":"Fchain","description":"","potentialAction":[{"@type":"SearchAction","target":{"@type":"EntryPoint","urlTemplate":"https:\/\/sk.f-chain.com\/?s={search_term_string}"},"query-input":{"@type":"PropertyValueSpecification","valueRequired":true,"valueName":"search_term_string"}}],"inLanguage":"sk-SK"}]}},"_links":{"self":[{"href":"https:\/\/sk.f-chain.com\/sk\/wp-json\/wp\/v2\/pages\/21807","targetHints":{"allow":["GET"]}}],"collection":[{"href":"https:\/\/sk.f-chain.com\/sk\/wp-json\/wp\/v2\/pages"}],"about":[{"href":"https:\/\/sk.f-chain.com\/sk\/wp-json\/wp\/v2\/types\/page"}],"author":[{"embeddable":true,"href":"https:\/\/sk.f-chain.com\/sk\/wp-json\/wp\/v2\/users\/2"}],"replies":[{"embeddable":true,"href":"https:\/\/sk.f-chain.com\/sk\/wp-json\/wp\/v2\/comments?post=21807"}],"version-history":[{"count":3,"href":"https:\/\/sk.f-chain.com\/sk\/wp-json\/wp\/v2\/pages\/21807\/revisions"}],"predecessor-version":[{"id":21841,"href":"https:\/\/sk.f-chain.com\/sk\/wp-json\/wp\/v2\/pages\/21807\/revisions\/21841"}],"wp:attachment":[{"href":"https:\/\/sk.f-chain.com\/sk\/wp-json\/wp\/v2\/media?parent=21807"}],"curies":[{"name":"wp","href":"https:\/\/api.w.org\/{rel}","templated":true}]}}