{"id":21814,"date":"2025-09-19T14:47:14","date_gmt":"2025-09-19T11:47:14","guid":{"rendered":"https:\/\/sk.f-chain.com\/accounting-recovery\/"},"modified":"2025-11-10T04:39:51","modified_gmt":"2025-11-10T01:39:51","slug":"accounting-recovery","status":"publish","type":"page","link":"https:\/\/sk.f-chain.com\/sk\/accounting-recovery\/","title":{"rendered":"Obnova \u00fa\u010dtovn\u00edctva"},"content":{"rendered":"<div class=\"wpb-content-wrapper\"><p>[vc_row css_animation=&#8221;fadeInUp&#8221;][vc_column][vc_column_text css_animation=&#8221;fadeInDown&#8221; css=&#8221;&#8221;]<\/p>\n<h2>Obnova \u00fa\u010dtovn\u00edctva<\/h2>\n<p><strong>Obnova \u00fa\u010dtovn\u00fdch z\u00e1znamov<\/strong> je d\u00f4le\u017eit\u00e1 slu\u017eba pre ka\u017ed\u00fa spolo\u010dnos\u0165. Jej \u00fa\u010delom je vnies\u0165 do \u00fa\u010dtovn\u00fdch dokumentov \u00fapln\u00fd poriadok. Nejde len o opravu ch\u00fdb, ale o z\u00e1ruku, \u017ee va\u0161e finan\u010dn\u00e9 v\u00fdkazy s\u00fa presn\u00e9 a z\u00e1konn\u00e9. V\u010dasn\u00e1 <strong>obnova \u00fa\u010dtovn\u00fdch z\u00e1znamov<\/strong> predch\u00e1dza rizik\u00e1m. V pr\u00edpade probl\u00e9mov poskytujeme komplexn\u00e9 <strong>slu\u017eby obnovy \u00fa\u010dtovn\u00fdch z\u00e1znamov<\/strong>. To pom\u00e1ha predch\u00e1dza\u0165 pokut\u00e1m a v\u00e1\u017enym pr\u00e1vnym n\u00e1sledkom pre spolo\u010dnos\u0165.[\/vc_column_text][\/vc_column][\/vc_row][vc_row content_placement=&#8221;middle&#8221; css_animation=&#8221;fadeInUp&#8221;][vc_column width=&#8221;1\/2&#8243;][vc_column_text css_animation=&#8221;fadeInLeft&#8221; css=&#8221;&#8221;]<\/p>\n<h2><strong>Audit a vym\u00e1hanie poh\u013ead\u00e1vok z \u00fa\u010dtovn\u00edctva Bratislava<\/strong><\/h2>\n<p>Pon\u00fakame kompletn\u00fd <strong>audit a obnovu \u00fa\u010dtovn\u00edctva v Bratislave<\/strong>. Tento proces zah\u0155\u0148a podrobn\u00fa kontrolu a opravu ch\u00fdb z predch\u00e1dzaj\u00facich obdob\u00ed. Toto je povinn\u00fd krok pre t\u00fdch, ktor\u00ed chc\u00fa pracova\u0165 transparentne. Na\u0161a pr\u00e1ca za\u010d\u00edna d\u00f4kladnou <strong>opravou \u00fa\u010dtovn\u00fdch ch\u00fdb<\/strong>. Okrem toho zabezpe\u010dujeme kompletn\u00fa obnovu \u00fa\u010dtovn\u00edctva pre \u00faspe\u0161n\u00e9 <strong>vym\u00e1hanie da\u0148ov\u00fdch predpisov<\/strong>. Na\u0161ou \u00falohou je obnovi\u0165 \u00fa\u010dtovn\u00e9 procesy tak, aby va\u0161a firma mala pevn\u00fd z\u00e1klad.<\/p>\n<h3><strong>Oprava \u00fa\u010dtovnej z\u00e1vierky<\/strong><\/h3>\n<p>Presn\u00e9 spr\u00e1vy s\u00fa ve\u013emi d\u00f4le\u017eit\u00e9. Postup <strong>opravy finan\u010dn\u00fdch v\u00fdkazov<\/strong> je nevyhnutn\u00fd na opravu d\u00f4le\u017eit\u00fdch ch\u00fdb v u\u017e predlo\u017een\u00fdch spr\u00e1vach. Bez toho nie je mo\u017en\u00e9 profesion\u00e1lne <strong>finan\u010dn\u00e9 ozdravenie a \u00fa\u010dtovn\u00edctvo<\/strong>. Monitorujeme presnos\u0165 \u00fadajov, \u010do pom\u00e1ha mana\u017ementu robi\u0165 spr\u00e1vne rozhodnutia. Okrem toho pon\u00fakame <strong>poradenstvo v oblasti miezd v Bratislave<\/strong>, aby sme zabezpe\u010dili presnos\u0165 v\u0161etk\u00fdch v\u00fdpo\u010dtov zamestnancov.[\/vc_column_text][\/vc_column][vc_column width=&#8221;1\/2&#8243;][vc_single_image image=&#8221;1018&#8243; img_size=&#8221;full&#8221;][\/vc_column][\/vc_row][vc_row content_placement=&#8221;middle&#8221; css_animation=&#8221;fadeInUp&#8221;][vc_column width=&#8221;1\/2&#8243;][vc_single_image image=&#8221;915&#8243; img_size=&#8221;full&#8221;][\/vc_column][vc_column width=&#8221;1\/2&#8243;][vc_column_text css_animation=&#8221;fadeInRight&#8221; css=&#8221;&#8221;]<\/p>\n<h2><strong>Odborn\u00edci na obnovu \u00fa\u010dtovn\u00fdch poh\u013ead\u00e1vok FCHAIN<\/strong><\/h2>\n<p>Na\u0161i odborn\u00edci poskytuj\u00fa vysokokvalitn\u00fa pomoc s <strong>obnovou \u00fa\u010dtovn\u00edctva firiem na Slovensku<\/strong>. N\u00e1\u0161 t\u00edm pou\u017e\u00edva overen\u00e9 met\u00f3dy na r\u00fdchlu obnovu \u00fa\u010dtovn\u00edctva a minimaliz\u00e1ciu dopadu minul\u00fdch probl\u00e9mov.<\/p>\n<p>Na\u0161e k\u013e\u00fa\u010dov\u00e9 f\u00e1zy <strong>obnovy \u00fa\u010dtovn\u00fdch z\u00e1ruk<\/strong>:<\/p>\n<ul class=\"ul-gray\">\n<li>anal\u00fdza s\u00fa\u010dasn\u00e9ho stavu \u00fa\u010dtovn\u00edctva (expresn\u00fd audit);<\/li>\n<li>systematiz\u00e1cia prim\u00e1rnej dokument\u00e1cie;<\/li>\n<li>\u00faprava dan\u00ed a vyrovnania s partnermi;<\/li>\n<li>pr\u00edprava presn\u00fdch a spo\u013eahliv\u00fdch finan\u010dn\u00fdch v\u00fdkazov;<\/li>\n<li>implement\u00e1cia intern\u00fdch pravidiel na predch\u00e1dzanie nov\u00fdm chyb\u00e1m.<\/li>\n<\/ul>\n<p>Poskytujeme profesion\u00e1lne <strong>finan\u010dn\u00e9 poradenstvo<\/strong> a <strong>poradenstvo v oblasti podnikov\u00fdch financi\u00ed<\/strong>, \u010d\u00edm pom\u00e1hame spolo\u010dnostiam sta\u0165 sa silnej\u0161\u00edmi.<\/p>\n<h3><strong>Finan\u010dn\u00e1 rekon\u0161trukcia spolo\u010dnosti<\/strong><\/h3>\n<p>Ak spolo\u010dnos\u0165 \u010del\u00ed v\u00e1\u017enym syst\u00e9mov\u00fdm probl\u00e9mom, je potrebn\u00e1 <strong>finan\u010dn\u00e1 re\u0161trukturaliz\u00e1cia spolo\u010dnosti<\/strong>. Ide o h\u013abkovej\u0161iu pr\u00e1cu ne\u017e len <strong>o korekciu finan\u010dn\u00fdch v\u00fdkazov<\/strong> \u2013 ide o strategick\u00fa re\u0161trukturaliz\u00e1ciu cel\u00e9ho finan\u010dn\u00e9ho syst\u00e9mu. Na\u0161ou \u00falohou nie je len vykona\u0165 <strong>finan\u010dn\u00e9 ozdravenie a \u00fa\u010dtovn\u00edctvo<\/strong>, ale aj vytvori\u0165 udr\u017eate\u013en\u00fd model. Zabezpe\u010dujeme kompletn\u00e9 <strong>ozdravenie podnikov\u00e9ho \u00fa\u010dtovn\u00edctva<\/strong>, \u010d\u00edm spolo\u010dnos\u0165 pos\u00favame na nov\u00fa \u00farove\u0148 efekt\u00edvnosti.[\/vc_column_text][\/vc_column][\/vc_row][vc_row][vc_column][vc_column_text css_animation=&#8221;fadeInUp&#8221; css=&#8221;&#8221;]Finan\u010dn\u00e9 ozdravenie nie je len o n\u00e1prave minul\u00fdch ch\u00fdb; je to invest\u00edcia do va\u0161ej bud\u00facnosti. Profesion\u00e1lne <strong>\u00fa\u010dtovn\u00e9 ozdravenie<\/strong> v\u00e1m d\u00e1va istotu v \u010d\u00edslach a umo\u017e\u0148uje v\u00e1m s\u00fastredi\u0165 sa na rast v\u00e1\u0161ho podnikania. Neodkladajte rie\u0161enie finan\u010dn\u00fdch probl\u00e9mov, aby va\u0161e podnikanie v\u017edy fungovalo stabilne a leg\u00e1lne.[\/vc_column_text][\/vc_column][\/vc_row]<\/p>\n<\/div>","protected":false},"excerpt":{"rendered":"<p>[vc_row css_animation=&#8221;fadeInUp&#8221;][vc_column][vc_column_text css_animation=&#8221;fadeInDown&#8221; css=&#8221;&#8221;] Obnova \u00fa\u010dtovn\u00edctva Obnova \u00fa\u010dtovn\u00fdch z\u00e1znamov je d\u00f4le\u017eit\u00e1 slu\u017eba pre ka\u017ed\u00fa spolo\u010dnos\u0165. Jej \u00fa\u010delom je vnies\u0165 do \u00fa\u010dtovn\u00fdch dokumentov \u00fapln\u00fd poriadok. Nejde len o opravu ch\u00fdb, ale o z\u00e1ruku, \u017ee va\u0161e finan\u010dn\u00e9 v\u00fdkazy s\u00fa presn\u00e9 a z\u00e1konn\u00e9. V\u010dasn\u00e1 obnova \u00fa\u010dtovn\u00fdch z\u00e1znamov predch\u00e1dza rizik\u00e1m. V pr\u00edpade probl\u00e9mov poskytujeme komplexn\u00e9 slu\u017eby obnovy \u00fa\u010dtovn\u00fdch z\u00e1znamov.<\/p>\n","protected":false},"author":2,"featured_media":0,"parent":0,"menu_order":0,"comment_status":"closed","ping_status":"closed","template":"","meta":{"_acf_changed":false,"footnotes":""},"class_list":["post-21814","page","type-page","status-publish","hentry"],"acf":[],"yoast_head":"<!-- This site is optimized with the Yoast SEO plugin v26.6 - https:\/\/yoast.com\/wordpress\/plugins\/seo\/ -->\n<title>Obnova \u00fa\u010dtovn\u00fdch z\u00e1ruk na Slovensku so spolo\u010dnos\u0165ou FCHAIN<\/title>\n<meta name=\"description\" content=\"Komplexn\u00e9 rie\u0161enia pre obnovu \u00fa\u010dtovn\u00fdch z\u00e1vad pre slovensk\u00e9 firmy so \u0161pecialistami zo spolo\u010dnosti FCHAIN.\" \/>\n<meta name=\"robots\" content=\"noindex, follow, max-snippet:-1, max-image-preview:large, max-video-preview:-1\" \/>\n<meta property=\"og:locale\" content=\"sk_SK\" \/>\n<meta property=\"og:type\" content=\"article\" \/>\n<meta property=\"og:title\" content=\"Obnova \u00fa\u010dtovn\u00fdch z\u00e1ruk na Slovensku so spolo\u010dnos\u0165ou FCHAIN\" \/>\n<meta property=\"og:description\" content=\"Komplexn\u00e9 rie\u0161enia pre obnovu \u00fa\u010dtovn\u00fdch z\u00e1vad pre slovensk\u00e9 firmy so \u0161pecialistami zo spolo\u010dnosti FCHAIN.\" \/>\n<meta property=\"og:url\" content=\"https:\/\/sk.f-chain.com\/sk\/accounting-recovery\/\" \/>\n<meta property=\"og:site_name\" content=\"Fchain\" \/>\n<meta property=\"article:modified_time\" content=\"2025-11-10T01:39:51+00:00\" \/>\n<meta name=\"twitter:card\" content=\"summary_large_image\" \/>\n<meta name=\"twitter:label1\" content=\"Est. reading time\" \/>\n\t<meta name=\"twitter:data1\" content=\"2 minutes\" \/>\n<script type=\"application\/ld+json\" class=\"yoast-schema-graph\">{\"@context\":\"https:\/\/schema.org\",\"@graph\":[{\"@type\":\"WebPage\",\"@id\":\"https:\/\/sk.f-chain.com\/sk\/accounting-recovery\/\",\"url\":\"https:\/\/sk.f-chain.com\/sk\/accounting-recovery\/\",\"name\":\"Obnova \u00fa\u010dtovn\u00fdch z\u00e1ruk na Slovensku so spolo\u010dnos\u0165ou FCHAIN\",\"isPartOf\":{\"@id\":\"https:\/\/sk.f-chain.com\/#website\"},\"datePublished\":\"2025-09-19T11:47:14+00:00\",\"dateModified\":\"2025-11-10T01:39:51+00:00\",\"description\":\"Komplexn\u00e9 rie\u0161enia pre obnovu \u00fa\u010dtovn\u00fdch z\u00e1vad pre slovensk\u00e9 firmy so \u0161pecialistami zo spolo\u010dnosti FCHAIN.\",\"breadcrumb\":{\"@id\":\"https:\/\/sk.f-chain.com\/sk\/accounting-recovery\/#breadcrumb\"},\"inLanguage\":\"sk-SK\",\"potentialAction\":[{\"@type\":\"ReadAction\",\"target\":[\"https:\/\/sk.f-chain.com\/sk\/accounting-recovery\/\"]}]},{\"@type\":\"BreadcrumbList\",\"@id\":\"https:\/\/sk.f-chain.com\/sk\/accounting-recovery\/#breadcrumb\",\"itemListElement\":[{\"@type\":\"ListItem\",\"position\":1,\"name\":\"Home\",\"item\":\"https:\/\/sk.f-chain.com\/sk\/\"},{\"@type\":\"ListItem\",\"position\":2,\"name\":\"Obnova \u00fa\u010dtovn\u00edctva\"}]},{\"@type\":\"WebSite\",\"@id\":\"https:\/\/sk.f-chain.com\/#website\",\"url\":\"https:\/\/sk.f-chain.com\/\",\"name\":\"Fchain\",\"description\":\"\",\"potentialAction\":[{\"@type\":\"SearchAction\",\"target\":{\"@type\":\"EntryPoint\",\"urlTemplate\":\"https:\/\/sk.f-chain.com\/?s={search_term_string}\"},\"query-input\":{\"@type\":\"PropertyValueSpecification\",\"valueRequired\":true,\"valueName\":\"search_term_string\"}}],\"inLanguage\":\"sk-SK\"}]}<\/script>\n<!-- \/ Yoast SEO plugin. -->","yoast_head_json":{"title":"Obnova \u00fa\u010dtovn\u00fdch z\u00e1ruk na Slovensku so spolo\u010dnos\u0165ou FCHAIN","description":"Komplexn\u00e9 rie\u0161enia pre obnovu \u00fa\u010dtovn\u00fdch z\u00e1vad pre slovensk\u00e9 firmy so \u0161pecialistami zo spolo\u010dnosti FCHAIN.","robots":{"index":"noindex","follow":"follow","max-snippet":"max-snippet:-1","max-image-preview":"max-image-preview:large","max-video-preview":"max-video-preview:-1"},"og_locale":"sk_SK","og_type":"article","og_title":"Obnova \u00fa\u010dtovn\u00fdch z\u00e1ruk na Slovensku so spolo\u010dnos\u0165ou FCHAIN","og_description":"Komplexn\u00e9 rie\u0161enia pre obnovu \u00fa\u010dtovn\u00fdch z\u00e1vad pre slovensk\u00e9 firmy so \u0161pecialistami zo spolo\u010dnosti FCHAIN.","og_url":"https:\/\/sk.f-chain.com\/sk\/accounting-recovery\/","og_site_name":"Fchain","article_modified_time":"2025-11-10T01:39:51+00:00","twitter_card":"summary_large_image","twitter_misc":{"Est. reading time":"2 minutes"},"schema":{"@context":"https:\/\/schema.org","@graph":[{"@type":"WebPage","@id":"https:\/\/sk.f-chain.com\/sk\/accounting-recovery\/","url":"https:\/\/sk.f-chain.com\/sk\/accounting-recovery\/","name":"Obnova \u00fa\u010dtovn\u00fdch z\u00e1ruk na Slovensku so spolo\u010dnos\u0165ou FCHAIN","isPartOf":{"@id":"https:\/\/sk.f-chain.com\/#website"},"datePublished":"2025-09-19T11:47:14+00:00","dateModified":"2025-11-10T01:39:51+00:00","description":"Komplexn\u00e9 rie\u0161enia pre obnovu \u00fa\u010dtovn\u00fdch z\u00e1vad pre slovensk\u00e9 firmy so \u0161pecialistami zo spolo\u010dnosti FCHAIN.","breadcrumb":{"@id":"https:\/\/sk.f-chain.com\/sk\/accounting-recovery\/#breadcrumb"},"inLanguage":"sk-SK","potentialAction":[{"@type":"ReadAction","target":["https:\/\/sk.f-chain.com\/sk\/accounting-recovery\/"]}]},{"@type":"BreadcrumbList","@id":"https:\/\/sk.f-chain.com\/sk\/accounting-recovery\/#breadcrumb","itemListElement":[{"@type":"ListItem","position":1,"name":"Home","item":"https:\/\/sk.f-chain.com\/sk\/"},{"@type":"ListItem","position":2,"name":"Obnova \u00fa\u010dtovn\u00edctva"}]},{"@type":"WebSite","@id":"https:\/\/sk.f-chain.com\/#website","url":"https:\/\/sk.f-chain.com\/","name":"Fchain","description":"","potentialAction":[{"@type":"SearchAction","target":{"@type":"EntryPoint","urlTemplate":"https:\/\/sk.f-chain.com\/?s={search_term_string}"},"query-input":{"@type":"PropertyValueSpecification","valueRequired":true,"valueName":"search_term_string"}}],"inLanguage":"sk-SK"}]}},"_links":{"self":[{"href":"https:\/\/sk.f-chain.com\/sk\/wp-json\/wp\/v2\/pages\/21814","targetHints":{"allow":["GET"]}}],"collection":[{"href":"https:\/\/sk.f-chain.com\/sk\/wp-json\/wp\/v2\/pages"}],"about":[{"href":"https:\/\/sk.f-chain.com\/sk\/wp-json\/wp\/v2\/types\/page"}],"author":[{"embeddable":true,"href":"https:\/\/sk.f-chain.com\/sk\/wp-json\/wp\/v2\/users\/2"}],"replies":[{"embeddable":true,"href":"https:\/\/sk.f-chain.com\/sk\/wp-json\/wp\/v2\/comments?post=21814"}],"version-history":[{"count":3,"href":"https:\/\/sk.f-chain.com\/sk\/wp-json\/wp\/v2\/pages\/21814\/revisions"}],"predecessor-version":[{"id":21840,"href":"https:\/\/sk.f-chain.com\/sk\/wp-json\/wp\/v2\/pages\/21814\/revisions\/21840"}],"wp:attachment":[{"href":"https:\/\/sk.f-chain.com\/sk\/wp-json\/wp\/v2\/media?parent=21814"}],"curies":[{"name":"wp","href":"https:\/\/api.w.org\/{rel}","templated":true}]}}