{"id":21827,"date":"2023-02-24T14:49:12","date_gmt":"2023-02-24T11:49:12","guid":{"rendered":"https:\/\/sk.f-chain.com\/registration-of-companies-and-individual-entrepreneurs\/"},"modified":"2025-11-10T04:39:00","modified_gmt":"2025-11-10T01:39:00","slug":"registration-of-companies-and-individual-entrepreneurs","status":"publish","type":"page","link":"https:\/\/sk.f-chain.com\/sk\/registration-of-companies-and-individual-entrepreneurs\/","title":{"rendered":"Registr\u00e1cia spolo\u010dnosti"},"content":{"rendered":"<div class=\"wpb-content-wrapper\"><p>[vc_row content_placement=&#8221;middle&#8221; css_animation=&#8221;fadeInUp&#8221;][vc_column][vc_column_text css_animation=&#8221;fadeInDown&#8221; css=&#8221;&#8221;]<\/p>\n<h2>Company registration in Slovakia<\/h2>\n<p>Zakladanie spolo\u010dnost\u00ed na Slovensku l\u00e1ka podnikate\u013eov svojou stabilnou ekonomikou E\u00da a n\u00edzkymi da\u0148ami. Ako odborn\u00edci na zakladanie podnikov v\u00e1m vieme pom\u00f4c\u0165 zorientova\u0165 sa v nuans\u00e1ch. Registr\u00e1cia spolo\u010dnosti je tu pre cudzincov zjednodu\u0161en\u00e1 s minim\u00e1lnymi byrokratick\u00fdmi prek\u00e1\u017ekami. Proces zah\u0155\u0148a v\u00fdber obchodnej formy a dodr\u017eiavanie miestnych predpisov.<br \/>\n[\/vc_column_text][\/vc_column][\/vc_row][vc_row content_placement=&#8221;middle&#8221; css_animation=&#8221;fadeInUp&#8221;][vc_column width=&#8221;1\/2&#8243;][vc_column_text css_animation=&#8221;fadeInLeft&#8221; css=&#8221;&#8221;]<\/p>\n<h2>Zakladanie spolo\u010dnost\u00ed pre cudzincov a \u0161pecifik\u00e1 procesu<\/h2>\n<p>Zahrani\u010dn\u00ed investori akt\u00edvne vyu\u017e\u00edvaj\u00fa pr\u00edle\u017eitosti Slovenska na expanziu. Proces zakladania spolo\u010dnost\u00ed pre cudzincov je zjednodu\u0161en\u00fd a umo\u017e\u0148uje zalo\u017eenie spolo\u010dnost\u00ed aj nerezidentom. Existuj\u00fa v\u0161ak ur\u010dit\u00e9 nuansy. Preto by najlep\u0161\u00edm rie\u0161en\u00edm bolo kontaktova\u0165 n\u00e1s. Pr\u00e1vnici FCHAIN poznaj\u00fa v\u0161etky detaily registr\u00e1cie zahrani\u010dn\u00fdch firiem a s touto ot\u00e1zkou v\u00e1m pom\u00f4\u017eu.<\/p>\n<h3>F\u00e1zy zalo\u017eenia spolo\u010dnosti na Slovensku<\/h3>\n<p>Zalo\u017eenie spolo\u010dnosti za\u010d\u00edna pr\u00edpravou zakladaj\u00facich dokumentov. Zalo\u017eenie spolo\u010dnosti na Slovensku trv\u00e1 4 a\u017e 14 dn\u00ed v z\u00e1vislosti od vy\u0165a\u017eenosti \u0161t\u00e1tnych org\u00e1nov a spr\u00e1vnosti dokument\u00e1cie. Podrobn\u00fd n\u00e1vod na registr\u00e1ciu spolo\u010dnosti pozost\u00e1va z nieko\u013ek\u00fdch f\u00e1z:<\/p>\n<ol class=\"ul-gray\">\n<li>Pripravte zakladaciu listinu a zakladaciu zmluvu.<\/li>\n<li>Vlo\u017ete na \u00fa\u010det minim\u00e1lny kapit\u00e1l.<\/li>\n<li>Z\u00edskajte obchodn\u00e9 povolenie od okresn\u00e9ho s\u00fadu.<\/li>\n<li>Zaregistrujte spolo\u010dnos\u0165 na da\u0148ovom \u00farade.<\/li>\n<li>Otvorte si firemn\u00fd bankov\u00fd \u00fa\u010det.<\/li>\n<\/ol>\n<p>\u0160pecialisti na\u0161ej spolo\u010dnosti v\u00e1m poradia, ako zaregistrova\u0165 spolo\u010dnos\u0165 v s\u00falade so v\u0161etk\u00fdmi predpismi. Kontaktovan\u00edm najlep\u0161\u00edch pr\u00e1vnych poradcov pre registr\u00e1ciu podnikov m\u00f4\u017eete minimalizova\u0165 po\u010det ch\u00fdb a riz\u00edk.[\/vc_column_text][\/vc_column][vc_column width=&#8221;1\/2&#8243;][vc_single_image image=&#8221;5168&#8243; img_size=&#8221;full&#8221;][\/vc_column][\/vc_row][vc_row css_animation=&#8221;fadeInUp&#8221;][vc_column][vc_column_text css_animation=&#8221;fadeInUp&#8221; css=&#8221;&#8221;]<\/p>\n<h2>Typy a \u0161trukt\u00fary slovensk\u00fdch spolo\u010dnost\u00ed<\/h2>\n<p>Na Slovensku v\u00e1m rozmanitos\u0165 obchodn\u00fdch foriem umo\u017e\u0148uje vybra\u0165 si najlep\u0161iu mo\u017enos\u0165 pre zalo\u017eenie spolo\u010dnosti. Medzi slovensk\u00e9 typy a \u0161trukt\u00fary spolo\u010dnost\u00ed patria s.r.o. (s.r.o.), akciov\u00e9 spolo\u010dnosti a partnerstv\u00e1. Typy spolo\u010dnost\u00ed, ktor\u00e9 m\u00f4\u017eete zaregistrova\u0165, z\u00e1visia od ich rozsahu. Napr\u00edklad s.r.o. je vhodn\u00e1 pre mal\u00fd podnik s kapit\u00e1lom 5 000 EUR.<\/p>\n<p>Odborn\u00e1 anal\u00fdza ukazuje v\u00fdhody ka\u017edej formy. Registr\u00e1cia spolo\u010dnosti sa zameriava na pr\u00e1vne a da\u0148ov\u00e9 po\u017eiadavky na zalo\u017eenie podniku s oh\u013eadom na normy E\u00da. Zalo\u017eenie podniku na Slovensku je v\u00fdhodn\u00e9 v\u010faka 21 % sadzbe dane z pr\u00edjmov pr\u00e1vnick\u00fdch os\u00f4b. Zalo\u017eenie spolo\u010dnosti je mo\u017en\u00e9 aj pre individu\u00e1lnych podnikate\u013eov.<\/p>\n<h3>Pr\u00e1vne po\u017eiadavky na zakladanie spolo\u010dnost\u00ed<\/h3>\n<p>Pr\u00e1vne po\u017eiadavky s\u00fa pr\u00edsne, ale uskuto\u010dnite\u013en\u00e9. Je d\u00f4le\u017eit\u00e9 dodr\u017eiava\u0165 z\u00e1konn\u00e9 po\u017eiadavky na zakladanie spolo\u010dnost\u00ed, inak m\u00f4\u017eu nasta\u0165 probl\u00e9my. Mus\u00edte si pripravi\u0165: dokumenty pre zakladate\u013eov a riadite\u013eov (pasy, doklad o adrese), tri mo\u017enosti n\u00e1zvu spolo\u010dnosti, podrobn\u00fd popis \u010dinnost\u00ed, podnikate\u013esk\u00fd pl\u00e1n, da\u0148ov\u00e9 priznania (pre slovensk\u00fdch obyvate\u013eov), ako aj adresu s\u00eddla na Slovensku. Je d\u00f4le\u017eit\u00e9, aby jeden z riadite\u013eov bol obyvate\u013eom Slovenska alebo mal povolenie na pobyt. Dodr\u017eiavanie v\u0161etk\u00fdch predpisov vr\u00e1tane registr\u00e1cie pre DPH a da\u0148ov\u00fdch predpisov pre nov\u00e9 spolo\u010dnosti je ve\u013emi d\u00f4le\u017eit\u00e9.<\/p>\n<p>K\u013e\u00fa\u010dov\u00e9 aspekty zakladania spolo\u010dnosti, ktor\u00fdm treba venova\u0165 pozornos\u0165:<\/p>\n<ol class=\"ul-gray\">\n<li>Minim\u00e1lny kapit\u00e1l pre spolo\u010dnos\u0165 s ru\u010den\u00edm obmedzen\u00fdm je 5 000 EUR.<\/li>\n<li>Zakladatelia: 1 a\u017e 50 os\u00f4b.<\/li>\n<li>Adresa: s\u00eddlo spolo\u010dnosti na Slovensku.<\/li>\n<li>Licencie: pre regulovan\u00e9 \u010dinnosti.<\/li>\n<li>Dane: registr\u00e1cia na Finan\u010dnej spr\u00e1ve.<\/li>\n<\/ol>\n<p>[\/vc_column_text][\/vc_column][\/vc_row][vc_row content_placement=&#8221;middle&#8221; css_animation=&#8221;fadeInUp&#8221;][vc_column width=&#8221;1\/2&#8243;][vc_single_image image=&#8221;5170&#8243; img_size=&#8221;full&#8221;][\/vc_column][vc_column width=&#8221;1\/2&#8243;][vc_column_text css_animation=&#8221;fadeInRight&#8221; css=&#8221;&#8221;]<\/p>\n<h2>Proces registr\u00e1cie firmy<\/h2>\n<p>K\u013e\u00fa\u010dov\u00fd moment. Tu je potrebn\u00e9 zoh\u013eadni\u0165 v\u0161etky nuansy. Samotn\u00e1 registr\u00e1cia spolo\u010dnosti je relat\u00edvne lacn\u00fd proces. Ko\u013eko stoj\u00ed registr\u00e1cia spolo\u010dnosti? Od 500 eur pre \u017eivnostn\u00edka a od 2 500 eur pre spolo\u010dnos\u0165 s ru\u010den\u00edm obmedzen\u00fdm. Zakladanie spolo\u010dnosti v hlavnom meste je zjednodu\u0161en\u00e9: firmu m\u00f4\u017eete zaregistrova\u0165 v Bratislave prostredn\u00edctvom miestnych \u00faradov. Registr\u00e1cia spolo\u010dnosti sa dokon\u010d\u00ed po doru\u010den\u00ed v\u00fdpisu z registra. Registr\u00e1cia spolo\u010dnosti poskytuje pr\u00edstup na trh E\u00da.[\/vc_column_text][\/vc_column][\/vc_row][vc_row css_animation=&#8221;fadeInUp&#8221;][vc_column][vc_column_text css_animation=&#8221;fadeInUp&#8221; css=&#8221;&#8221;][\/vc_column_text][\/vc_column][\/vc_row]<\/p>\n<\/div>","protected":false},"excerpt":{"rendered":"<p>[vc_row content_placement=&#8221;middle&#8221; css_animation=&#8221;fadeInUp&#8221;][vc_column][vc_column_text css_animation=&#8221;fadeInDown&#8221; css=&#8221;&#8221;] Company registration in Slovakia Zakladanie spolo\u010dnost\u00ed na Slovensku l\u00e1ka podnikate\u013eov svojou stabilnou ekonomikou E\u00da a n\u00edzkymi da\u0148ami. Ako odborn\u00edci na zakladanie podnikov v\u00e1m vieme pom\u00f4c\u0165 zorientova\u0165 sa v nuans\u00e1ch. Registr\u00e1cia spolo\u010dnosti je tu pre cudzincov zjednodu\u0161en\u00e1 s minim\u00e1lnymi byrokratick\u00fdmi prek\u00e1\u017ekami. Proces zah\u0155\u0148a v\u00fdber obchodnej formy a dodr\u017eiavanie miestnych predpisov. [\/vc_column_text][\/vc_column][\/vc_row][vc_row<\/p>\n","protected":false},"author":2,"featured_media":0,"parent":0,"menu_order":0,"comment_status":"closed","ping_status":"closed","template":"","meta":{"_acf_changed":false,"footnotes":""},"class_list":["post-21827","page","type-page","status-publish","hentry"],"acf":[],"yoast_head":"<!-- This site is optimized with the Yoast SEO plugin v26.6 - https:\/\/yoast.com\/wordpress\/plugins\/seo\/ -->\n<title>Registr\u00e1cia spolo\u010dnosti na Slovensku | FCHAIN \u200b\u200b\u2013 Zalo\u017eenie firmy a pr\u00e1vna podpora<\/title>\n<meta name=\"description\" content=\"FCHAIN \u200b\u200bposkytuje kompletn\u00fa podporu pri registr\u00e1cii spolo\u010dnost\u00ed na Slovensku: zalo\u017eenie podniku, dodr\u017eiavanie pr\u00e1vnych predpisov, da\u0148ov\u00e9 poradenstvo a priebe\u017en\u00e9 poradenstvo. Za\u010dnite a rozv\u00edjajte svoje podnikanie na Slovensku s d\u00f4verou.\" \/>\n<meta name=\"robots\" content=\"noindex, follow, max-snippet:-1, max-image-preview:large, max-video-preview:-1\" \/>\n<meta property=\"og:locale\" content=\"sk_SK\" \/>\n<meta property=\"og:type\" content=\"article\" \/>\n<meta property=\"og:title\" content=\"Registr\u00e1cia spolo\u010dnosti na Slovensku | FCHAIN \u200b\u200b\u2013 Zalo\u017eenie firmy a pr\u00e1vna podpora\" \/>\n<meta property=\"og:description\" content=\"FCHAIN \u200b\u200bposkytuje kompletn\u00fa podporu pri registr\u00e1cii spolo\u010dnost\u00ed na Slovensku: zalo\u017eenie podniku, dodr\u017eiavanie pr\u00e1vnych predpisov, da\u0148ov\u00e9 poradenstvo a priebe\u017en\u00e9 poradenstvo. Za\u010dnite a rozv\u00edjajte svoje podnikanie na Slovensku s d\u00f4verou.\" \/>\n<meta property=\"og:url\" content=\"https:\/\/sk.f-chain.com\/sk\/registration-of-companies-and-individual-entrepreneurs\/\" \/>\n<meta property=\"og:site_name\" content=\"Fchain\" \/>\n<meta property=\"article:modified_time\" content=\"2025-11-10T01:39:00+00:00\" \/>\n<meta name=\"twitter:card\" content=\"summary_large_image\" \/>\n<meta name=\"twitter:label1\" content=\"Est. reading time\" \/>\n\t<meta name=\"twitter:data1\" content=\"3 minutes\" \/>\n<script type=\"application\/ld+json\" class=\"yoast-schema-graph\">{\"@context\":\"https:\/\/schema.org\",\"@graph\":[{\"@type\":\"WebPage\",\"@id\":\"https:\/\/sk.f-chain.com\/sk\/registration-of-companies-and-individual-entrepreneurs\/\",\"url\":\"https:\/\/sk.f-chain.com\/sk\/registration-of-companies-and-individual-entrepreneurs\/\",\"name\":\"Registr\u00e1cia spolo\u010dnosti na Slovensku | FCHAIN \u200b\u200b\u2013 Zalo\u017eenie firmy a pr\u00e1vna podpora\",\"isPartOf\":{\"@id\":\"https:\/\/sk.f-chain.com\/#website\"},\"datePublished\":\"2023-02-24T11:49:12+00:00\",\"dateModified\":\"2025-11-10T01:39:00+00:00\",\"description\":\"FCHAIN \u200b\u200bposkytuje kompletn\u00fa podporu pri registr\u00e1cii spolo\u010dnost\u00ed na Slovensku: zalo\u017eenie podniku, dodr\u017eiavanie pr\u00e1vnych predpisov, da\u0148ov\u00e9 poradenstvo a priebe\u017en\u00e9 poradenstvo. Za\u010dnite a rozv\u00edjajte svoje podnikanie na Slovensku s d\u00f4verou.\",\"breadcrumb\":{\"@id\":\"https:\/\/sk.f-chain.com\/sk\/registration-of-companies-and-individual-entrepreneurs\/#breadcrumb\"},\"inLanguage\":\"sk-SK\",\"potentialAction\":[{\"@type\":\"ReadAction\",\"target\":[\"https:\/\/sk.f-chain.com\/sk\/registration-of-companies-and-individual-entrepreneurs\/\"]}]},{\"@type\":\"BreadcrumbList\",\"@id\":\"https:\/\/sk.f-chain.com\/sk\/registration-of-companies-and-individual-entrepreneurs\/#breadcrumb\",\"itemListElement\":[{\"@type\":\"ListItem\",\"position\":1,\"name\":\"Home\",\"item\":\"https:\/\/sk.f-chain.com\/sk\/\"},{\"@type\":\"ListItem\",\"position\":2,\"name\":\"Registr\u00e1cia spolo\u010dnosti\"}]},{\"@type\":\"WebSite\",\"@id\":\"https:\/\/sk.f-chain.com\/#website\",\"url\":\"https:\/\/sk.f-chain.com\/\",\"name\":\"Fchain\",\"description\":\"\",\"potentialAction\":[{\"@type\":\"SearchAction\",\"target\":{\"@type\":\"EntryPoint\",\"urlTemplate\":\"https:\/\/sk.f-chain.com\/?s={search_term_string}\"},\"query-input\":{\"@type\":\"PropertyValueSpecification\",\"valueRequired\":true,\"valueName\":\"search_term_string\"}}],\"inLanguage\":\"sk-SK\"}]}<\/script>\n<!-- \/ Yoast SEO plugin. -->","yoast_head_json":{"title":"Registr\u00e1cia spolo\u010dnosti na Slovensku | FCHAIN \u200b\u200b\u2013 Zalo\u017eenie firmy a pr\u00e1vna podpora","description":"FCHAIN \u200b\u200bposkytuje kompletn\u00fa podporu pri registr\u00e1cii spolo\u010dnost\u00ed na Slovensku: zalo\u017eenie podniku, dodr\u017eiavanie pr\u00e1vnych predpisov, da\u0148ov\u00e9 poradenstvo a priebe\u017en\u00e9 poradenstvo. Za\u010dnite a rozv\u00edjajte svoje podnikanie na Slovensku s d\u00f4verou.","robots":{"index":"noindex","follow":"follow","max-snippet":"max-snippet:-1","max-image-preview":"max-image-preview:large","max-video-preview":"max-video-preview:-1"},"og_locale":"sk_SK","og_type":"article","og_title":"Registr\u00e1cia spolo\u010dnosti na Slovensku | FCHAIN \u200b\u200b\u2013 Zalo\u017eenie firmy a pr\u00e1vna podpora","og_description":"FCHAIN \u200b\u200bposkytuje kompletn\u00fa podporu pri registr\u00e1cii spolo\u010dnost\u00ed na Slovensku: zalo\u017eenie podniku, dodr\u017eiavanie pr\u00e1vnych predpisov, da\u0148ov\u00e9 poradenstvo a priebe\u017en\u00e9 poradenstvo. Za\u010dnite a rozv\u00edjajte svoje podnikanie na Slovensku s d\u00f4verou.","og_url":"https:\/\/sk.f-chain.com\/sk\/registration-of-companies-and-individual-entrepreneurs\/","og_site_name":"Fchain","article_modified_time":"2025-11-10T01:39:00+00:00","twitter_card":"summary_large_image","twitter_misc":{"Est. reading time":"3 minutes"},"schema":{"@context":"https:\/\/schema.org","@graph":[{"@type":"WebPage","@id":"https:\/\/sk.f-chain.com\/sk\/registration-of-companies-and-individual-entrepreneurs\/","url":"https:\/\/sk.f-chain.com\/sk\/registration-of-companies-and-individual-entrepreneurs\/","name":"Registr\u00e1cia spolo\u010dnosti na Slovensku | FCHAIN \u200b\u200b\u2013 Zalo\u017eenie firmy a pr\u00e1vna podpora","isPartOf":{"@id":"https:\/\/sk.f-chain.com\/#website"},"datePublished":"2023-02-24T11:49:12+00:00","dateModified":"2025-11-10T01:39:00+00:00","description":"FCHAIN \u200b\u200bposkytuje kompletn\u00fa podporu pri registr\u00e1cii spolo\u010dnost\u00ed na Slovensku: zalo\u017eenie podniku, dodr\u017eiavanie pr\u00e1vnych predpisov, da\u0148ov\u00e9 poradenstvo a priebe\u017en\u00e9 poradenstvo. Za\u010dnite a rozv\u00edjajte svoje podnikanie na Slovensku s d\u00f4verou.","breadcrumb":{"@id":"https:\/\/sk.f-chain.com\/sk\/registration-of-companies-and-individual-entrepreneurs\/#breadcrumb"},"inLanguage":"sk-SK","potentialAction":[{"@type":"ReadAction","target":["https:\/\/sk.f-chain.com\/sk\/registration-of-companies-and-individual-entrepreneurs\/"]}]},{"@type":"BreadcrumbList","@id":"https:\/\/sk.f-chain.com\/sk\/registration-of-companies-and-individual-entrepreneurs\/#breadcrumb","itemListElement":[{"@type":"ListItem","position":1,"name":"Home","item":"https:\/\/sk.f-chain.com\/sk\/"},{"@type":"ListItem","position":2,"name":"Registr\u00e1cia spolo\u010dnosti"}]},{"@type":"WebSite","@id":"https:\/\/sk.f-chain.com\/#website","url":"https:\/\/sk.f-chain.com\/","name":"Fchain","description":"","potentialAction":[{"@type":"SearchAction","target":{"@type":"EntryPoint","urlTemplate":"https:\/\/sk.f-chain.com\/?s={search_term_string}"},"query-input":{"@type":"PropertyValueSpecification","valueRequired":true,"valueName":"search_term_string"}}],"inLanguage":"sk-SK"}]}},"_links":{"self":[{"href":"https:\/\/sk.f-chain.com\/sk\/wp-json\/wp\/v2\/pages\/21827","targetHints":{"allow":["GET"]}}],"collection":[{"href":"https:\/\/sk.f-chain.com\/sk\/wp-json\/wp\/v2\/pages"}],"about":[{"href":"https:\/\/sk.f-chain.com\/sk\/wp-json\/wp\/v2\/types\/page"}],"author":[{"embeddable":true,"href":"https:\/\/sk.f-chain.com\/sk\/wp-json\/wp\/v2\/users\/2"}],"replies":[{"embeddable":true,"href":"https:\/\/sk.f-chain.com\/sk\/wp-json\/wp\/v2\/comments?post=21827"}],"version-history":[{"count":3,"href":"https:\/\/sk.f-chain.com\/sk\/wp-json\/wp\/v2\/pages\/21827\/revisions"}],"predecessor-version":[{"id":21837,"href":"https:\/\/sk.f-chain.com\/sk\/wp-json\/wp\/v2\/pages\/21827\/revisions\/21837"}],"wp:attachment":[{"href":"https:\/\/sk.f-chain.com\/sk\/wp-json\/wp\/v2\/media?parent=21827"}],"curies":[{"name":"wp","href":"https:\/\/api.w.org\/{rel}","templated":true}]}}