{"id":21834,"date":"2023-02-24T14:53:00","date_gmt":"2023-02-24T11:53:00","guid":{"rendered":"https:\/\/sk.f-chain.com\/hr-services\/"},"modified":"2025-11-10T04:38:34","modified_gmt":"2025-11-10T01:38:34","slug":"hr-services","status":"publish","type":"page","link":"https:\/\/sk.f-chain.com\/sk\/hr-services\/","title":{"rendered":"HR slu\u017eby"},"content":{"rendered":"<div class=\"wpb-content-wrapper\"><p>[vc_row css_animation=&#8221;fadeInUp&#8221;][vc_column][vc_column_text css_animation=&#8221;fadeInDown&#8221; css=&#8221;&#8221;]<\/p>\n<h2>HR slu\u017eby na Slovensku: optim\u00e1lne rie\u0161enia pre va\u0161e podnikanie<\/h2>\n<p>Slovensko je v\u010faka stabilnej ekonomike priaznivou krajinou pre podnikanie. Pon\u00fakame person\u00e1lne slu\u017eby pre va\u0161u firmu. Na\u0161i \u0161pecialisti vyber\u00fa zamestnancov, poved\u00fa person\u00e1lnu evidenciu a pom\u00f4\u017eu s mzdovou agendou a outsourcingom \u013eudsk\u00fdch zdrojov a pr\u00e1vnym dodr\u017eiavan\u00edm predpisov v oblasti \u013eudsk\u00fdch zdrojov pre spolo\u010dnosti v Bratislave.[\/vc_column_text][\/vc_column][\/vc_row][vc_row css_animation=&#8221;fadeInUp&#8221;][vc_column][vc_column_text css_animation=&#8221;fadeInRight&#8221; css=&#8221;&#8221;]<\/p>\n<h2>Pre\u010do si vybra\u0165 HR slu\u017eby FCHAIN na Slovensku: v\u00fdhody pre va\u0161e podnikanie<\/h2>\n<p>\u0160pecialisti FCHAIN efekt\u00edvne rozv\u00edjaj\u00fa v\u00e1\u0161 t\u00edm a optimalizuj\u00fa HR poradenstvo na Slovensku. Garantujeme individu\u00e1lny pr\u00edstup, ziskov\u00e9 rie\u0161enia v oblasti \u013eudsk\u00fdch zdrojov a dodr\u017eiavanie po\u017eiadaviek.<\/p>\n<p>V\u00fdhody pre va\u0161e podnikanie:<\/p>\n<ol class=\"ul-gray\">\n<li>U\u0161etrite \u010das a zdroje \u2013 vy sa s\u00fastred\u00edte na strat\u00e9giu a my zorganizujeme procesy.<\/li>\n<li>Zni\u017eovanie rizika \u2013 kon\u00e1me v s\u00falade s legislat\u00edvou krajiny.<\/li>\n<li>Flexibilita a \u0161k\u00e1lovate\u013enos\u0165 \u2013 rie\u0161enia, ktor\u00e9 rast\u00fa s va\u0161ou spolo\u010dnos\u0165ou.<\/li>\n<li>Odborn\u00e1 podpora \u2013 na\u0161i \u0161pecialisti v\u00e1m pom\u00f4\u017eu n\u00e1js\u0165 optim\u00e1lne rie\u0161enie pre ak\u00e9ko\u013evek HR slu\u017eby.<\/li>\n<\/ol>\n<p>FCHAIN zjednodu\u0161uje, transparentne a efekt\u00edvne riadenie person\u00e1lu, aby ste sa mohli s\u00fastredi\u0165 na rast svojho podnikania.[\/vc_column_text][\/vc_column][\/vc_row][vc_row content_placement=&#8221;middle&#8221; css_animation=&#8221;fadeInUp&#8221;][vc_column width=&#8221;1\/2&#8243;][vc_column_text css_animation=&#8221;fadeInLeft&#8221; css=&#8221;&#8221;]<\/p>\n<h3>Profesion\u00e1lne HR na Slovensku: ako FCHAIN pom\u00e1ha v\u00e1\u0161mu podnikaniu r\u00e1s\u0165<\/h3>\n<p>FCHAIN pon\u00faka spolupr\u00e1cu, ktor\u00e1 podporuje rast a efekt\u00edvnos\u0165 v\u00e1\u0161ho podnikania na Slovensku. Vyv\u00edjame HR slu\u017eby s oh\u013eadom na \u0161pecifik\u00e1 va\u0161ej spolo\u010dnosti a so zameran\u00edm na va\u0161e potreby.<\/p>\n<p>Firmy, ktor\u00e9 sa na n\u00e1s obr\u00e1tia, z\u00edskaj\u00fa:<\/p>\n<ol class=\"ul-gray\">\n<li>Optimaliz\u00e1cia procesov \u2013 zv\u00fd\u0161enie efekt\u00edvnosti pr\u00e1ce spolo\u010dnosti.<\/li>\n<li>H\u013eadanie nov\u00fdch zamestnancov \u2013 pom\u00e1hame n\u00e1js\u0165 kvalifikovan\u00fdch \u0161pecialistov a vytv\u00e1rame podmienky pre ich dlhodob\u00fa pr\u00e1cu.<\/li>\n<li>Transparentnos\u0165 a kontrola \u2013 pln\u00fd s\u00falad s pracovnopr\u00e1vnymi predpismi a intern\u00fdmi normami.<\/li>\n<li>Adapt\u00e1cia \u2013 slu\u017eby prisp\u00f4soben\u00e9 rozsahu a \u0161pecifik\u00e1m v\u00e1\u0161ho podnikania.<\/li>\n<\/ol>\n<p>S FCHAIN sa profesion\u00e1lne HR slu\u017eby st\u00e1vaj\u00fa n\u00e1strojom pre rast spolo\u010dnosti.<\/p>\n<h2>Slu\u017eby riadenia zamestnancov: efekt\u00edvne rie\u0161enia pre va\u0161u firmu<\/h2>\n<p>Slu\u017eby v oblasti riadenia zamestnancov s\u00fa viac ne\u017e len outsourcing miezd a \u013eudsk\u00fdch zdrojov. Zah\u0155\u0148aj\u00fa rozvoj zamestnancov, budovanie firemnej kult\u00fary a zapojenie t\u00edmu. Poskytovan\u00edm HR slu\u017eieb na Slovensku pon\u00fakame komplexn\u00fd pr\u00edstup, ktor\u00fd pom\u00e1ha firm\u00e1m:<\/p>\n<ol class=\"ul-gray\">\n<li>Rozv\u00edja\u0165 talenty v r\u00e1mci spolo\u010dnosti \u2013 po n\u00e1bore a z\u00edskavan\u00ed talentov nasleduj\u00fa \u0161kolenia, mentoring a programy kari\u00e9rneho rozvoja.<\/li>\n<li>Zlep\u0161enie efektivity t\u00edmu \u2013 anal\u00fdza v\u00fdkonnostn\u00fdch ukazovate\u013eov a implement\u00e1cia optim\u00e1lnych pracovn\u00fdch procesov, kompetentn\u00e1 mzdov\u00e1 mzda a outsourcing \u013eudsk\u00fdch zdrojov.<\/li>\n<li>Vytvori\u0165 siln\u00fa firemn\u00fa kult\u00faru \u2013 podporu motiv\u00e1cie a lojality zamestnancov.<\/li>\n<\/ol>\n<p>Tieto slu\u017eby umo\u017e\u0148uj\u00fa firm\u00e1m nielen riadi\u0165 svojich zamestnancov prij\u00edman\u00edm spr\u00e1vnych rie\u0161en\u00ed v oblasti \u013eudsk\u00fdch zdrojov, ale aj premeni\u0165 ich na strategick\u00fd zdroj pre rast a rozvoj.[\/vc_column_text][\/vc_column][vc_column width=&#8221;1\/2&#8243;][vc_single_image image=&#8221;232&#8243; img_size=&#8221;full&#8221;][\/vc_column][\/vc_row][vc_row content_placement=&#8221;middle&#8221; css_animation=&#8221;fadeInUp&#8221;][vc_column width=&#8221;1\/2&#8243;][vc_single_image image=&#8221;956&#8243; img_size=&#8221;full&#8221;][\/vc_column][vc_column width=&#8221;1\/2&#8243;][vc_column_text css_animation=&#8221;fadeInRight&#8221; css=&#8221;&#8221;]<\/p>\n<h3>N\u00e1bor a z\u00edskavanie talentov: ako n\u00e1js\u0165 najlep\u0161\u00edch \u0161pecialistov<\/h3>\n<p>Efekt\u00edvne n\u00e1borov\u00e9 slu\u017eby s\u00fa k\u013e\u00fa\u010dom k \u00faspechu ka\u017edej spolo\u010dnosti. Je v\u0161ak ve\u013emi d\u00f4le\u017eit\u00e9 udr\u017ea\u0165 si cenn\u00fd person\u00e1l. Pom\u00e1hame n\u00e1js\u0165 kvalifikovan\u00fdch \u0161pecialistov, ktor\u00ed sp\u013a\u0148aj\u00fa po\u017eiadavky podniku a zdie\u013eaj\u00fa jeho hodnoty. Vykon\u00e1vame n\u00e1bor a akviz\u00edciu talentov. Spolo\u010dnos\u0165 poskytuje \u0161irok\u00fa \u0161k\u00e1lu slu\u017eieb: od anal\u00fdzy potrieb podniku a vyh\u013ead\u00e1vania talentov pomocou modern\u00fdch n\u00e1strojov a\u017e po hodnotenie kandid\u00e1tov a ich \u00faspe\u0161n\u00fa adapt\u00e1ciu do t\u00edmu. To v\u00e1m umo\u017e\u0148uje budova\u0165 siln\u00e9 t\u00edmy, zni\u017eova\u0165 fluktu\u00e1ciu zamestnancov a vytv\u00e1ra\u0165 podmienky pre dlhodob\u00fd rast podnikania.<br \/>\n[\/vc_column_text][\/vc_column][\/vc_row][vc_row][vc_column][vc_column_text css_animation=&#8221;fadeInUp&#8221; css=&#8221;&#8221;][\/vc_column_text][\/vc_column][\/vc_row]<\/p>\n<\/div>","protected":false},"excerpt":{"rendered":"<p>[vc_row css_animation=&#8221;fadeInUp&#8221;][vc_column][vc_column_text css_animation=&#8221;fadeInDown&#8221; css=&#8221;&#8221;] HR slu\u017eby na Slovensku: optim\u00e1lne rie\u0161enia pre va\u0161e podnikanie Slovensko je v\u010faka stabilnej ekonomike priaznivou krajinou pre podnikanie. Pon\u00fakame person\u00e1lne slu\u017eby pre va\u0161u firmu. Na\u0161i \u0161pecialisti vyber\u00fa zamestnancov, poved\u00fa person\u00e1lnu evidenciu a pom\u00f4\u017eu s mzdovou agendou a outsourcingom \u013eudsk\u00fdch zdrojov a pr\u00e1vnym dodr\u017eiavan\u00edm predpisov v oblasti \u013eudsk\u00fdch zdrojov pre spolo\u010dnosti v<\/p>\n","protected":false},"author":2,"featured_media":0,"parent":0,"menu_order":0,"comment_status":"closed","ping_status":"closed","template":"","meta":{"_acf_changed":false,"footnotes":""},"class_list":["post-21834","page","type-page","status-publish","hentry"],"acf":[],"yoast_head":"<!-- This site is optimized with the Yoast SEO plugin v26.6 - https:\/\/yoast.com\/wordpress\/plugins\/seo\/ -->\n<title>Modern\u00e9 HR slu\u017eby na Slovensku | FCHAIN \u200b\u200b\u2013 HR outsourcing a rie\u0161enia pre pracovn\u00fa silu<\/title>\n<meta name=\"description\" content=\"FCHAIN \u200b\u200bposkytuje modern\u00e9 HR slu\u017eby na Slovensku: n\u00e1bor, mzdy, compliance a riadenie pracovnej sily. Flexibiln\u00e9 HR outsourcingov\u00e9 rie\u0161enia na podporu rastu podnikania a spokojnosti zamestnancov.\" \/>\n<meta name=\"robots\" content=\"noindex, follow, max-snippet:-1, max-image-preview:large, max-video-preview:-1\" \/>\n<meta property=\"og:locale\" content=\"sk_SK\" \/>\n<meta property=\"og:type\" content=\"article\" \/>\n<meta property=\"og:title\" content=\"Modern\u00e9 HR slu\u017eby na Slovensku | FCHAIN \u200b\u200b\u2013 HR outsourcing a rie\u0161enia pre pracovn\u00fa silu\" \/>\n<meta property=\"og:description\" content=\"FCHAIN \u200b\u200bposkytuje modern\u00e9 HR slu\u017eby na Slovensku: n\u00e1bor, mzdy, compliance a riadenie pracovnej sily. Flexibiln\u00e9 HR outsourcingov\u00e9 rie\u0161enia na podporu rastu podnikania a spokojnosti zamestnancov.\" \/>\n<meta property=\"og:url\" content=\"https:\/\/sk.f-chain.com\/sk\/hr-services\/\" \/>\n<meta property=\"og:site_name\" content=\"Fchain\" \/>\n<meta property=\"article:modified_time\" content=\"2025-11-10T01:38:34+00:00\" \/>\n<meta name=\"twitter:card\" content=\"summary_large_image\" \/>\n<meta name=\"twitter:label1\" content=\"Est. reading time\" \/>\n\t<meta name=\"twitter:data1\" content=\"3 minutes\" \/>\n<script type=\"application\/ld+json\" class=\"yoast-schema-graph\">{\"@context\":\"https:\/\/schema.org\",\"@graph\":[{\"@type\":\"WebPage\",\"@id\":\"https:\/\/sk.f-chain.com\/sk\/hr-services\/\",\"url\":\"https:\/\/sk.f-chain.com\/sk\/hr-services\/\",\"name\":\"Modern\u00e9 HR slu\u017eby na Slovensku | FCHAIN \u200b\u200b\u2013 HR outsourcing a rie\u0161enia pre pracovn\u00fa silu\",\"isPartOf\":{\"@id\":\"https:\/\/sk.f-chain.com\/#website\"},\"datePublished\":\"2023-02-24T11:53:00+00:00\",\"dateModified\":\"2025-11-10T01:38:34+00:00\",\"description\":\"FCHAIN \u200b\u200bposkytuje modern\u00e9 HR slu\u017eby na Slovensku: n\u00e1bor, mzdy, compliance a riadenie pracovnej sily. Flexibiln\u00e9 HR outsourcingov\u00e9 rie\u0161enia na podporu rastu podnikania a spokojnosti zamestnancov.\",\"breadcrumb\":{\"@id\":\"https:\/\/sk.f-chain.com\/sk\/hr-services\/#breadcrumb\"},\"inLanguage\":\"sk-SK\",\"potentialAction\":[{\"@type\":\"ReadAction\",\"target\":[\"https:\/\/sk.f-chain.com\/sk\/hr-services\/\"]}]},{\"@type\":\"BreadcrumbList\",\"@id\":\"https:\/\/sk.f-chain.com\/sk\/hr-services\/#breadcrumb\",\"itemListElement\":[{\"@type\":\"ListItem\",\"position\":1,\"name\":\"Home\",\"item\":\"https:\/\/sk.f-chain.com\/sk\/\"},{\"@type\":\"ListItem\",\"position\":2,\"name\":\"HR slu\u017eby\"}]},{\"@type\":\"WebSite\",\"@id\":\"https:\/\/sk.f-chain.com\/#website\",\"url\":\"https:\/\/sk.f-chain.com\/\",\"name\":\"Fchain\",\"description\":\"\",\"potentialAction\":[{\"@type\":\"SearchAction\",\"target\":{\"@type\":\"EntryPoint\",\"urlTemplate\":\"https:\/\/sk.f-chain.com\/?s={search_term_string}\"},\"query-input\":{\"@type\":\"PropertyValueSpecification\",\"valueRequired\":true,\"valueName\":\"search_term_string\"}}],\"inLanguage\":\"sk-SK\"}]}<\/script>\n<!-- \/ Yoast SEO plugin. -->","yoast_head_json":{"title":"Modern\u00e9 HR slu\u017eby na Slovensku | FCHAIN \u200b\u200b\u2013 HR outsourcing a rie\u0161enia pre pracovn\u00fa silu","description":"FCHAIN \u200b\u200bposkytuje modern\u00e9 HR slu\u017eby na Slovensku: n\u00e1bor, mzdy, compliance a riadenie pracovnej sily. Flexibiln\u00e9 HR outsourcingov\u00e9 rie\u0161enia na podporu rastu podnikania a spokojnosti zamestnancov.","robots":{"index":"noindex","follow":"follow","max-snippet":"max-snippet:-1","max-image-preview":"max-image-preview:large","max-video-preview":"max-video-preview:-1"},"og_locale":"sk_SK","og_type":"article","og_title":"Modern\u00e9 HR slu\u017eby na Slovensku | FCHAIN \u200b\u200b\u2013 HR outsourcing a rie\u0161enia pre pracovn\u00fa silu","og_description":"FCHAIN \u200b\u200bposkytuje modern\u00e9 HR slu\u017eby na Slovensku: n\u00e1bor, mzdy, compliance a riadenie pracovnej sily. Flexibiln\u00e9 HR outsourcingov\u00e9 rie\u0161enia na podporu rastu podnikania a spokojnosti zamestnancov.","og_url":"https:\/\/sk.f-chain.com\/sk\/hr-services\/","og_site_name":"Fchain","article_modified_time":"2025-11-10T01:38:34+00:00","twitter_card":"summary_large_image","twitter_misc":{"Est. reading time":"3 minutes"},"schema":{"@context":"https:\/\/schema.org","@graph":[{"@type":"WebPage","@id":"https:\/\/sk.f-chain.com\/sk\/hr-services\/","url":"https:\/\/sk.f-chain.com\/sk\/hr-services\/","name":"Modern\u00e9 HR slu\u017eby na Slovensku | FCHAIN \u200b\u200b\u2013 HR outsourcing a rie\u0161enia pre pracovn\u00fa silu","isPartOf":{"@id":"https:\/\/sk.f-chain.com\/#website"},"datePublished":"2023-02-24T11:53:00+00:00","dateModified":"2025-11-10T01:38:34+00:00","description":"FCHAIN \u200b\u200bposkytuje modern\u00e9 HR slu\u017eby na Slovensku: n\u00e1bor, mzdy, compliance a riadenie pracovnej sily. Flexibiln\u00e9 HR outsourcingov\u00e9 rie\u0161enia na podporu rastu podnikania a spokojnosti zamestnancov.","breadcrumb":{"@id":"https:\/\/sk.f-chain.com\/sk\/hr-services\/#breadcrumb"},"inLanguage":"sk-SK","potentialAction":[{"@type":"ReadAction","target":["https:\/\/sk.f-chain.com\/sk\/hr-services\/"]}]},{"@type":"BreadcrumbList","@id":"https:\/\/sk.f-chain.com\/sk\/hr-services\/#breadcrumb","itemListElement":[{"@type":"ListItem","position":1,"name":"Home","item":"https:\/\/sk.f-chain.com\/sk\/"},{"@type":"ListItem","position":2,"name":"HR slu\u017eby"}]},{"@type":"WebSite","@id":"https:\/\/sk.f-chain.com\/#website","url":"https:\/\/sk.f-chain.com\/","name":"Fchain","description":"","potentialAction":[{"@type":"SearchAction","target":{"@type":"EntryPoint","urlTemplate":"https:\/\/sk.f-chain.com\/?s={search_term_string}"},"query-input":{"@type":"PropertyValueSpecification","valueRequired":true,"valueName":"search_term_string"}}],"inLanguage":"sk-SK"}]}},"_links":{"self":[{"href":"https:\/\/sk.f-chain.com\/sk\/wp-json\/wp\/v2\/pages\/21834","targetHints":{"allow":["GET"]}}],"collection":[{"href":"https:\/\/sk.f-chain.com\/sk\/wp-json\/wp\/v2\/pages"}],"about":[{"href":"https:\/\/sk.f-chain.com\/sk\/wp-json\/wp\/v2\/types\/page"}],"author":[{"embeddable":true,"href":"https:\/\/sk.f-chain.com\/sk\/wp-json\/wp\/v2\/users\/2"}],"replies":[{"embeddable":true,"href":"https:\/\/sk.f-chain.com\/sk\/wp-json\/wp\/v2\/comments?post=21834"}],"version-history":[{"count":2,"href":"https:\/\/sk.f-chain.com\/sk\/wp-json\/wp\/v2\/pages\/21834\/revisions"}],"predecessor-version":[{"id":21836,"href":"https:\/\/sk.f-chain.com\/sk\/wp-json\/wp\/v2\/pages\/21834\/revisions\/21836"}],"wp:attachment":[{"href":"https:\/\/sk.f-chain.com\/sk\/wp-json\/wp\/v2\/media?parent=21834"}],"curies":[{"name":"wp","href":"https:\/\/api.w.org\/{rel}","templated":true}]}}