{"id":21843,"date":"2023-02-24T14:47:50","date_gmt":"2023-02-24T11:47:50","guid":{"rendered":"https:\/\/sk.f-chain.com\/ifrs\/"},"modified":"2025-11-10T04:55:57","modified_gmt":"2025-11-10T01:55:57","slug":"ifrs","status":"publish","type":"page","link":"https:\/\/sk.f-chain.com\/sk\/ifrs\/","title":{"rendered":"IFRS consultants"},"content":{"rendered":"<div class=\"wpb-content-wrapper\"><p>[vc_row css_animation=&#8221;fadeInUp&#8221;][vc_column][vc_column_text css_animation=&#8221;fadeInDown&#8221; css=&#8221;&#8221;]<\/p>\n<h2>Najlep\u0161\u00ed IFRS konzultanti na Slovensku<\/h2>\n<p>V prostred\u00ed, kde s\u00fa <strong>Medzin\u00e1rodn\u00e9 \u0161tandardy finan\u010dn\u00e9ho v\u00fdkazn\u00edctva Slovenska<\/strong> povinn\u00e9 pre verejn\u00e9 spolo\u010dnosti a finan\u010dn\u00e9 in\u0161tit\u00facie, nie s\u00fa vysokokvalitn\u00e9 <strong>slu\u017eby IFRS<\/strong> len po\u017eiadavkou, ale strategick\u00fdm n\u00e1strojom. Aby bolo <strong>finan\u010dn\u00e9 v\u00fdkazn\u00edctvo spolo\u010dnost\u00ed<\/strong> bezchybn\u00e9, potrebujete pomoc. To v\u00e1m m\u00f4\u017ee zaru\u010di\u0165 iba profesion\u00e1lne <strong>poradenstvo v oblasti IFRS<\/strong>. Na\u0161i odborn\u00edci vedia, ako pripravi\u0165 presn\u00e9 <strong>finan\u010dn\u00e9 v\u00fdkazy pod\u013ea IFRS<\/strong> a zabezpe\u010di\u0165 <strong>s\u00falad Slovenska s IFRS<\/strong> pre v\u0161etky zainteresovan\u00e9 strany.[\/vc_column_text][\/vc_column][\/vc_row][vc_row content_placement=&#8221;middle&#8221; css_animation=&#8221;fadeInUp&#8221;][vc_column width=&#8221;1\/2&#8243;][vc_column_text css_animation=&#8221;fadeInLeft&#8221; css=&#8221;&#8221;]<\/p>\n<h2>Odborn\u00edci FCHAIN pod\u013ea IFRS<\/h2>\n<p>S hrdos\u0165ou pon\u00fakame kompletn\u00fd sortiment <strong>konzulta\u010dn\u00fdch slu\u017eieb v oblasti IFRS v Bratislave na Slovensku<\/strong>. N\u00e1\u0161 t\u00edm m\u00e1 rozsiahle znalosti a sk\u00fasenosti, ktor\u00e9 n\u00e1m umo\u017e\u0148uj\u00fa poskytova\u0165 \u0161pecializovan\u00e9 <strong>slu\u017eby v oblasti IFRS<\/strong>. Poskytujeme komplexn\u00e9 <strong>poradenstvo<\/strong> a podporu v oblasti IFRS, najm\u00e4 v ot\u00e1zkach <strong>s\u00faladu s IFRS pre nadn\u00e1rodn\u00e9 spolo\u010dnosti<\/strong>. Na\u0161a spolupr\u00e1ca zaru\u010duje \u00faspe\u0161n\u00fa <strong>podporu pri audite IFRS<\/strong>. Rob\u00edme v\u0161etko pre to, aby va\u0161e <strong>finan\u010dn\u00e9 v\u00fdkazy pod\u013ea IFRS<\/strong> odr\u00e1\u017eali va\u0161u skuto\u010dn\u00fa finan\u010dn\u00fa situ\u00e1ciu, \u010d\u00edm sa zvy\u0161uje d\u00f4vera vo <strong>finan\u010dn\u00e9 v\u00fdkazn\u00edctvo va\u0161ej spolo\u010dnosti<\/strong>.<\/p>\n<h3>Ako implementova\u0165 IFRS<\/h3>\n<p>Ver\u00edme, \u017ee \u00faspe\u0161n\u00e1 implement\u00e1cia <strong>prechodu na IFRS<\/strong> je t\u00edmovou pr\u00e1cou. Na\u0161e <strong>poradenstvo v oblasti IFRS<\/strong> za\u010d\u00edna podrobn\u00fdm pl\u00e1nom. Ako najlep\u0161\u00ed konzultanti v oblasti IFRS sa postar\u00e1me o tie najzlo\u017eitej\u0161ie aspekty, aby ste sa vy mohli s\u00fastredi\u0165 na svoje podnikanie. Poskytujeme komplexn\u00e9 <strong>slu\u017eby v oblasti IFRS v Bratislave<\/strong>, ktor\u00e9 zaru\u010duj\u00fa hladk\u00fd a efekt\u00edvny prechod na nov\u00e9 \u0161tandardy. V\u010faka tomu bud\u00fa va\u0161e finan\u010dn\u00e9 inform\u00e1cie transparentn\u00e9 a porovnate\u013en\u00e9.[\/vc_column_text][\/vc_column][vc_column width=&#8221;1\/2&#8243;][vc_single_image image=&#8221;554&#8243; img_size=&#8221;full&#8221;][\/vc_column][\/vc_row][vc_row content_placement=&#8221;middle&#8221; css_animation=&#8221;fadeInUp&#8221;][vc_column width=&#8221;1\/2&#8243;][vc_single_image image=&#8221;687&#8243; img_size=&#8221;full&#8221;][\/vc_column][vc_column width=&#8221;1\/2&#8243;][vc_column_text css_animation=&#8221;fadeInRight&#8221; css=&#8221;&#8221;]<\/p>\n<h2>Medzin\u00e1rodn\u00e9 \u0161tandardy finan\u010dn\u00e9ho v\u00fdkazn\u00edctva<\/h2>\n<p>IFRS je glob\u00e1lny \u0161tandard transparentnosti prijat\u00fd Eur\u00f3pskou \u00faniou. Na\u0161ou \u00falohou je zabezpe\u010di\u0165, aby va\u0161e <strong>v\u00fdkazn\u00edctvo pod\u013ea IFRS<\/strong> bolo pre investorov \u010do najefekt\u00edvnej\u0161ie a najzrozumite\u013enej\u0161ie. Kvalitn\u00e9 <strong>poradenstvo v oblasti IFRS<\/strong> je k\u013e\u00fa\u010dov\u00e9, preto\u017ee pom\u00e1ha spolo\u010dnostiam spr\u00e1vne uplat\u0148ova\u0165 zlo\u017eit\u00e9 \u0161tandardy. Garantujeme, \u017ee va\u0161e <strong>\u00fa\u010dtovn\u00edctvo pod\u013ea IFRS na Slovensku<\/strong> bude plne v s\u00falade s medzin\u00e1rodn\u00fdmi po\u017eiadavkami, \u010do v\u00fdrazne zjednodu\u0161\u00ed <strong>prechod na IFRS<\/strong> a \u010fal\u0161iu pr\u00e1cu.<\/p>\n<h3>\u00da\u010dtovn\u00edctvo IFRS na Slovensku<\/h3>\n<p>Vedenie <strong>\u00fa\u010dtovn\u00edctva pod\u013ea IFRS na Slovensku<\/strong> si vy\u017eaduje neust\u00e1le monitorovanie a profesion\u00e1lnu interpret\u00e1ciu. Pom\u00f4\u017eeme v\u00e1m integrova\u0165 \u0161tandardy do v\u00e1\u0161ho ka\u017edodenn\u00e9ho fungovania.<\/p>\n<p>Pre zabezpe\u010denie <strong>slu\u017eieb v oblasti IFRS<\/strong> odpor\u00fa\u010dame nasleduj\u00faci ak\u010dn\u00fd pl\u00e1n:<\/p>\n<ol class=\"ul-gray\">\n<li>Po\u010diato\u010dn\u00e1 diagn\u00f3za. Identifikujeme v\u0161etky rozdiely medzi s\u00fa\u010dasn\u00fdm v\u00fdkazn\u00edctvom a IFRS.<\/li>\n<li>V\u00fdvoj \u00fa\u010dtovn\u00fdch z\u00e1sad. Vytv\u00e1rame nov\u00e9 intern\u00e9 pravidl\u00e1, ktor\u00e9 s\u00fa plne v s\u00falade s IFRS.<\/li>\n<li>Technick\u00e1 adapt\u00e1cia. Pom\u00f4\u017eeme v\u00e1m nakonfigurova\u0165 va\u0161e IT syst\u00e9my pre spr\u00e1vne <strong>vykazovanie pod\u013ea IFRS<\/strong>.<\/li>\n<li>Pre va\u0161ich \u0161pecialistov vykon\u00e1vame cielen\u00e9 \u0161kolenia v oblasti <strong>slu\u017eieb IFRS<\/strong>.<\/li>\n<li>Pr\u00edprava prvej \u00fa\u010dtovnej z\u00e1vierky. Zostav\u00edme a analyzujeme va\u0161u prv\u00fa <strong>\u00fa\u010dtovn\u00fa z\u00e1vierku pod\u013ea IFRS<\/strong>.<\/li>\n<\/ol>\n<p>[\/vc_column_text][\/vc_column][\/vc_row][vc_row content_placement=&#8221;middle&#8221; css_animation=&#8221;fadeInUp&#8221;][vc_column width=&#8221;1\/2&#8243;][vc_column_text css_animation=&#8221;fadeInLeft&#8221; css=&#8221;&#8221;]<\/p>\n<h2>Prechod na IFRS a \u00fa\u010dtovn\u00edctvo v s\u00falade s t\u00fdmito \u0161tandardmi<\/h2>\n<p>Nie je to len formalita, ale nevyhnutnos\u0165 pre podnikanie na Slovensku, najm\u00e4 pre ve\u013ek\u00e9 spolo\u010dnosti. Ak chcete, aby va\u0161a finan\u010dn\u00e1 spr\u00e1va bola pochopen\u00e1 na celom svete, potrebujete pomoc profesion\u00e1lov. Ako odborn\u00edci sme pripraven\u00ed prevzia\u0165 v\u0161etky zlo\u017eitosti. Na\u0161e <strong>IFRS slu\u017eby v Bratislave<\/strong> zaru\u010duj\u00fa, \u017ee va\u0161e \u00fa\u010dtovn\u00edctvo bude presn\u00e9, transparentn\u00e9 a plne v s\u00falade so v\u0161etk\u00fdmi medzin\u00e1rodn\u00fdmi \u0161tandardmi. S nami sa budete vo svete glob\u00e1lneho finan\u010dn\u00e9ho v\u00fdkazn\u00edctva c\u00edti\u0165 sebavedomo.[\/vc_column_text][\/vc_column][vc_column width=&#8221;1\/2&#8243;][vc_single_image image=&#8221;226&#8243; img_size=&#8221;full&#8221;][\/vc_column][\/vc_row]<\/p>\n<\/div>","protected":false},"excerpt":{"rendered":"<p>[vc_row css_animation=&#8221;fadeInUp&#8221;][vc_column][vc_column_text css_animation=&#8221;fadeInDown&#8221; css=&#8221;&#8221;] Najlep\u0161\u00ed IFRS konzultanti na Slovensku V prostred\u00ed, kde s\u00fa Medzin\u00e1rodn\u00e9 \u0161tandardy finan\u010dn\u00e9ho v\u00fdkazn\u00edctva Slovenska povinn\u00e9 pre verejn\u00e9 spolo\u010dnosti a finan\u010dn\u00e9 in\u0161tit\u00facie, nie s\u00fa vysokokvalitn\u00e9 slu\u017eby IFRS len po\u017eiadavkou, ale strategick\u00fdm n\u00e1strojom. Aby bolo finan\u010dn\u00e9 v\u00fdkazn\u00edctvo spolo\u010dnost\u00ed bezchybn\u00e9, potrebujete pomoc. To v\u00e1m m\u00f4\u017ee zaru\u010di\u0165 iba profesion\u00e1lne poradenstvo v oblasti IFRS. Na\u0161i odborn\u00edci<\/p>\n","protected":false},"author":2,"featured_media":0,"parent":0,"menu_order":0,"comment_status":"closed","ping_status":"closed","template":"","meta":{"_acf_changed":false,"footnotes":""},"class_list":["post-21843","page","type-page","status-publish","hentry"],"acf":[],"yoast_head":"<!-- This site is optimized with the Yoast SEO plugin v26.6 - https:\/\/yoast.com\/wordpress\/plugins\/seo\/ -->\n<title>Najlep\u0161\u00ed konzultanti pre IFRS na Slovensku | FCHAIN \u200b\u200b\u2013 Medzin\u00e1rodn\u00e1 expert\u00edza v oblasti finan\u010dn\u00e9ho v\u00fdkazn\u00edctva<\/title>\n<meta name=\"description\" content=\"FCHAIN \u200b\u200bposkytuje odborn\u00e9 poradenstvo v oblasti IFRS na Slovensku: finan\u010dn\u00e9 v\u00fdkazn\u00edctvo, dodr\u017eiavanie predpisov a poradensk\u00e9 slu\u017eby pre medzin\u00e1rodn\u00e9 \u0161tandardy. D\u00f4veryhodn\u00fd partner pre presn\u00e9 \u00fa\u010dtovn\u00edctvo a transparentn\u00e9 obchodn\u00e9 oper\u00e1cie.\" \/>\n<meta name=\"robots\" content=\"noindex, follow, max-snippet:-1, max-image-preview:large, max-video-preview:-1\" \/>\n<meta property=\"og:locale\" content=\"sk_SK\" \/>\n<meta property=\"og:type\" content=\"article\" \/>\n<meta property=\"og:title\" content=\"Najlep\u0161\u00ed konzultanti pre IFRS na Slovensku | FCHAIN \u200b\u200b\u2013 Medzin\u00e1rodn\u00e1 expert\u00edza v oblasti finan\u010dn\u00e9ho v\u00fdkazn\u00edctva\" \/>\n<meta property=\"og:description\" content=\"FCHAIN \u200b\u200bposkytuje odborn\u00e9 poradenstvo v oblasti IFRS na Slovensku: finan\u010dn\u00e9 v\u00fdkazn\u00edctvo, dodr\u017eiavanie predpisov a poradensk\u00e9 slu\u017eby pre medzin\u00e1rodn\u00e9 \u0161tandardy. D\u00f4veryhodn\u00fd partner pre presn\u00e9 \u00fa\u010dtovn\u00edctvo a transparentn\u00e9 obchodn\u00e9 oper\u00e1cie.\" \/>\n<meta property=\"og:url\" content=\"https:\/\/sk.f-chain.com\/sk\/ifrs\/\" \/>\n<meta property=\"og:site_name\" content=\"Fchain\" \/>\n<meta property=\"article:modified_time\" content=\"2025-11-10T01:55:57+00:00\" \/>\n<meta name=\"twitter:card\" content=\"summary_large_image\" \/>\n<meta name=\"twitter:label1\" content=\"Est. reading time\" \/>\n\t<meta name=\"twitter:data1\" content=\"3 minutes\" \/>\n<script type=\"application\/ld+json\" class=\"yoast-schema-graph\">{\"@context\":\"https:\/\/schema.org\",\"@graph\":[{\"@type\":\"WebPage\",\"@id\":\"https:\/\/sk.f-chain.com\/sk\/ifrs\/\",\"url\":\"https:\/\/sk.f-chain.com\/sk\/ifrs\/\",\"name\":\"Najlep\u0161\u00ed konzultanti pre IFRS na Slovensku | FCHAIN \u200b\u200b\u2013 Medzin\u00e1rodn\u00e1 expert\u00edza v oblasti finan\u010dn\u00e9ho v\u00fdkazn\u00edctva\",\"isPartOf\":{\"@id\":\"https:\/\/sk.f-chain.com\/#website\"},\"datePublished\":\"2023-02-24T11:47:50+00:00\",\"dateModified\":\"2025-11-10T01:55:57+00:00\",\"description\":\"FCHAIN \u200b\u200bposkytuje odborn\u00e9 poradenstvo v oblasti IFRS na Slovensku: finan\u010dn\u00e9 v\u00fdkazn\u00edctvo, dodr\u017eiavanie predpisov a poradensk\u00e9 slu\u017eby pre medzin\u00e1rodn\u00e9 \u0161tandardy. D\u00f4veryhodn\u00fd partner pre presn\u00e9 \u00fa\u010dtovn\u00edctvo a transparentn\u00e9 obchodn\u00e9 oper\u00e1cie.\",\"breadcrumb\":{\"@id\":\"https:\/\/sk.f-chain.com\/sk\/ifrs\/#breadcrumb\"},\"inLanguage\":\"sk-SK\",\"potentialAction\":[{\"@type\":\"ReadAction\",\"target\":[\"https:\/\/sk.f-chain.com\/sk\/ifrs\/\"]}]},{\"@type\":\"BreadcrumbList\",\"@id\":\"https:\/\/sk.f-chain.com\/sk\/ifrs\/#breadcrumb\",\"itemListElement\":[{\"@type\":\"ListItem\",\"position\":1,\"name\":\"Home\",\"item\":\"https:\/\/sk.f-chain.com\/sk\/\"},{\"@type\":\"ListItem\",\"position\":2,\"name\":\"IFRS consultants\"}]},{\"@type\":\"WebSite\",\"@id\":\"https:\/\/sk.f-chain.com\/#website\",\"url\":\"https:\/\/sk.f-chain.com\/\",\"name\":\"Fchain\",\"description\":\"\",\"potentialAction\":[{\"@type\":\"SearchAction\",\"target\":{\"@type\":\"EntryPoint\",\"urlTemplate\":\"https:\/\/sk.f-chain.com\/?s={search_term_string}\"},\"query-input\":{\"@type\":\"PropertyValueSpecification\",\"valueRequired\":true,\"valueName\":\"search_term_string\"}}],\"inLanguage\":\"sk-SK\"}]}<\/script>\n<!-- \/ Yoast SEO plugin. -->","yoast_head_json":{"title":"Najlep\u0161\u00ed konzultanti pre IFRS na Slovensku | FCHAIN \u200b\u200b\u2013 Medzin\u00e1rodn\u00e1 expert\u00edza v oblasti finan\u010dn\u00e9ho v\u00fdkazn\u00edctva","description":"FCHAIN \u200b\u200bposkytuje odborn\u00e9 poradenstvo v oblasti IFRS na Slovensku: finan\u010dn\u00e9 v\u00fdkazn\u00edctvo, dodr\u017eiavanie predpisov a poradensk\u00e9 slu\u017eby pre medzin\u00e1rodn\u00e9 \u0161tandardy. D\u00f4veryhodn\u00fd partner pre presn\u00e9 \u00fa\u010dtovn\u00edctvo a transparentn\u00e9 obchodn\u00e9 oper\u00e1cie.","robots":{"index":"noindex","follow":"follow","max-snippet":"max-snippet:-1","max-image-preview":"max-image-preview:large","max-video-preview":"max-video-preview:-1"},"og_locale":"sk_SK","og_type":"article","og_title":"Najlep\u0161\u00ed konzultanti pre IFRS na Slovensku | FCHAIN \u200b\u200b\u2013 Medzin\u00e1rodn\u00e1 expert\u00edza v oblasti finan\u010dn\u00e9ho v\u00fdkazn\u00edctva","og_description":"FCHAIN \u200b\u200bposkytuje odborn\u00e9 poradenstvo v oblasti IFRS na Slovensku: finan\u010dn\u00e9 v\u00fdkazn\u00edctvo, dodr\u017eiavanie predpisov a poradensk\u00e9 slu\u017eby pre medzin\u00e1rodn\u00e9 \u0161tandardy. D\u00f4veryhodn\u00fd partner pre presn\u00e9 \u00fa\u010dtovn\u00edctvo a transparentn\u00e9 obchodn\u00e9 oper\u00e1cie.","og_url":"https:\/\/sk.f-chain.com\/sk\/ifrs\/","og_site_name":"Fchain","article_modified_time":"2025-11-10T01:55:57+00:00","twitter_card":"summary_large_image","twitter_misc":{"Est. reading time":"3 minutes"},"schema":{"@context":"https:\/\/schema.org","@graph":[{"@type":"WebPage","@id":"https:\/\/sk.f-chain.com\/sk\/ifrs\/","url":"https:\/\/sk.f-chain.com\/sk\/ifrs\/","name":"Najlep\u0161\u00ed konzultanti pre IFRS na Slovensku | FCHAIN \u200b\u200b\u2013 Medzin\u00e1rodn\u00e1 expert\u00edza v oblasti finan\u010dn\u00e9ho v\u00fdkazn\u00edctva","isPartOf":{"@id":"https:\/\/sk.f-chain.com\/#website"},"datePublished":"2023-02-24T11:47:50+00:00","dateModified":"2025-11-10T01:55:57+00:00","description":"FCHAIN \u200b\u200bposkytuje odborn\u00e9 poradenstvo v oblasti IFRS na Slovensku: finan\u010dn\u00e9 v\u00fdkazn\u00edctvo, dodr\u017eiavanie predpisov a poradensk\u00e9 slu\u017eby pre medzin\u00e1rodn\u00e9 \u0161tandardy. D\u00f4veryhodn\u00fd partner pre presn\u00e9 \u00fa\u010dtovn\u00edctvo a transparentn\u00e9 obchodn\u00e9 oper\u00e1cie.","breadcrumb":{"@id":"https:\/\/sk.f-chain.com\/sk\/ifrs\/#breadcrumb"},"inLanguage":"sk-SK","potentialAction":[{"@type":"ReadAction","target":["https:\/\/sk.f-chain.com\/sk\/ifrs\/"]}]},{"@type":"BreadcrumbList","@id":"https:\/\/sk.f-chain.com\/sk\/ifrs\/#breadcrumb","itemListElement":[{"@type":"ListItem","position":1,"name":"Home","item":"https:\/\/sk.f-chain.com\/sk\/"},{"@type":"ListItem","position":2,"name":"IFRS consultants"}]},{"@type":"WebSite","@id":"https:\/\/sk.f-chain.com\/#website","url":"https:\/\/sk.f-chain.com\/","name":"Fchain","description":"","potentialAction":[{"@type":"SearchAction","target":{"@type":"EntryPoint","urlTemplate":"https:\/\/sk.f-chain.com\/?s={search_term_string}"},"query-input":{"@type":"PropertyValueSpecification","valueRequired":true,"valueName":"search_term_string"}}],"inLanguage":"sk-SK"}]}},"_links":{"self":[{"href":"https:\/\/sk.f-chain.com\/sk\/wp-json\/wp\/v2\/pages\/21843","targetHints":{"allow":["GET"]}}],"collection":[{"href":"https:\/\/sk.f-chain.com\/sk\/wp-json\/wp\/v2\/pages"}],"about":[{"href":"https:\/\/sk.f-chain.com\/sk\/wp-json\/wp\/v2\/types\/page"}],"author":[{"embeddable":true,"href":"https:\/\/sk.f-chain.com\/sk\/wp-json\/wp\/v2\/users\/2"}],"replies":[{"embeddable":true,"href":"https:\/\/sk.f-chain.com\/sk\/wp-json\/wp\/v2\/comments?post=21843"}],"version-history":[{"count":2,"href":"https:\/\/sk.f-chain.com\/sk\/wp-json\/wp\/v2\/pages\/21843\/revisions"}],"predecessor-version":[{"id":21846,"href":"https:\/\/sk.f-chain.com\/sk\/wp-json\/wp\/v2\/pages\/21843\/revisions\/21846"}],"wp:attachment":[{"href":"https:\/\/sk.f-chain.com\/sk\/wp-json\/wp\/v2\/media?parent=21843"}],"curies":[{"name":"wp","href":"https:\/\/api.w.org\/{rel}","templated":true}]}}