{"id":21848,"date":"2023-05-08T06:10:59","date_gmt":"2023-05-08T03:10:59","guid":{"rendered":"https:\/\/sk.f-chain.com\/international-trademark-registration\/"},"modified":"2025-11-10T05:06:50","modified_gmt":"2025-11-10T02:06:50","slug":"international-trademark-registration","status":"publish","type":"page","link":"https:\/\/sk.f-chain.com\/sk\/international-trademark-registration\/","title":{"rendered":"Medzin\u00e1rodn\u00e1 registr\u00e1cia ochrannej zn\u00e1mky"},"content":{"rendered":"<div class=\"wpb-content-wrapper\"><p>[vc_row css_animation=&#8221;fadeInUp&#8221;][vc_column][vc_column_text css_animation=&#8221;slideInDown&#8221; css=&#8221;&#8221;]<\/p>\n<h2>Medzin\u00e1rodn\u00e1 registr\u00e1cia ochrannej zn\u00e1mky na Slovensku<\/h2>\n<p>Spo\u013eahliv\u00fa pr\u00e1vnu ochranu a r\u00fdchly vstup na medzin\u00e1rodn\u00fd trh zabezpe\u010duje spr\u00e1vna obchodn\u00e1 strat\u00e9gia. A registr\u00e1cia zna\u010dky va\u0161ej spolo\u010dnosti je jedn\u00fdm z prv\u00fdch krokov. Tento postup zah\u0155\u0148a <strong>medzin\u00e1rodn\u00fa registr\u00e1ciu ochrannej zn\u00e1mky<\/strong>. To zabezpe\u010duje ochranu ochrannej zn\u00e1mky aj mimo va\u0161ej krajiny. Slovensko sa nach\u00e1dza v srdci Eur\u00f3py. Preto je proces registr\u00e1cie \u010do najjednoduch\u0161\u00ed. Eur\u00f3pske a medzin\u00e1rodn\u00e9 \u0161tandardy s\u00fa harmonizovan\u00e9 a registr\u00e1cia prostredn\u00edctvom n\u00e1rodnej kancel\u00e1rie INDPROP alebo medzin\u00e1rodn\u00fdch \u0161trukt\u00far v\u00e1m pom\u00e1ha chr\u00e1ni\u0165 zna\u010dku a ur\u00fdchli\u0165 vstup na trh E\u00da.<br \/>\n[\/vc_column_text][\/vc_column][\/vc_row][vc_row content_placement=&#8221;middle&#8221; css_animation=&#8221;fadeInUp&#8221;][vc_column width=&#8221;1\/2&#8243;][vc_column_text css_animation=&#8221;slideInLeft&#8221; css=&#8221;&#8221;]<\/p>\n<h2>Registr\u00e1cia ochrannej zn\u00e1mky E\u00da na Slovensku<\/h2>\n<p>Pri \u017eiadosti o <strong>registr\u00e1ciu ochrannej zn\u00e1mky E\u00da<\/strong> je ochrann\u00e1 zn\u00e1mka spolo\u010dnosti chr\u00e1nen\u00e1 vo v\u0161etk\u00fdch 27 krajin\u00e1ch E\u00da. Samotn\u00fd proces je pomerne jednoduch\u00fd \u2013 najprv mus\u00edte op\u00edsa\u0165 svoje tovary alebo slu\u017eby pod\u013ea Nicesk\u00e9ho triedenia a poda\u0165 \u017eiados\u0165.<\/p>\n<p>Pre lep\u0161iu predstavu o v\u00fdhod\u00e1ch si pozrite toto r\u00fdchle porovnanie:<\/p>\n<table>\n<tbody>\n<tr>\n<td><strong>Parameter<\/strong><\/td>\n<td><strong>Registr\u00e1cia ochrannej zn\u00e1mky E\u00da<\/strong><\/td>\n<td><strong>N\u00e1rodn\u00e1 registr\u00e1cia (INDPROP)<\/strong><\/td>\n<\/tr>\n<tr>\n<td><strong>\u00dazemie ochrany<\/strong><\/td>\n<td>V\u0161etk\u00fdch 27 kraj\u00edn E\u00da<\/td>\n<td>Iba Slovensko<\/td>\n<\/tr>\n<tr>\n<td><strong>\u010cas spracovania<\/strong><\/td>\n<td>4-6 mesiacov<\/td>\n<td>3-4 mesiace<\/td>\n<\/tr>\n<tr>\n<td><strong>Hlavn\u00fd cie\u013e<\/strong><\/td>\n<td>Eur\u00f3pska expanzia<\/td>\n<td>Dom\u00e1ci trh<\/td>\n<\/tr>\n<\/tbody>\n<\/table>\n<p>Ak je cie\u013eom glob\u00e1lna pr\u00edtomnos\u0165, oplat\u00ed sa zv\u00e1\u017ei\u0165 <strong>medzin\u00e1rodn\u00fa registr\u00e1ciu ochrannej zn\u00e1mky<\/strong>. Tento form\u00e1t je ide\u00e1lny pre spolo\u010dnosti zameran\u00e9 na Eur\u00f3pu.[\/vc_column_text][\/vc_column][vc_column width=&#8221;1\/2&#8243;][vc_single_image image=&#8221;5403&#8243; img_size=&#8221;full&#8221; css_animation=&#8221;slideInRight&#8221;][\/vc_column][\/vc_row][vc_row content_placement=&#8221;middle&#8221; css_animation=&#8221;fadeInUp&#8221;][vc_column width=&#8221;1\/2&#8243;][vc_single_image image=&#8221;5405&#8243; img_size=&#8221;full&#8221; css_animation=&#8221;slideInLeft&#8221;][\/vc_column][vc_column width=&#8221;1\/2&#8243;][vc_column_text css_animation=&#8221;fadeInRight&#8221; css=&#8221;&#8221;]<\/p>\n<h3>Pr\u00e1vna pomoc pri prihl\u00e1\u0161kach ochrann\u00fdch zn\u00e1mok na celom svete<\/h3>\n<p>Pr\u00e1vnici, ktor\u00ed poznaj\u00fa po\u017eiadavky z\u00e1kona a \u0161pecifik\u00e1 medzin\u00e1rodn\u00fdch prihl\u00e1\u0161ok, s\u00fa v Bratislave ve\u013emi \u017eiadan\u00ed. <strong>Pr\u00e1vna pomoc pri glob\u00e1lnych prihl\u00e1\u0161kach ochrann\u00fdch zn\u00e1mok<\/strong> v\u00e1m pom\u00f4\u017ee vyhn\u00fa\u0165 sa chyb\u00e1m, nespr\u00e1vnemu v\u00fdberu triedy, zme\u0161kan\u00fdm term\u00ednom alebo nespr\u00e1vne vyplnen\u00fdm dokumentom.<\/p>\n<p>Upozor\u0148ujeme, \u017ee na zjednodu\u0161enie procesu by sa mali najsk\u00f4r vykona\u0165 nasleduj\u00face kroky:<\/p>\n<ul class=\"ul-gray\">\n<li>Poradi\u0165 s v\u00fdberom triedy a strat\u00e9giou pod\u00e1vania \u017eiadost\u00ed;<\/li>\n<li>Pripravova\u0165 a pod\u00e1va\u0165 dokumenty organiz\u00e1ci\u00e1m WIPO a INDPROP;<\/li>\n<li>Monitorova\u0165 n\u00e1mietky a obnovy, chr\u00e1ni\u0165 z\u00e1ujmy klienta.<\/li>\n<\/ul>\n<p>Tento pr\u00edstup zabezpe\u010duje spo\u013eahlivos\u0165 a transparentnos\u0165 pri registr\u00e1cii, \u010do si vysoko cenia v\u00fdvozcovia vstupuj\u00faci na nov\u00e9 trhy.[\/vc_column_text][\/vc_column][\/vc_row][vc_row content_placement=&#8221;middle&#8221; css_animation=&#8221;fadeInUp&#8221;][vc_column width=&#8221;1\/2&#8243;][vc_column_text css_animation=&#8221;slideInLeft&#8221; css=&#8221;&#8221;]<\/p>\n<h2>FCHAIN pom\u00e1ha chr\u00e1ni\u0165 zna\u010dku na celom svete<\/h2>\n<p>FCHAIN pon\u00faka rie\u0161enia na ochranu zna\u010diek vr\u00e1tane vyh\u013ead\u00e1vania podobn\u00fdch zna\u010diek a ich registr\u00e1cie. Ich pr\u00edstup kombinuje lok\u00e1lne znalosti s mechanizmami registr\u00e1cie <strong>ochrann\u00fdch zn\u00e1mok v E\u00da<\/strong> a <strong>medzin\u00e1rodn\u00fdch ochrann\u00fdch zn\u00e1mok<\/strong>, \u010d\u00edm minimalizuje rizik\u00e1. V\u010faka tomu s\u00fa partnerom pre startupy a ve\u013ek\u00fdch hr\u00e1\u010dov, ktor\u00ed sa sna\u017eia o expanziu.<\/p>\n<h3>Glob\u00e1lna ochrana ochrann\u00fdch zn\u00e1mok na Slovensku<\/h3>\n<p>Pr\u00e1vna pomoc s <strong>glob\u00e1lnou ochranou ochrann\u00fdch zn\u00e1mok Slovensko<\/strong> a postup <strong>medzin\u00e1rodn\u00e9ho z\u00e1pisu ochrann\u00fdch zn\u00e1mok<\/strong> umo\u017e\u0148uje podnikom vstup na glob\u00e1lne trhy. Slovensko sa z\u00fa\u010dast\u0148uje Madridsk\u00e9ho syst\u00e9mu:<\/p>\n<ol class=\"ul-gray\">\n<li>\u017diadosti sa predkladaj\u00fa organiz\u00e1cii WIPO na z\u00e1klade n\u00e1rodnej registr\u00e1cie.<\/li>\n<li>Ochrana sa vz\u0165ahuje a\u017e na 130 kraj\u00edn.<\/li>\n<li>Ochrann\u00e1 zn\u00e1mka je platn\u00e1 10 rokov.<\/li>\n<li>Registr\u00e1ciu je mo\u017en\u00e9 obnovi\u0165.<\/li>\n<li>To zjednodu\u0161uje pr\u00edstup na glob\u00e1lne trhy.<\/li>\n<\/ol>\n<p>Tento pr\u00edstup \u0161etr\u00ed \u010das a chr\u00e1ni va\u0161u zna\u010dku na celom svete![\/vc_column_text][\/vc_column][vc_column width=&#8221;1\/2&#8243;][vc_single_image image=&#8221;5407&#8243; img_size=&#8221;full&#8221; css_animation=&#8221;slideInRight&#8221;][\/vc_column][\/vc_row][vc_row css_animation=&#8221;fadeInUp&#8221;][vc_column][vc_column_text css_animation=&#8221;slideInUp&#8221; css=&#8221;&#8221;]<\/p>\n<h3>Pr\u00e1vo du\u0161evn\u00e9ho vlastn\u00edctva<\/h3>\n<p><strong>Pr\u00e1vo du\u0161evn\u00e9ho vlastn\u00edctva<\/strong> na Slovensku vy\u017eaduje originalitu ochrann\u00fdch zn\u00e1mok a zakazuje zav\u00e1dzaj\u00face ozna\u010denia. Toto je z\u00e1klad pre ochranu prostredn\u00edctvom <i>registr\u00e1cie ochrannej zn\u00e1mky WIPO<\/i>. Postup pri <strong>prihlasovan\u00ed ochrannej zn\u00e1mky pre medzin\u00e1rodn\u00e9 spolo\u010dnosti<\/strong> si vy\u017eaduje overenie jedine\u010dnosti a zoh\u013eadnenie miestnych predpisov. Najlep\u0161ie advok\u00e1tske kancel\u00e1rie \u0161pecializuj\u00face sa na ochrann\u00e9 zn\u00e1mky v Bratislave pre glob\u00e1lnu ochranu odpor\u00fa\u010daj\u00fa za\u010da\u0165 auditom zna\u010dky, aby sa predi\u0161lo konfliktom.<br \/>\n[\/vc_column_text][\/vc_column][\/vc_row]<\/p>\n<\/div>","protected":false},"excerpt":{"rendered":"<p>[vc_row css_animation=&#8221;fadeInUp&#8221;][vc_column][vc_column_text css_animation=&#8221;slideInDown&#8221; css=&#8221;&#8221;] Medzin\u00e1rodn\u00e1 registr\u00e1cia ochrannej zn\u00e1mky na Slovensku Spo\u013eahliv\u00fa pr\u00e1vnu ochranu a r\u00fdchly vstup na medzin\u00e1rodn\u00fd trh zabezpe\u010duje spr\u00e1vna obchodn\u00e1 strat\u00e9gia. A registr\u00e1cia zna\u010dky va\u0161ej spolo\u010dnosti je jedn\u00fdm z prv\u00fdch krokov. Tento postup zah\u0155\u0148a medzin\u00e1rodn\u00fa registr\u00e1ciu ochrannej zn\u00e1mky. To zabezpe\u010duje ochranu ochrannej zn\u00e1mky aj mimo va\u0161ej krajiny. Slovensko sa nach\u00e1dza v srdci Eur\u00f3py.<\/p>\n","protected":false},"author":2,"featured_media":0,"parent":0,"menu_order":0,"comment_status":"closed","ping_status":"closed","template":"","meta":{"_acf_changed":false,"footnotes":""},"class_list":["post-21848","page","type-page","status-publish","hentry"],"acf":[],"yoast_head":"<!-- This site is optimized with the Yoast SEO plugin v26.6 - https:\/\/yoast.com\/wordpress\/plugins\/seo\/ -->\n<title>Medzin\u00e1rodn\u00e1 registr\u00e1cia ochrannej zn\u00e1mky | FCHAIN \u200b\u200b\u2013 Glob\u00e1lne slu\u017eby ochrany du\u0161evn\u00e9ho vlastn\u00edctva<\/title>\n<meta name=\"description\" content=\"FCHAIN \u200b\u200bpon\u00faka profesion\u00e1lne slu\u017eby v oblasti medzin\u00e1rodnej registr\u00e1cie ochrann\u00fdch zn\u00e1mok: ochrana zna\u010dky, dodr\u017eiavanie pr\u00e1vnych predpisov a poradenstvo v oblasti du\u0161evn\u00e9ho vlastn\u00edctva. Zabezpe\u010dte si identitu svojej firmy na celom svete s na\u0161ou odbornou podporou.\" \/>\n<meta name=\"robots\" content=\"noindex, follow, max-snippet:-1, max-image-preview:large, max-video-preview:-1\" \/>\n<meta property=\"og:locale\" content=\"sk_SK\" \/>\n<meta property=\"og:type\" content=\"article\" \/>\n<meta property=\"og:title\" content=\"Medzin\u00e1rodn\u00e1 registr\u00e1cia ochrannej zn\u00e1mky | FCHAIN \u200b\u200b\u2013 Glob\u00e1lne slu\u017eby ochrany du\u0161evn\u00e9ho vlastn\u00edctva\" \/>\n<meta property=\"og:description\" content=\"FCHAIN \u200b\u200bpon\u00faka profesion\u00e1lne slu\u017eby v oblasti medzin\u00e1rodnej registr\u00e1cie ochrann\u00fdch zn\u00e1mok: ochrana zna\u010dky, dodr\u017eiavanie pr\u00e1vnych predpisov a poradenstvo v oblasti du\u0161evn\u00e9ho vlastn\u00edctva. Zabezpe\u010dte si identitu svojej firmy na celom svete s na\u0161ou odbornou podporou.\" \/>\n<meta property=\"og:url\" content=\"https:\/\/sk.f-chain.com\/sk\/international-trademark-registration\/\" \/>\n<meta property=\"og:site_name\" content=\"Fchain\" \/>\n<meta property=\"article:modified_time\" content=\"2025-11-10T02:06:50+00:00\" \/>\n<meta name=\"twitter:card\" content=\"summary_large_image\" \/>\n<meta name=\"twitter:label1\" content=\"Est. reading time\" \/>\n\t<meta name=\"twitter:data1\" content=\"3 minutes\" \/>\n<script type=\"application\/ld+json\" class=\"yoast-schema-graph\">{\"@context\":\"https:\/\/schema.org\",\"@graph\":[{\"@type\":\"WebPage\",\"@id\":\"https:\/\/sk.f-chain.com\/sk\/international-trademark-registration\/\",\"url\":\"https:\/\/sk.f-chain.com\/sk\/international-trademark-registration\/\",\"name\":\"Medzin\u00e1rodn\u00e1 registr\u00e1cia ochrannej zn\u00e1mky | FCHAIN \u200b\u200b\u2013 Glob\u00e1lne slu\u017eby ochrany du\u0161evn\u00e9ho vlastn\u00edctva\",\"isPartOf\":{\"@id\":\"https:\/\/sk.f-chain.com\/#website\"},\"datePublished\":\"2023-05-08T03:10:59+00:00\",\"dateModified\":\"2025-11-10T02:06:50+00:00\",\"description\":\"FCHAIN \u200b\u200bpon\u00faka profesion\u00e1lne slu\u017eby v oblasti medzin\u00e1rodnej registr\u00e1cie ochrann\u00fdch zn\u00e1mok: ochrana zna\u010dky, dodr\u017eiavanie pr\u00e1vnych predpisov a poradenstvo v oblasti du\u0161evn\u00e9ho vlastn\u00edctva. Zabezpe\u010dte si identitu svojej firmy na celom svete s na\u0161ou odbornou podporou.\",\"breadcrumb\":{\"@id\":\"https:\/\/sk.f-chain.com\/sk\/international-trademark-registration\/#breadcrumb\"},\"inLanguage\":\"sk-SK\",\"potentialAction\":[{\"@type\":\"ReadAction\",\"target\":[\"https:\/\/sk.f-chain.com\/sk\/international-trademark-registration\/\"]}]},{\"@type\":\"BreadcrumbList\",\"@id\":\"https:\/\/sk.f-chain.com\/sk\/international-trademark-registration\/#breadcrumb\",\"itemListElement\":[{\"@type\":\"ListItem\",\"position\":1,\"name\":\"Home\",\"item\":\"https:\/\/sk.f-chain.com\/sk\/\"},{\"@type\":\"ListItem\",\"position\":2,\"name\":\"Medzin\u00e1rodn\u00e1 registr\u00e1cia ochrannej zn\u00e1mky\"}]},{\"@type\":\"WebSite\",\"@id\":\"https:\/\/sk.f-chain.com\/#website\",\"url\":\"https:\/\/sk.f-chain.com\/\",\"name\":\"Fchain\",\"description\":\"\",\"potentialAction\":[{\"@type\":\"SearchAction\",\"target\":{\"@type\":\"EntryPoint\",\"urlTemplate\":\"https:\/\/sk.f-chain.com\/?s={search_term_string}\"},\"query-input\":{\"@type\":\"PropertyValueSpecification\",\"valueRequired\":true,\"valueName\":\"search_term_string\"}}],\"inLanguage\":\"sk-SK\"}]}<\/script>\n<!-- \/ Yoast SEO plugin. -->","yoast_head_json":{"title":"Medzin\u00e1rodn\u00e1 registr\u00e1cia ochrannej zn\u00e1mky | FCHAIN \u200b\u200b\u2013 Glob\u00e1lne slu\u017eby ochrany du\u0161evn\u00e9ho vlastn\u00edctva","description":"FCHAIN \u200b\u200bpon\u00faka profesion\u00e1lne slu\u017eby v oblasti medzin\u00e1rodnej registr\u00e1cie ochrann\u00fdch zn\u00e1mok: ochrana zna\u010dky, dodr\u017eiavanie pr\u00e1vnych predpisov a poradenstvo v oblasti du\u0161evn\u00e9ho vlastn\u00edctva. Zabezpe\u010dte si identitu svojej firmy na celom svete s na\u0161ou odbornou podporou.","robots":{"index":"noindex","follow":"follow","max-snippet":"max-snippet:-1","max-image-preview":"max-image-preview:large","max-video-preview":"max-video-preview:-1"},"og_locale":"sk_SK","og_type":"article","og_title":"Medzin\u00e1rodn\u00e1 registr\u00e1cia ochrannej zn\u00e1mky | FCHAIN \u200b\u200b\u2013 Glob\u00e1lne slu\u017eby ochrany du\u0161evn\u00e9ho vlastn\u00edctva","og_description":"FCHAIN \u200b\u200bpon\u00faka profesion\u00e1lne slu\u017eby v oblasti medzin\u00e1rodnej registr\u00e1cie ochrann\u00fdch zn\u00e1mok: ochrana zna\u010dky, dodr\u017eiavanie pr\u00e1vnych predpisov a poradenstvo v oblasti du\u0161evn\u00e9ho vlastn\u00edctva. Zabezpe\u010dte si identitu svojej firmy na celom svete s na\u0161ou odbornou podporou.","og_url":"https:\/\/sk.f-chain.com\/sk\/international-trademark-registration\/","og_site_name":"Fchain","article_modified_time":"2025-11-10T02:06:50+00:00","twitter_card":"summary_large_image","twitter_misc":{"Est. reading time":"3 minutes"},"schema":{"@context":"https:\/\/schema.org","@graph":[{"@type":"WebPage","@id":"https:\/\/sk.f-chain.com\/sk\/international-trademark-registration\/","url":"https:\/\/sk.f-chain.com\/sk\/international-trademark-registration\/","name":"Medzin\u00e1rodn\u00e1 registr\u00e1cia ochrannej zn\u00e1mky | FCHAIN \u200b\u200b\u2013 Glob\u00e1lne slu\u017eby ochrany du\u0161evn\u00e9ho vlastn\u00edctva","isPartOf":{"@id":"https:\/\/sk.f-chain.com\/#website"},"datePublished":"2023-05-08T03:10:59+00:00","dateModified":"2025-11-10T02:06:50+00:00","description":"FCHAIN \u200b\u200bpon\u00faka profesion\u00e1lne slu\u017eby v oblasti medzin\u00e1rodnej registr\u00e1cie ochrann\u00fdch zn\u00e1mok: ochrana zna\u010dky, dodr\u017eiavanie pr\u00e1vnych predpisov a poradenstvo v oblasti du\u0161evn\u00e9ho vlastn\u00edctva. Zabezpe\u010dte si identitu svojej firmy na celom svete s na\u0161ou odbornou podporou.","breadcrumb":{"@id":"https:\/\/sk.f-chain.com\/sk\/international-trademark-registration\/#breadcrumb"},"inLanguage":"sk-SK","potentialAction":[{"@type":"ReadAction","target":["https:\/\/sk.f-chain.com\/sk\/international-trademark-registration\/"]}]},{"@type":"BreadcrumbList","@id":"https:\/\/sk.f-chain.com\/sk\/international-trademark-registration\/#breadcrumb","itemListElement":[{"@type":"ListItem","position":1,"name":"Home","item":"https:\/\/sk.f-chain.com\/sk\/"},{"@type":"ListItem","position":2,"name":"Medzin\u00e1rodn\u00e1 registr\u00e1cia ochrannej zn\u00e1mky"}]},{"@type":"WebSite","@id":"https:\/\/sk.f-chain.com\/#website","url":"https:\/\/sk.f-chain.com\/","name":"Fchain","description":"","potentialAction":[{"@type":"SearchAction","target":{"@type":"EntryPoint","urlTemplate":"https:\/\/sk.f-chain.com\/?s={search_term_string}"},"query-input":{"@type":"PropertyValueSpecification","valueRequired":true,"valueName":"search_term_string"}}],"inLanguage":"sk-SK"}]}},"_links":{"self":[{"href":"https:\/\/sk.f-chain.com\/sk\/wp-json\/wp\/v2\/pages\/21848","targetHints":{"allow":["GET"]}}],"collection":[{"href":"https:\/\/sk.f-chain.com\/sk\/wp-json\/wp\/v2\/pages"}],"about":[{"href":"https:\/\/sk.f-chain.com\/sk\/wp-json\/wp\/v2\/types\/page"}],"author":[{"embeddable":true,"href":"https:\/\/sk.f-chain.com\/sk\/wp-json\/wp\/v2\/users\/2"}],"replies":[{"embeddable":true,"href":"https:\/\/sk.f-chain.com\/sk\/wp-json\/wp\/v2\/comments?post=21848"}],"version-history":[{"count":3,"href":"https:\/\/sk.f-chain.com\/sk\/wp-json\/wp\/v2\/pages\/21848\/revisions"}],"predecessor-version":[{"id":21855,"href":"https:\/\/sk.f-chain.com\/sk\/wp-json\/wp\/v2\/pages\/21848\/revisions\/21855"}],"wp:attachment":[{"href":"https:\/\/sk.f-chain.com\/sk\/wp-json\/wp\/v2\/media?parent=21848"}],"curies":[{"name":"wp","href":"https:\/\/api.w.org\/{rel}","templated":true}]}}