{"id":21865,"date":"2023-02-24T14:52:19","date_gmt":"2023-02-24T11:52:19","guid":{"rendered":"https:\/\/sk.f-chain.com\/outsourcing-and-outstaffing\/"},"modified":"2025-11-10T05:45:31","modified_gmt":"2025-11-10T02:45:31","slug":"outsourcing-and-outstaffing","status":"publish","type":"page","link":"https:\/\/sk.f-chain.com\/sk\/outsourcing-and-outstaffing\/","title":{"rendered":"Outsourcing a outstaffing"},"content":{"rendered":"<div class=\"wpb-content-wrapper\"><p>[vc_row css_animation=&#8221;fadeInUp&#8221;][vc_column][vc_column_text css_animation=&#8221;fadeInDown&#8221; css=&#8221;&#8221;]<\/p>\n<h2>Outsourcingov\u00e9 a outstaffingov\u00e9 slu\u017eby na Slovensku<\/h2>\n<p><strong>Outsourcingov\u00e9 slu\u017eby<\/strong> s\u00fa dnes pre modern\u00e9 spolo\u010dnosti ve\u013emi \u017eiadan\u00e9. Medzin\u00e1rodn\u00e9 startupy nie s\u00fa v\u00fdnimkou. Pon\u00fakame komplexn\u00e9 outstaffingov\u00e9 slu\u017eby v Bratislave a \u010fal\u0161\u00edch mest\u00e1ch Slovenska.<\/p>\n<p>Na\u0161e <strong>outstaffingov\u00e9 slu\u017eby<\/strong> umo\u017e\u0148uj\u00fa zamestna\u0165 vhodn\u00fdch \u0161pecialistov bez toho, aby ste ich prid\u00e1vali do v\u00fdplatnej listiny va\u0161ej spolo\u010dnosti. To v\u00e1m umo\u017e\u0148uje s\u00fastredi\u0165 sa na strategick\u00e9 obchodn\u00e9 \u00falohy a pracova\u0165 efekt\u00edvne.<br \/>\n[\/vc_column_text][\/vc_column][\/vc_row][vc_row content_placement=&#8221;middle&#8221; css_animation=&#8221;fadeInUp&#8221;][vc_column width=&#8221;1\/2&#8243;][vc_column_text css_animation=&#8221;fadeInLeft&#8221; css=&#8221;&#8221;]<\/p>\n<h2>\u010co je outsourcing \u013eudsk\u00fdch zdrojov a miezd<\/h2>\n<p>Riadenie \u013eudsk\u00fdch zdrojov a v\u00fdpo\u010det miezd s\u00fa zlo\u017eit\u00e9 a \u010dasovo n\u00e1ro\u010dn\u00e9 procesy. Vyu\u017eit\u00edm <strong>outsourcingov\u00fdch slu\u017eieb<\/strong> sa m\u00f4\u017eete vyhn\u00fa\u0165 chyb\u00e1m s\u00favisiacim s da\u0148ami a person\u00e1lnou administrat\u00edvou. Poskytujeme outsourcingov\u00e9 slu\u017eby, ako je vedenie evidencie, v\u00fdpo\u010det dan\u00ed, v\u00fdpo\u010det dovolenky a v\u00fdpo\u010det platieb, pri plnom s\u00falade so slovenskou legislat\u00edvou.<\/p>\n<p>Hlavn\u00e9 v\u00fdhody na\u0161ich slu\u017eieb:<\/p>\n<ul class=\"ul-gray\">\n<li>\u00faspora \u010dasu a zdrojov;<\/li>\n<li>zn\u00ed\u017eenie riz\u00edk po\u010das da\u0148ov\u00fdch kontrol;<\/li>\n<li>transparentn\u00e9 pod\u00e1vanie spr\u00e1v a pr\u00edsna d\u00f4vernos\u0165 \u00fadajov.<\/li>\n<\/ul>\n<p><strong>Outstaffing miezd<\/strong> zaru\u010duje presnos\u0165 finan\u010dn\u00fdch v\u00fdpo\u010dtov a stabilitu platieb zamestnancom.<br \/>\n[\/vc_column_text][\/vc_column][vc_column width=&#8221;1\/2&#8243;][vc_single_image image=&#8221;545&#8243; img_size=&#8221;full&#8221;][\/vc_column][\/vc_row][vc_row content_placement=&#8221;middle&#8221; css_animation=&#8221;fadeInUp&#8221;][vc_column width=&#8221;1\/2&#8243;][vc_single_image image=&#8221;5190&#8243; img_size=&#8221;full&#8221;][\/vc_column][vc_column width=&#8221;1\/2&#8243;][vc_column_text css_animation=&#8221;fadeInRight&#8221; css=&#8221;&#8221;]<\/p>\n<h3>Outsourcing zamestnanosti: hlavn\u00e9 v\u00fdhody<\/h3>\n<p>Pon\u00fakame praktick\u00e9 rie\u0161enie \u2013 <strong>EOR na Slovensku<\/strong> (Employer of Record), ktor\u00e9 umo\u017e\u0148uje firm\u00e1m ofici\u00e1lne prij\u00edma\u0165 zamestnancov bez otvorenia pobo\u010dky alebo zast\u00fapenia. Tento typ <strong>outsourcingov\u00fdch slu\u017eieb<\/strong> je vhodn\u00fd pre r\u00fdchlo rast\u00face medzin\u00e1rodn\u00e9 t\u00edmy, ktor\u00e9 potrebuj\u00fa leg\u00e1lne p\u00f4sobi\u0165 v krajine s minim\u00e1lnymi administrat\u00edvnymi n\u00e1kladmi.<\/p>\n<p>Poskytujeme podporu pri <strong>outsourcingu n\u00e1borov\u00e9ho procesu na Slovensku<\/strong>. To pom\u00e1ha firm\u00e1m n\u00e1js\u0165 spr\u00e1vnych \u0161pecialistov a \u0161etr\u00ed \u010das a zdroje.<\/p>\n<h2>Slu\u017eby \u013eudsk\u00fdch zdrojov: na \u010do s\u00fa potrebn\u00e9<\/h2>\n<p>T\u00edm expertov FCHAIN pon\u00faka komplexn\u00fa podporu, od outsourcingu n\u00e1borov\u00e9ho procesu a\u017e po implement\u00e1ciu syst\u00e9mov hodnotenia v\u00fdkonnosti. Poskytujeme <strong>outsourcingov\u00e9 slu\u017eby<\/strong>, ktor\u00e9 pom\u00e1haj\u00fa firm\u00e1m budova\u0165 efekt\u00edvnu komunik\u00e1ciu v r\u00e1mci t\u00edmu, rozv\u00edja\u0165 firemn\u00fa kult\u00faru a zni\u017eova\u0165 fluktu\u00e1ciu zamestnancov.<\/p>\n<p>Jednou z najob\u013e\u00fabenej\u0161\u00edch slu\u017eieb je <strong>riadenie t\u00edmov na dia\u013eku v Bratislave<\/strong>, ktor\u00e9 je obzvl\u00e1\u0161\u0165 relevantn\u00e9 pre spolo\u010dnosti pracuj\u00face s distribuovan\u00fdmi t\u00edmami. Tento pr\u00edstup zabezpe\u010duje vysok\u00fa \u00farove\u0148 anga\u017eovanosti zamestnancov a transparentnos\u0165 pracovn\u00fdch procesov.<\/p>\n<h3>Outsourcing miezd pre firmy<\/h3>\n<p>Outsourcing miezd prostredn\u00edctvom <strong>outsourcingov\u00fdch slu\u017eieb<\/strong> nie je len \u00fasporou \u010dasu, ale aj z\u00e1rukou presnosti a s\u00faladu so v\u0161etk\u00fdmi da\u0148ov\u00fdmi po\u017eiadavkami. Zabezpe\u010dujeme automatizovan\u00e9 reportovanie, pravideln\u00e9 aktualiz\u00e1cie \u00fadajov a \u00fapln\u00fa d\u00f4vernos\u0165 inform\u00e1ci\u00ed o zamestnancoch.<\/p>\n<h2>Na\u0161e rie\u0161enia zah\u0155\u0148aj\u00fa aj prvky <strong>offshore outsourcingu<\/strong>, v\u010faka \u010domu je proces flexibiln\u00fd a dostupn\u00fd pre medzin\u00e1rodn\u00e9 spolo\u010dnosti. Pom\u00e1hame klientom zni\u017eova\u0165 finan\u010dn\u00e9 rizik\u00e1 a zamera\u0165 sa na strategick\u00fd rast t\u00fdm, \u017ee n\u00e1m zveruj\u00fa v\u0161etky \u00falohy v oblasti riadenia \u013eudsk\u00fdch zdrojov a financi\u00ed.<\/h2>\n<p>[\/vc_column_text][\/vc_column][\/vc_row]<\/p>\n<\/div>","protected":false},"excerpt":{"rendered":"<p>[vc_row css_animation=&#8221;fadeInUp&#8221;][vc_column][vc_column_text css_animation=&#8221;fadeInDown&#8221; css=&#8221;&#8221;] Outsourcingov\u00e9 a outstaffingov\u00e9 slu\u017eby na Slovensku Outsourcingov\u00e9 slu\u017eby s\u00fa dnes pre modern\u00e9 spolo\u010dnosti ve\u013emi \u017eiadan\u00e9. Medzin\u00e1rodn\u00e9 startupy nie s\u00fa v\u00fdnimkou. Pon\u00fakame komplexn\u00e9 outstaffingov\u00e9 slu\u017eby v Bratislave a \u010fal\u0161\u00edch mest\u00e1ch Slovenska. Na\u0161e outstaffingov\u00e9 slu\u017eby umo\u017e\u0148uj\u00fa zamestna\u0165 vhodn\u00fdch \u0161pecialistov bez toho, aby ste ich prid\u00e1vali do v\u00fdplatnej listiny va\u0161ej spolo\u010dnosti. To v\u00e1m umo\u017e\u0148uje<\/p>\n","protected":false},"author":2,"featured_media":0,"parent":0,"menu_order":0,"comment_status":"closed","ping_status":"closed","template":"","meta":{"_acf_changed":false,"footnotes":""},"class_list":["post-21865","page","type-page","status-publish","hentry"],"acf":[],"yoast_head":"<!-- This site is optimized with the Yoast SEO plugin v26.6 - https:\/\/yoast.com\/wordpress\/plugins\/seo\/ -->\n<title>Outsourcingov\u00e9 a outstaffingov\u00e9 slu\u017eby na Slovensku | FCHAIN \u200b\u200b\u2013 Flexibiln\u00e9 obchodn\u00e9 rie\u0161enia<\/title>\n<meta name=\"description\" content=\"FCHAIN \u200b\u200bpon\u00faka outsourcingov\u00e9 a outstaffingov\u00e9 slu\u017eby na Slovensku: \u00fa\u010dtovn\u00edctvo, \u013eudsk\u00e9 zdroje, pr\u00e1vne a mzdov\u00e9 poradenstvo. Flexibiln\u00e9 rie\u0161enia pre pracovn\u00fa silu a podnikanie na zn\u00ed\u017eenie n\u00e1kladov, zabezpe\u010denie s\u00faladu s predpismi a zv\u00fd\u0161enie efektivity.\" \/>\n<meta name=\"robots\" content=\"noindex, follow, max-snippet:-1, max-image-preview:large, max-video-preview:-1\" \/>\n<meta property=\"og:locale\" content=\"sk_SK\" \/>\n<meta property=\"og:type\" content=\"article\" \/>\n<meta property=\"og:title\" content=\"Outsourcingov\u00e9 a outstaffingov\u00e9 slu\u017eby na Slovensku | FCHAIN \u200b\u200b\u2013 Flexibiln\u00e9 obchodn\u00e9 rie\u0161enia\" \/>\n<meta property=\"og:description\" content=\"FCHAIN \u200b\u200bpon\u00faka outsourcingov\u00e9 a outstaffingov\u00e9 slu\u017eby na Slovensku: \u00fa\u010dtovn\u00edctvo, \u013eudsk\u00e9 zdroje, pr\u00e1vne a mzdov\u00e9 poradenstvo. Flexibiln\u00e9 rie\u0161enia pre pracovn\u00fa silu a podnikanie na zn\u00ed\u017eenie n\u00e1kladov, zabezpe\u010denie s\u00faladu s predpismi a zv\u00fd\u0161enie efektivity.\" \/>\n<meta property=\"og:url\" content=\"https:\/\/sk.f-chain.com\/sk\/outsourcing-and-outstaffing\/\" \/>\n<meta property=\"og:site_name\" content=\"Fchain\" \/>\n<meta property=\"article:modified_time\" content=\"2025-11-10T02:45:31+00:00\" \/>\n<meta name=\"twitter:card\" content=\"summary_large_image\" \/>\n<meta name=\"twitter:label1\" content=\"Est. reading time\" \/>\n\t<meta name=\"twitter:data1\" content=\"2 minutes\" \/>\n<script type=\"application\/ld+json\" class=\"yoast-schema-graph\">{\"@context\":\"https:\/\/schema.org\",\"@graph\":[{\"@type\":\"WebPage\",\"@id\":\"https:\/\/sk.f-chain.com\/sk\/outsourcing-and-outstaffing\/\",\"url\":\"https:\/\/sk.f-chain.com\/sk\/outsourcing-and-outstaffing\/\",\"name\":\"Outsourcingov\u00e9 a outstaffingov\u00e9 slu\u017eby na Slovensku | FCHAIN \u200b\u200b\u2013 Flexibiln\u00e9 obchodn\u00e9 rie\u0161enia\",\"isPartOf\":{\"@id\":\"https:\/\/sk.f-chain.com\/#website\"},\"datePublished\":\"2023-02-24T11:52:19+00:00\",\"dateModified\":\"2025-11-10T02:45:31+00:00\",\"description\":\"FCHAIN \u200b\u200bpon\u00faka outsourcingov\u00e9 a outstaffingov\u00e9 slu\u017eby na Slovensku: \u00fa\u010dtovn\u00edctvo, \u013eudsk\u00e9 zdroje, pr\u00e1vne a mzdov\u00e9 poradenstvo. Flexibiln\u00e9 rie\u0161enia pre pracovn\u00fa silu a podnikanie na zn\u00ed\u017eenie n\u00e1kladov, zabezpe\u010denie s\u00faladu s predpismi a zv\u00fd\u0161enie efektivity.\",\"breadcrumb\":{\"@id\":\"https:\/\/sk.f-chain.com\/sk\/outsourcing-and-outstaffing\/#breadcrumb\"},\"inLanguage\":\"sk-SK\",\"potentialAction\":[{\"@type\":\"ReadAction\",\"target\":[\"https:\/\/sk.f-chain.com\/sk\/outsourcing-and-outstaffing\/\"]}]},{\"@type\":\"BreadcrumbList\",\"@id\":\"https:\/\/sk.f-chain.com\/sk\/outsourcing-and-outstaffing\/#breadcrumb\",\"itemListElement\":[{\"@type\":\"ListItem\",\"position\":1,\"name\":\"Home\",\"item\":\"https:\/\/sk.f-chain.com\/sk\/\"},{\"@type\":\"ListItem\",\"position\":2,\"name\":\"Outsourcing a outstaffing\"}]},{\"@type\":\"WebSite\",\"@id\":\"https:\/\/sk.f-chain.com\/#website\",\"url\":\"https:\/\/sk.f-chain.com\/\",\"name\":\"Fchain\",\"description\":\"\",\"potentialAction\":[{\"@type\":\"SearchAction\",\"target\":{\"@type\":\"EntryPoint\",\"urlTemplate\":\"https:\/\/sk.f-chain.com\/?s={search_term_string}\"},\"query-input\":{\"@type\":\"PropertyValueSpecification\",\"valueRequired\":true,\"valueName\":\"search_term_string\"}}],\"inLanguage\":\"sk-SK\"}]}<\/script>\n<!-- \/ Yoast SEO plugin. -->","yoast_head_json":{"title":"Outsourcingov\u00e9 a outstaffingov\u00e9 slu\u017eby na Slovensku | FCHAIN \u200b\u200b\u2013 Flexibiln\u00e9 obchodn\u00e9 rie\u0161enia","description":"FCHAIN \u200b\u200bpon\u00faka outsourcingov\u00e9 a outstaffingov\u00e9 slu\u017eby na Slovensku: \u00fa\u010dtovn\u00edctvo, \u013eudsk\u00e9 zdroje, pr\u00e1vne a mzdov\u00e9 poradenstvo. Flexibiln\u00e9 rie\u0161enia pre pracovn\u00fa silu a podnikanie na zn\u00ed\u017eenie n\u00e1kladov, zabezpe\u010denie s\u00faladu s predpismi a zv\u00fd\u0161enie efektivity.","robots":{"index":"noindex","follow":"follow","max-snippet":"max-snippet:-1","max-image-preview":"max-image-preview:large","max-video-preview":"max-video-preview:-1"},"og_locale":"sk_SK","og_type":"article","og_title":"Outsourcingov\u00e9 a outstaffingov\u00e9 slu\u017eby na Slovensku | FCHAIN \u200b\u200b\u2013 Flexibiln\u00e9 obchodn\u00e9 rie\u0161enia","og_description":"FCHAIN \u200b\u200bpon\u00faka outsourcingov\u00e9 a outstaffingov\u00e9 slu\u017eby na Slovensku: \u00fa\u010dtovn\u00edctvo, \u013eudsk\u00e9 zdroje, pr\u00e1vne a mzdov\u00e9 poradenstvo. Flexibiln\u00e9 rie\u0161enia pre pracovn\u00fa silu a podnikanie na zn\u00ed\u017eenie n\u00e1kladov, zabezpe\u010denie s\u00faladu s predpismi a zv\u00fd\u0161enie efektivity.","og_url":"https:\/\/sk.f-chain.com\/sk\/outsourcing-and-outstaffing\/","og_site_name":"Fchain","article_modified_time":"2025-11-10T02:45:31+00:00","twitter_card":"summary_large_image","twitter_misc":{"Est. reading time":"2 minutes"},"schema":{"@context":"https:\/\/schema.org","@graph":[{"@type":"WebPage","@id":"https:\/\/sk.f-chain.com\/sk\/outsourcing-and-outstaffing\/","url":"https:\/\/sk.f-chain.com\/sk\/outsourcing-and-outstaffing\/","name":"Outsourcingov\u00e9 a outstaffingov\u00e9 slu\u017eby na Slovensku | FCHAIN \u200b\u200b\u2013 Flexibiln\u00e9 obchodn\u00e9 rie\u0161enia","isPartOf":{"@id":"https:\/\/sk.f-chain.com\/#website"},"datePublished":"2023-02-24T11:52:19+00:00","dateModified":"2025-11-10T02:45:31+00:00","description":"FCHAIN \u200b\u200bpon\u00faka outsourcingov\u00e9 a outstaffingov\u00e9 slu\u017eby na Slovensku: \u00fa\u010dtovn\u00edctvo, \u013eudsk\u00e9 zdroje, pr\u00e1vne a mzdov\u00e9 poradenstvo. Flexibiln\u00e9 rie\u0161enia pre pracovn\u00fa silu a podnikanie na zn\u00ed\u017eenie n\u00e1kladov, zabezpe\u010denie s\u00faladu s predpismi a zv\u00fd\u0161enie efektivity.","breadcrumb":{"@id":"https:\/\/sk.f-chain.com\/sk\/outsourcing-and-outstaffing\/#breadcrumb"},"inLanguage":"sk-SK","potentialAction":[{"@type":"ReadAction","target":["https:\/\/sk.f-chain.com\/sk\/outsourcing-and-outstaffing\/"]}]},{"@type":"BreadcrumbList","@id":"https:\/\/sk.f-chain.com\/sk\/outsourcing-and-outstaffing\/#breadcrumb","itemListElement":[{"@type":"ListItem","position":1,"name":"Home","item":"https:\/\/sk.f-chain.com\/sk\/"},{"@type":"ListItem","position":2,"name":"Outsourcing a outstaffing"}]},{"@type":"WebSite","@id":"https:\/\/sk.f-chain.com\/#website","url":"https:\/\/sk.f-chain.com\/","name":"Fchain","description":"","potentialAction":[{"@type":"SearchAction","target":{"@type":"EntryPoint","urlTemplate":"https:\/\/sk.f-chain.com\/?s={search_term_string}"},"query-input":{"@type":"PropertyValueSpecification","valueRequired":true,"valueName":"search_term_string"}}],"inLanguage":"sk-SK"}]}},"_links":{"self":[{"href":"https:\/\/sk.f-chain.com\/sk\/wp-json\/wp\/v2\/pages\/21865","targetHints":{"allow":["GET"]}}],"collection":[{"href":"https:\/\/sk.f-chain.com\/sk\/wp-json\/wp\/v2\/pages"}],"about":[{"href":"https:\/\/sk.f-chain.com\/sk\/wp-json\/wp\/v2\/types\/page"}],"author":[{"embeddable":true,"href":"https:\/\/sk.f-chain.com\/sk\/wp-json\/wp\/v2\/users\/2"}],"replies":[{"embeddable":true,"href":"https:\/\/sk.f-chain.com\/sk\/wp-json\/wp\/v2\/comments?post=21865"}],"version-history":[{"count":3,"href":"https:\/\/sk.f-chain.com\/sk\/wp-json\/wp\/v2\/pages\/21865\/revisions"}],"predecessor-version":[{"id":21870,"href":"https:\/\/sk.f-chain.com\/sk\/wp-json\/wp\/v2\/pages\/21865\/revisions\/21870"}],"wp:attachment":[{"href":"https:\/\/sk.f-chain.com\/sk\/wp-json\/wp\/v2\/media?parent=21865"}],"curies":[{"name":"wp","href":"https:\/\/api.w.org\/{rel}","templated":true}]}}