{"id":21874,"date":"2023-02-24T14:53:42","date_gmt":"2023-02-24T11:53:42","guid":{"rendered":"https:\/\/sk.f-chain.com\/payroll-services\/"},"modified":"2025-11-10T05:56:44","modified_gmt":"2025-11-10T02:56:44","slug":"payroll-services","status":"publish","type":"page","link":"https:\/\/sk.f-chain.com\/sk\/payroll-services\/","title":{"rendered":"Payroll services"},"content":{"rendered":"<div class=\"wpb-content-wrapper\"><p>[vc_row css_animation=&#8221;fadeInUp&#8221;][vc_column][vc_column_text css_animation=&#8221;fadeInDown&#8221; css=&#8221;&#8221;]<\/p>\n<h2>Mzdov\u00e9 slu\u017eby na Slovensku \u2013 spo\u013eahliv\u00e1 podpora pre va\u0161u spolo\u010dnos\u0165<\/h2>\n<p>Slovensko je ve\u013emi ziskov\u00e9 miesto na podnikanie. M\u00e1 stabiln\u00fa ekonomiku a nach\u00e1dza sa prakticky v strede Eur\u00f3py. Mnoho spolo\u010dnost\u00ed si vyber\u00e1 <strong>mzdov\u00e9 slu\u017eby na Slovensku<\/strong>, aby si zjednodu\u0161ili riadenie a zamerali sa na rozvoj podnikania. Profesion\u00e1lne <strong>mzdov\u00e9 slu\u017eby<\/strong> zni\u017euj\u00fa n\u00e1klady a zvy\u0161uj\u00fa presnos\u0165 v\u00fdpo\u010dtov. Pri na\u0161ej pr\u00e1ci plne dodr\u017eiavame z\u00e1kony krajiny.<\/p>\n<p>Efekt\u00edvne <strong>riadenie miezd zamestnancov<\/strong> je \u00faspechom ka\u017edej spolo\u010dnosti. To znamen\u00e1 nielen v\u010dasn\u00e9 platby, ale aj transparentnos\u0165 v\u0161etk\u00fdch procesov. Zveren\u00edm t\u00fdchto \u00faloh \u0161pecialistom z\u00edskavaj\u00fa firmy d\u00f4veru v spo\u013eahlivos\u0165 a dodr\u017eiavanie v\u0161etk\u00fdch predpisov.<\/p>\n<p>[\/vc_column_text][\/vc_column][\/vc_row][vc_row content_placement=&#8221;middle&#8221; css_animation=&#8221;fadeInUp&#8221;][vc_column width=&#8221;1\/2&#8243;][vc_column_text css_animation=&#8221;fadeInLeft&#8221; css=&#8221;&#8221;]<\/p>\n<h2>Outsourcing miezd a \u013eudsk\u00fdch zdrojov \u2013 komplexn\u00fd pr\u00edstup k riadeniu \u013eudsk\u00fdch zdrojov<\/h2>\n<p>Modern\u00e9 spolo\u010dnosti si vyberaj\u00fa <strong>outsourcing miezd na Slovensku<\/strong> ako sp\u00f4sob optimaliz\u00e1cie. Okrem toho pom\u00e1ha zefekt\u00edvni\u0165 pracovn\u00fd postup. Outsourcing mzdov\u00fdch a person\u00e1lnych \u00faloh v\u00e1m pom\u00e1ha vyhn\u00fa\u0165 sa chyb\u00e1m a zn\u00ed\u017ei\u0165 za\u0165a\u017eenie va\u0161ich vlastn\u00fdch zdrojov.<\/p>\n<p>Spo\u013eahliv\u00e9 <strong>mzdov\u00e9 slu\u017eby<\/strong> patria:<\/p>\n<ul class=\"ul-gray\">\n<li>sledovanie \u010dasu a riadenie harmonogramu;<\/li>\n<li>outsourcingov\u00e9 rie\u0161enia mzdov\u00fdch slu\u017eieb pre firmy;<\/li>\n<li>vedenie person\u00e1lnych z\u00e1znamov;<\/li>\n<li>da\u0148ov\u00fa a pr\u00e1vnu podporu.<\/li>\n<\/ul>\n<p>Tento pr\u00edstup kombinuje <strong>spr\u00e1vu miezd zamestnancov<\/strong> a person\u00e1lnu administrat\u00edvu, \u010d\u00edm vytv\u00e1ra transparentn\u00fd a udr\u017eate\u013en\u00fd syst\u00e9m riadenia person\u00e1lu.<\/p>\n<p>[\/vc_column_text][\/vc_column][vc_column width=&#8221;1\/2&#8243;][vc_single_image image=&#8221;848&#8243; img_size=&#8221;full&#8221;][\/vc_column][\/vc_row][vc_row equal_height=&#8221;yes&#8221; content_placement=&#8221;middle&#8221; css_animation=&#8221;fadeInUp&#8221;][vc_column width=&#8221;1\/2&#8243;][vc_single_image image=&#8221;5197&#8243; img_size=&#8221;full&#8221;][\/vc_column][vc_column width=&#8221;1\/2&#8243;][vc_column_text css_animation=&#8221;fadeInRight&#8221; css=&#8221;&#8221;]<\/p>\n<h3>Poskytovate\u013e mzdov\u00fdch slu\u017eieb pre firmy \u2013 profesion\u00e1lna pomoc s v\u00fdpo\u010dtami a administrat\u00edvou<\/h3>\n<p>V\u00fdber spo\u013eahliv\u00e9ho partnera pre spracovanie miezd je k\u013e\u00fa\u010dov\u00fd. Sk\u00fasen\u00fd <strong>poskytovate\u013e slu\u017eieb spracovania miezd pre firmy v Bratislave<\/strong> vykon\u00e1va presn\u00e9 v\u00fdpo\u010dty prisp\u00f4soben\u00e9 \u0161pecifik\u00e1m spolo\u010dnosti.<\/p>\n<p>Profesion\u00e1lne <strong>mzdov\u00e9 slu\u017eby<\/strong> s\u00fa rie\u0161en\u00edm pre ka\u017ed\u00fa firmu. Pre ve\u013ek\u00e9 spolo\u010dnosti je obzvl\u00e1\u0161\u0165 d\u00f4le\u017eit\u00e9 ma\u0165 presn\u00e9 <strong>spracovanie miezd pre medzin\u00e1rodn\u00e9 spolo\u010dnosti<\/strong>, ktor\u00e9 zoh\u013ead\u0148uje da\u0148ov\u00e9 pravidl\u00e1 r\u00f4znych kraj\u00edn a zabezpe\u010duje transparentnos\u0165 v\u0161etk\u00fdch platieb.<\/p>\n<h2>Spr\u00e1va miezd \u2013 presnos\u0165 a s\u00falad s legislat\u00edvou<\/h2>\n<p>Spr\u00e1vne spracovanie miezd a dodr\u017eiavanie da\u0148ov\u00fdch predpisov si vy\u017eaduj\u00fa pozornos\u0165 a profesion\u00e1lny pr\u00edstup. Spolo\u010dnosti, ktor\u00e9 vyu\u017e\u00edvaj\u00fa <strong>mzdov\u00e9 slu\u017eby<\/strong>, z\u00edskavaj\u00fa \u00fapln\u00fa kontrolu nad platbami, reportovan\u00edm a dodr\u017eiavan\u00edm predpisov. Jednou z f\u00e1z je <strong>v\u00fdpo\u010det dane zo mzdy<\/strong>, preto\u017ee presnos\u0165 je ve\u013emi d\u00f4le\u017eit\u00e1.<\/p>\n<p>Prenesen\u00edm t\u00fdchto \u00faloh na \u0161pecialistov firmy zni\u017euj\u00fa riziko ch\u00fdb a \u0161etria \u010das. To posil\u0148uje d\u00f4veru zamestnancov a vytv\u00e1ra stabiln\u00fd mzdov\u00fd syst\u00e9m.<\/p>\n<p>[\/vc_column_text][\/vc_column][\/vc_row][vc_row content_placement=&#8221;middle&#8221; css_animation=&#8221;fadeInUp&#8221;][vc_column width=&#8221;1\/2&#8243;][vc_column_text css_animation=&#8221;fadeInLeft&#8221; css=&#8221;&#8221;]<\/p>\n<h3>Cenovo v\u00fdhodn\u00e9 mzdov\u00e9 rie\u0161enia pre firmy \u2013 \u00faspory bez kompromisov v kvalite<\/h3>\n<p>Vysokokvalitn\u00e9 <strong>mzdov\u00e9 slu\u017eby<\/strong> m\u00f4\u017eu by\u0165 cenovo dostupn\u00e9 a ziskov\u00e9. Modern\u00e9 rie\u0161enia umo\u017e\u0148uj\u00fa spolo\u010dnostiam akejko\u013evek ve\u013ekosti z\u00edska\u0165 vysok\u00fa \u00farove\u0148 slu\u017eieb a z\u00e1rove\u0148 zn\u00ed\u017ei\u0165 n\u00e1klady.<\/p>\n<p>Pon\u00fakame <strong>mzdov\u00e9 slu\u017eby na Slovensku<\/strong>:<\/p>\n<ul class=\"ul-gray\">\n<li>automatiz\u00e1cia v\u00fdpo\u010dtov a reportovania;<\/li>\n<li>zn\u00ed\u017eenie n\u00e1kladov na intern\u00e9 zdroje;<\/li>\n<li>transparentnos\u0165 procesov;<\/li>\n<li>flexibilita a \u0161k\u00e1lovate\u013enos\u0165 rie\u0161en\u00ed.<\/li>\n<\/ul>\n<p>V\u010faka tomu v\u0161etk\u00e9mu je v\u00fdpo\u010det miezd ve\u013emi jednoduch\u00fd proces. Pom\u00e1ha to firm\u00e1m r\u00e1s\u0165 a zamestnancom sa c\u00edti\u0165 sebavedomo a stabilne.[\/vc_column_text][\/vc_column][vc_column width=&#8221;1\/2&#8243;][vc_single_image image=&#8221;578&#8243; img_size=&#8221;full&#8221;][\/vc_column][\/vc_row]<\/p>\n<\/div>","protected":false},"excerpt":{"rendered":"<p>[vc_row css_animation=&#8221;fadeInUp&#8221;][vc_column][vc_column_text css_animation=&#8221;fadeInDown&#8221; css=&#8221;&#8221;] Mzdov\u00e9 slu\u017eby na Slovensku \u2013 spo\u013eahliv\u00e1 podpora pre va\u0161u spolo\u010dnos\u0165 Slovensko je ve\u013emi ziskov\u00e9 miesto na podnikanie. M\u00e1 stabiln\u00fa ekonomiku a nach\u00e1dza sa prakticky v strede Eur\u00f3py. Mnoho spolo\u010dnost\u00ed si vyber\u00e1 mzdov\u00e9 slu\u017eby na Slovensku, aby si zjednodu\u0161ili riadenie a zamerali sa na rozvoj podnikania. Profesion\u00e1lne mzdov\u00e9 slu\u017eby zni\u017euj\u00fa n\u00e1klady a<\/p>\n","protected":false},"author":2,"featured_media":21876,"parent":0,"menu_order":0,"comment_status":"closed","ping_status":"closed","template":"","meta":{"_acf_changed":false,"footnotes":""},"class_list":["post-21874","page","type-page","status-publish","hentry"],"acf":[],"yoast_head":"<!-- This site is optimized with the Yoast SEO plugin v26.6 - https:\/\/yoast.com\/wordpress\/plugins\/seo\/ -->\n<title>Mzdov\u00e9 slu\u017eby na Slovensku | FCHAIN \u200b\u200b\u2013 Presn\u00e9 a s\u00faladn\u00e9 mzdov\u00e9 rie\u0161enia<\/title>\n<meta name=\"description\" content=\"FCHAIN \u200b\u200bposkytuje profesion\u00e1lne mzdov\u00e9 slu\u017eby na Slovensku: v\u00fdpo\u010det miezd, dodr\u017eiavanie da\u0148ov\u00fdch predpisov, reporting a podporu v oblasti \u013eudsk\u00fdch zdrojov. Spo\u013eahliv\u00fd outsourcing miezd pre \u00fasporu \u010dasu, zn\u00ed\u017eenie n\u00e1kladov a zabezpe\u010denie presnosti.\" \/>\n<meta name=\"robots\" content=\"noindex, follow, max-snippet:-1, max-image-preview:large, max-video-preview:-1\" \/>\n<meta property=\"og:locale\" content=\"sk_SK\" \/>\n<meta property=\"og:type\" content=\"article\" \/>\n<meta property=\"og:title\" content=\"Mzdov\u00e9 slu\u017eby na Slovensku | FCHAIN \u200b\u200b\u2013 Presn\u00e9 a s\u00faladn\u00e9 mzdov\u00e9 rie\u0161enia\" \/>\n<meta property=\"og:description\" content=\"FCHAIN \u200b\u200bposkytuje profesion\u00e1lne mzdov\u00e9 slu\u017eby na Slovensku: v\u00fdpo\u010det miezd, dodr\u017eiavanie da\u0148ov\u00fdch predpisov, reporting a podporu v oblasti \u013eudsk\u00fdch zdrojov. Spo\u013eahliv\u00fd outsourcing miezd pre \u00fasporu \u010dasu, zn\u00ed\u017eenie n\u00e1kladov a zabezpe\u010denie presnosti.\" \/>\n<meta property=\"og:url\" content=\"https:\/\/sk.f-chain.com\/sk\/payroll-services\/\" \/>\n<meta property=\"og:site_name\" content=\"Fchain\" \/>\n<meta property=\"article:modified_time\" content=\"2025-11-10T02:56:44+00:00\" \/>\n<meta property=\"og:image\" content=\"https:\/\/sk.f-chain.com\/wp-content\/uploads\/2022\/10\/join-us-e1664959352669.jpg\" \/>\n\t<meta property=\"og:image:width\" content=\"600\" \/>\n\t<meta property=\"og:image:height\" content=\"401\" \/>\n\t<meta property=\"og:image:type\" content=\"image\/jpeg\" \/>\n<meta name=\"twitter:card\" content=\"summary_large_image\" \/>\n<meta name=\"twitter:label1\" content=\"Est. reading time\" \/>\n\t<meta name=\"twitter:data1\" content=\"3 minutes\" \/>\n<script type=\"application\/ld+json\" class=\"yoast-schema-graph\">{\"@context\":\"https:\/\/schema.org\",\"@graph\":[{\"@type\":\"WebPage\",\"@id\":\"https:\/\/sk.f-chain.com\/sk\/payroll-services\/\",\"url\":\"https:\/\/sk.f-chain.com\/sk\/payroll-services\/\",\"name\":\"Mzdov\u00e9 slu\u017eby na Slovensku | FCHAIN \u200b\u200b\u2013 Presn\u00e9 a s\u00faladn\u00e9 mzdov\u00e9 rie\u0161enia\",\"isPartOf\":{\"@id\":\"https:\/\/sk.f-chain.com\/#website\"},\"primaryImageOfPage\":{\"@id\":\"https:\/\/sk.f-chain.com\/sk\/payroll-services\/#primaryimage\"},\"image\":{\"@id\":\"https:\/\/sk.f-chain.com\/sk\/payroll-services\/#primaryimage\"},\"thumbnailUrl\":\"https:\/\/sk.f-chain.com\/wp-content\/uploads\/2022\/10\/join-us-e1664959352669.jpg\",\"datePublished\":\"2023-02-24T11:53:42+00:00\",\"dateModified\":\"2025-11-10T02:56:44+00:00\",\"description\":\"FCHAIN \u200b\u200bposkytuje profesion\u00e1lne mzdov\u00e9 slu\u017eby na Slovensku: v\u00fdpo\u010det miezd, dodr\u017eiavanie da\u0148ov\u00fdch predpisov, reporting a podporu v oblasti \u013eudsk\u00fdch zdrojov. Spo\u013eahliv\u00fd outsourcing miezd pre \u00fasporu \u010dasu, zn\u00ed\u017eenie n\u00e1kladov a zabezpe\u010denie presnosti.\",\"breadcrumb\":{\"@id\":\"https:\/\/sk.f-chain.com\/sk\/payroll-services\/#breadcrumb\"},\"inLanguage\":\"sk-SK\",\"potentialAction\":[{\"@type\":\"ReadAction\",\"target\":[\"https:\/\/sk.f-chain.com\/sk\/payroll-services\/\"]}]},{\"@type\":\"ImageObject\",\"inLanguage\":\"sk-SK\",\"@id\":\"https:\/\/sk.f-chain.com\/sk\/payroll-services\/#primaryimage\",\"url\":\"https:\/\/sk.f-chain.com\/wp-content\/uploads\/2022\/10\/join-us-e1664959352669.jpg\",\"contentUrl\":\"https:\/\/sk.f-chain.com\/wp-content\/uploads\/2022\/10\/join-us-e1664959352669.jpg\",\"width\":600,\"height\":401},{\"@type\":\"BreadcrumbList\",\"@id\":\"https:\/\/sk.f-chain.com\/sk\/payroll-services\/#breadcrumb\",\"itemListElement\":[{\"@type\":\"ListItem\",\"position\":1,\"name\":\"Home\",\"item\":\"https:\/\/sk.f-chain.com\/sk\/\"},{\"@type\":\"ListItem\",\"position\":2,\"name\":\"Payroll services\"}]},{\"@type\":\"WebSite\",\"@id\":\"https:\/\/sk.f-chain.com\/#website\",\"url\":\"https:\/\/sk.f-chain.com\/\",\"name\":\"Fchain\",\"description\":\"\",\"potentialAction\":[{\"@type\":\"SearchAction\",\"target\":{\"@type\":\"EntryPoint\",\"urlTemplate\":\"https:\/\/sk.f-chain.com\/?s={search_term_string}\"},\"query-input\":{\"@type\":\"PropertyValueSpecification\",\"valueRequired\":true,\"valueName\":\"search_term_string\"}}],\"inLanguage\":\"sk-SK\"}]}<\/script>\n<!-- \/ Yoast SEO plugin. -->","yoast_head_json":{"title":"Mzdov\u00e9 slu\u017eby na Slovensku | FCHAIN \u200b\u200b\u2013 Presn\u00e9 a s\u00faladn\u00e9 mzdov\u00e9 rie\u0161enia","description":"FCHAIN \u200b\u200bposkytuje profesion\u00e1lne mzdov\u00e9 slu\u017eby na Slovensku: v\u00fdpo\u010det miezd, dodr\u017eiavanie da\u0148ov\u00fdch predpisov, reporting a podporu v oblasti \u013eudsk\u00fdch zdrojov. Spo\u013eahliv\u00fd outsourcing miezd pre \u00fasporu \u010dasu, zn\u00ed\u017eenie n\u00e1kladov a zabezpe\u010denie presnosti.","robots":{"index":"noindex","follow":"follow","max-snippet":"max-snippet:-1","max-image-preview":"max-image-preview:large","max-video-preview":"max-video-preview:-1"},"og_locale":"sk_SK","og_type":"article","og_title":"Mzdov\u00e9 slu\u017eby na Slovensku | FCHAIN \u200b\u200b\u2013 Presn\u00e9 a s\u00faladn\u00e9 mzdov\u00e9 rie\u0161enia","og_description":"FCHAIN \u200b\u200bposkytuje profesion\u00e1lne mzdov\u00e9 slu\u017eby na Slovensku: v\u00fdpo\u010det miezd, dodr\u017eiavanie da\u0148ov\u00fdch predpisov, reporting a podporu v oblasti \u013eudsk\u00fdch zdrojov. Spo\u013eahliv\u00fd outsourcing miezd pre \u00fasporu \u010dasu, zn\u00ed\u017eenie n\u00e1kladov a zabezpe\u010denie presnosti.","og_url":"https:\/\/sk.f-chain.com\/sk\/payroll-services\/","og_site_name":"Fchain","article_modified_time":"2025-11-10T02:56:44+00:00","og_image":[{"width":600,"height":401,"url":"https:\/\/sk.f-chain.com\/wp-content\/uploads\/2022\/10\/join-us-e1664959352669.jpg","type":"image\/jpeg"}],"twitter_card":"summary_large_image","twitter_misc":{"Est. reading time":"3 minutes"},"schema":{"@context":"https:\/\/schema.org","@graph":[{"@type":"WebPage","@id":"https:\/\/sk.f-chain.com\/sk\/payroll-services\/","url":"https:\/\/sk.f-chain.com\/sk\/payroll-services\/","name":"Mzdov\u00e9 slu\u017eby na Slovensku | FCHAIN \u200b\u200b\u2013 Presn\u00e9 a s\u00faladn\u00e9 mzdov\u00e9 rie\u0161enia","isPartOf":{"@id":"https:\/\/sk.f-chain.com\/#website"},"primaryImageOfPage":{"@id":"https:\/\/sk.f-chain.com\/sk\/payroll-services\/#primaryimage"},"image":{"@id":"https:\/\/sk.f-chain.com\/sk\/payroll-services\/#primaryimage"},"thumbnailUrl":"https:\/\/sk.f-chain.com\/wp-content\/uploads\/2022\/10\/join-us-e1664959352669.jpg","datePublished":"2023-02-24T11:53:42+00:00","dateModified":"2025-11-10T02:56:44+00:00","description":"FCHAIN \u200b\u200bposkytuje profesion\u00e1lne mzdov\u00e9 slu\u017eby na Slovensku: v\u00fdpo\u010det miezd, dodr\u017eiavanie da\u0148ov\u00fdch predpisov, reporting a podporu v oblasti \u013eudsk\u00fdch zdrojov. Spo\u013eahliv\u00fd outsourcing miezd pre \u00fasporu \u010dasu, zn\u00ed\u017eenie n\u00e1kladov a zabezpe\u010denie presnosti.","breadcrumb":{"@id":"https:\/\/sk.f-chain.com\/sk\/payroll-services\/#breadcrumb"},"inLanguage":"sk-SK","potentialAction":[{"@type":"ReadAction","target":["https:\/\/sk.f-chain.com\/sk\/payroll-services\/"]}]},{"@type":"ImageObject","inLanguage":"sk-SK","@id":"https:\/\/sk.f-chain.com\/sk\/payroll-services\/#primaryimage","url":"https:\/\/sk.f-chain.com\/wp-content\/uploads\/2022\/10\/join-us-e1664959352669.jpg","contentUrl":"https:\/\/sk.f-chain.com\/wp-content\/uploads\/2022\/10\/join-us-e1664959352669.jpg","width":600,"height":401},{"@type":"BreadcrumbList","@id":"https:\/\/sk.f-chain.com\/sk\/payroll-services\/#breadcrumb","itemListElement":[{"@type":"ListItem","position":1,"name":"Home","item":"https:\/\/sk.f-chain.com\/sk\/"},{"@type":"ListItem","position":2,"name":"Payroll services"}]},{"@type":"WebSite","@id":"https:\/\/sk.f-chain.com\/#website","url":"https:\/\/sk.f-chain.com\/","name":"Fchain","description":"","potentialAction":[{"@type":"SearchAction","target":{"@type":"EntryPoint","urlTemplate":"https:\/\/sk.f-chain.com\/?s={search_term_string}"},"query-input":{"@type":"PropertyValueSpecification","valueRequired":true,"valueName":"search_term_string"}}],"inLanguage":"sk-SK"}]}},"_links":{"self":[{"href":"https:\/\/sk.f-chain.com\/sk\/wp-json\/wp\/v2\/pages\/21874","targetHints":{"allow":["GET"]}}],"collection":[{"href":"https:\/\/sk.f-chain.com\/sk\/wp-json\/wp\/v2\/pages"}],"about":[{"href":"https:\/\/sk.f-chain.com\/sk\/wp-json\/wp\/v2\/types\/page"}],"author":[{"embeddable":true,"href":"https:\/\/sk.f-chain.com\/sk\/wp-json\/wp\/v2\/users\/2"}],"replies":[{"embeddable":true,"href":"https:\/\/sk.f-chain.com\/sk\/wp-json\/wp\/v2\/comments?post=21874"}],"version-history":[{"count":2,"href":"https:\/\/sk.f-chain.com\/sk\/wp-json\/wp\/v2\/pages\/21874\/revisions"}],"predecessor-version":[{"id":21878,"href":"https:\/\/sk.f-chain.com\/sk\/wp-json\/wp\/v2\/pages\/21874\/revisions\/21878"}],"wp:featuredmedia":[{"embeddable":true,"href":"https:\/\/sk.f-chain.com\/sk\/wp-json\/wp\/v2\/media\/21876"}],"wp:attachment":[{"href":"https:\/\/sk.f-chain.com\/sk\/wp-json\/wp\/v2\/media?parent=21874"}],"curies":[{"name":"wp","href":"https:\/\/api.w.org\/{rel}","templated":true}]}}