{"id":21881,"date":"2023-02-24T14:54:26","date_gmt":"2023-02-24T11:54:26","guid":{"rendered":"https:\/\/sk.f-chain.com\/recruitment-services\/"},"modified":"2025-11-10T06:08:08","modified_gmt":"2025-11-10T03:08:08","slug":"recruitment-services","status":"publish","type":"page","link":"https:\/\/sk.f-chain.com\/sk\/recruitment-services\/","title":{"rendered":"N\u00e1borov\u00e9 slu\u017eby"},"content":{"rendered":"<div class=\"wpb-content-wrapper\"><p>[vc_row css_animation=&#8221;fadeInUp&#8221;][vc_column][vc_column_text css_animation=&#8221;fadeInDown&#8221; css=&#8221;&#8221;]<\/p>\n<h2>Profesion\u00e1lne n\u00e1borov\u00e9 slu\u017eby na Slovensku \u2013 spo\u013eahliv\u00fd sp\u00f4sob, ako n\u00e1js\u0165 najlep\u0161\u00edch \u0161pecialistov<\/h2>\n<p>Modern\u00fd trh pr\u00e1ce na Slovensku si vy\u017eaduje prec\u00edznos\u0165 a profesionalitu. Spolo\u010dnosti sa obracaj\u00fa so \u017eiados\u0165ou o pomoc na \u0161pecialistov pon\u00fakaj\u00facich <strong>n\u00e1borov\u00e9 slu\u017eby na Slovensku<\/strong>. To im pom\u00e1ha r\u00fdchlo n\u00e1js\u0165 t\u00fdch spr\u00e1vnych zamestnancov.<\/p>\n<p>Profesion\u00e1lne <strong>n\u00e1borov\u00e9 slu\u017eby<\/strong> s\u00fa d\u00f4le\u017eit\u00e9 pre ka\u017ed\u00fa spolo\u010dnos\u0165. Ide o komplexn\u00fd pr\u00edstup, ktor\u00fd zah\u0155\u0148a <strong>z\u00edskavanie talentov<\/strong>, ako aj hodnotenie kandid\u00e1tov a poskytovanie efekt\u00edvnych <strong>slu\u017eieb sprostredkovania pr\u00e1ce<\/strong> pre spolo\u010dnosti v\u0161etk\u00fdch ve\u013ekost\u00ed.<br \/>\n[\/vc_column_text][\/vc_column][\/vc_row][vc_row content_placement=&#8221;middle&#8221; css_animation=&#8221;fadeInUp&#8221;][vc_column width=&#8221;1\/2&#8243;][vc_column_text css_animation=&#8221;fadeInLeft&#8221; css=&#8221;&#8221;]<\/p>\n<h2>FCHAIN pom\u00e1ha s rie\u0161eniami v oblasti \u013eudsk\u00fdch zdrojov a n\u00e1boru<\/h2>\n<p>Spolo\u010dnos\u0165 FCHAIN pon\u00faka <strong>rie\u0161enia v oblasti \u013eudsk\u00fdch zdrojov a n\u00e1boru<\/strong>, ktor\u00e9 pokr\u00fdvaj\u00fa v\u0161etky aspekty v\u00fdberu a riadenia do\u010dasn\u00fdch a st\u00e1lych zamestnancov. Ch\u00e1peme, ak\u00e9 d\u00f4le\u017eit\u00e9 je n\u00e1js\u0165 profesion\u00e1lov, ktor\u00ed zdie\u013eaj\u00fa hodnoty spolo\u010dnosti. Na\u0161e <strong>slu\u017eby sprostredkovania zamestnania<\/strong> pom\u00e1haj\u00fa r\u00fdchlo obsadi\u0165 vo\u013en\u00e9 pracovn\u00e9 miesta. M\u00f4\u017eete si by\u0165 ist\u00ed, \u017ee pri prij\u00edman\u00ed kandid\u00e1tov rob\u00edte spr\u00e1vnu vo\u013ebu. Pomocou overen\u00fdch met\u00f3d <strong>z\u00edskavania talentov<\/strong> zabezpe\u010dujeme stabiln\u00fd tok kvalifikovan\u00fdch pracovn\u00edkov a dlhodob\u00e9 v\u00fdsledky pre va\u0161e podnikanie.<\/p>\n<p>Okrem toho person\u00e1lna agent\u00fara FCHAIN pon\u00faka flexibiln\u00e9 podmienky pre <strong>mzdy a outsourcing \u013eudsk\u00fdch zdrojov<\/strong>, \u010do na\u0161im klientom umo\u017e\u0148uje s\u00fastredi\u0165 sa na strategick\u00fd rozvoj.<\/p>\n<h3>Outsourcing miezd a \u013eudsk\u00fdch zdrojov \u2013 efekt\u00edvne riadenie person\u00e1lu a n\u00e1kladov<\/h3>\n<p>Outsourcing HR procesov \u0161etr\u00ed spolo\u010dnostiam \u010das. Komplexn\u00fd pr\u00edstup k <strong>outsourcingu miezd a HR<\/strong> zah\u0155\u0148a v\u00fdpo\u010dty, administrat\u00edvu a podporu.<\/p>\n<p>V\u010faka profesion\u00e1lnemu t\u00edmu FCHAIN z\u00edskavaj\u00fa firmy spo\u013eahliv\u00e9 <strong>rie\u0161enia v oblasti \u013eudsk\u00fdch zdrojov a n\u00e1boru<\/strong>, ktor\u00e9 im umo\u017e\u0148uj\u00fa optimalizova\u0165 intern\u00e9 procesy a vyhn\u00fa\u0165 sa byrokracii.<\/p>\n<p>Na\u0161e <strong>slu\u017eby sprostredkovania pr\u00e1ce<\/strong> poskytuj\u00fa pln\u00fa podporu v ka\u017edej f\u00e1ze, od vyh\u013ead\u00e1vania \u0161pecialistov a\u017e po pomoc s ich adapt\u00e1ciou v t\u00edme. To zni\u017euje za\u0165a\u017eenie intern\u00fdch zdrojov a pom\u00e1ha r\u00fdchlej\u0161ie dosiahnu\u0165 obchodn\u00e9 ciele.<br \/>\n[\/vc_column_text][\/vc_column][vc_column width=&#8221;1\/2&#8243;][vc_single_image image=&#8221;5201&#8243; img_size=&#8221;full&#8221;][\/vc_column][\/vc_row][vc_row content_placement=&#8221;middle&#8221; css_animation=&#8221;fadeInUp&#8221;][vc_column width=&#8221;1\/2&#8243;][vc_single_image image=&#8221;5203&#8243; img_size=&#8221;full&#8221;][\/vc_column][vc_column width=&#8221;1\/2&#8243;][vc_column_text css_animation=&#8221;fadeInRight&#8221; css=&#8221;&#8221;]<\/p>\n<h2>Person\u00e1lna agent\u00fara pre firmy \u2013 v\u00e1\u0161 pomocn\u00edk pri n\u00e1bore<\/h2>\n<p>V\u00fdber spr\u00e1vneho partnera pre vyh\u013ead\u00e1vanie zamestnancov je ve\u013emi d\u00f4le\u017eit\u00fd. Sk\u00fasen\u00e1 <strong>person\u00e1lna agent\u00fara pre firmy<\/strong> pozn\u00e1 slovensk\u00fd trh pr\u00e1ce, rozumie jeho dynamike a po\u017eiadavk\u00e1m zamestn\u00e1vate\u013eov.<\/p>\n<p>FCHAIN je spo\u013eahliv\u00e1 <strong>person\u00e1lna agent\u00fara<\/strong>, ktor\u00e1 pon\u00faka firm\u00e1m personalizovan\u00e9 <strong>slu\u017eby sprostredkovania pr\u00e1ce<\/strong> a modern\u00e9 met\u00f3dy <strong>z\u00edskavania talentov<\/strong>.<\/p>\n<p>V\u00fdhody spolupr\u00e1ce s nami:<\/p>\n<ul class=\"ul-gray\">\n<li>d\u00f4kladn\u00e1 znalos\u0165 miestneho a medzin\u00e1rodn\u00e9ho trhu pr\u00e1ce;<\/li>\n<li>presn\u00fd v\u00fdber kandid\u00e1tov na z\u00e1klade kvalifik\u00e1cie a firemn\u00fdch hodn\u00f4t;<\/li>\n<li>pou\u017e\u00edvanie modern\u00fdch n\u00e1strojov na vyh\u013ead\u00e1vanie a hodnotenie person\u00e1lu;<\/li>\n<li>\u00faspora \u010dasu a zn\u00ed\u017een\u00e9 n\u00e1klady na pren\u00e1jom;<\/li>\n<li>dlhodob\u00e9 v\u00fdsledky a dlhodob\u00e1 spolupr\u00e1ca.<\/li>\n<\/ul>\n<p>Spolupr\u00e1ca so sk\u00fasenou <strong>person\u00e1lnou agent\u00farou pre firmy<\/strong> pom\u00e1ha firm\u00e1m vybudova\u0165 si siln\u00fd t\u00edm a s\u00fastredi\u0165 sa na dosiahnutie cie\u013eov.<\/p>\n<p>[\/vc_column_text][\/vc_column][\/vc_row][vc_row content_placement=&#8221;middle&#8221; css_animation=&#8221;fadeInUp&#8221;][vc_column width=&#8221;1\/2&#8243;][vc_column_text css_animation=&#8221;fadeInLeft&#8221; css=&#8221;&#8221;]<\/p>\n<h3>Rie\u0161enia pre n\u00e1bor zamestnancov \u2013 efekt\u00edvne n\u00e1stroje pre rast v\u00e1\u0161ho podnikania<\/h3>\n<p>Modern\u00e9 <strong>rie\u0161enia v oblasti n\u00e1boru<\/strong> zamestnancov sa net\u00fdkaj\u00fa len n\u00e1boru zamestnancov. S\u00fa d\u00f4le\u017eit\u00e9 pre rozvoj spolo\u010dnosti. Na Slovensku s\u00fa obzvl\u00e1\u0161\u0165 \u017eiadan\u00e9 flexibiln\u00e9 met\u00f3dy n\u00e1boru, ktor\u00e9 pom\u00e1haj\u00fa r\u00fdchlo reagova\u0165 na zmeny na trhu a potreby podnikania.<\/p>\n<p>Na\u0161e <strong>slu\u017eby v oblasti sprostredkovania pr\u00e1ce<\/strong> zah\u0155\u0148aj\u00fa vyh\u013ead\u00e1vanie, hodnotenie kandid\u00e1tov a ich adapt\u00e1ciu v novom t\u00edme. Pon\u00fakame <strong>rie\u0161enia v oblasti n\u00e1boru v Bratislave<\/strong>, ktor\u00e9 s\u00fa vhodn\u00e9 pre ka\u017ed\u00fa spolo\u010dnos\u0165, \u010di u\u017e ve\u013ek\u00fa alebo mal\u00fa.<\/p>\n<p>Komplexn\u00fd pr\u00edstup k <strong>slu\u017eb\u00e1m sprostredkovania pr\u00e1ce<\/strong> znamen\u00e1 pre spolo\u010dnos\u0165 stabilitu. Na\u0161a person\u00e1lna agent\u00fara pre firmy adaptuje nov\u00fdch zamestnancov a vytv\u00e1ra motivovan\u00fd t\u00edm. Va\u0161a spolo\u010dnos\u0165 zamestn\u00e1 skuto\u010dn\u00fdch profesion\u00e1lov. Bud\u00fa proakt\u00edvni a posun\u00fa spolo\u010dnos\u0165 na nov\u00fa \u00farove\u0148.<\/p>\n<p>V\u010faka n\u00e1\u0161mu zodpovedn\u00e9mu pr\u00edstupu k <strong>z\u00edskavaniu talentov<\/strong>, person\u00e1lnej analytike a <strong>outsourcingu miezd a \u013eudsk\u00fdch zdrojov<\/strong> \u013eahko n\u00e1jdete t\u00fdch spr\u00e1vnych \u0161pecialistov. S\u00fa pripraven\u00ed prin\u00e1\u0161a\u0165 v\u00fdsledky od prv\u00e9ho d\u0148a. To zabezpe\u010d\u00ed stabiln\u00fa prev\u00e1dzku v\u00e1\u0161ho podnikania bez straty efektivity.[\/vc_column_text][\/vc_column][vc_column width=&#8221;1\/2&#8243;][vc_single_image image=&#8221;947&#8243; img_size=&#8221;full&#8221;][\/vc_column][\/vc_row][vc_row][vc_column][vc_column_text css_animation=&#8221;fadeInUp&#8221; css=&#8221;&#8221;][\/vc_column_text][\/vc_column][\/vc_row]<\/p>\n<\/div>","protected":false},"excerpt":{"rendered":"<p>[vc_row css_animation=&#8221;fadeInUp&#8221;][vc_column][vc_column_text css_animation=&#8221;fadeInDown&#8221; css=&#8221;&#8221;] Profesion\u00e1lne n\u00e1borov\u00e9 slu\u017eby na Slovensku \u2013 spo\u013eahliv\u00fd sp\u00f4sob, ako n\u00e1js\u0165 najlep\u0161\u00edch \u0161pecialistov Modern\u00fd trh pr\u00e1ce na Slovensku si vy\u017eaduje prec\u00edznos\u0165 a profesionalitu. Spolo\u010dnosti sa obracaj\u00fa so \u017eiados\u0165ou o pomoc na \u0161pecialistov pon\u00fakaj\u00facich n\u00e1borov\u00e9 slu\u017eby na Slovensku. To im pom\u00e1ha r\u00fdchlo n\u00e1js\u0165 t\u00fdch spr\u00e1vnych zamestnancov. Profesion\u00e1lne n\u00e1borov\u00e9 slu\u017eby s\u00fa d\u00f4le\u017eit\u00e9 pre ka\u017ed\u00fa<\/p>\n","protected":false},"author":2,"featured_media":0,"parent":0,"menu_order":0,"comment_status":"closed","ping_status":"closed","template":"","meta":{"_acf_changed":false,"footnotes":""},"class_list":["post-21881","page","type-page","status-publish","hentry"],"acf":[],"yoast_head":"<!-- This site is optimized with the Yoast SEO plugin v26.6 - https:\/\/yoast.com\/wordpress\/plugins\/seo\/ -->\n<title>Profesion\u00e1lne n\u00e1borov\u00e9 slu\u017eby na Slovensku | FCHAIN \u200b\u200b\u2013 Rie\u0161enia pre z\u00edskavanie talentov a \u013eudsk\u00e9 zdroje<\/title>\n<meta name=\"description\" content=\"FCHAIN \u200b\u200bpon\u00faka profesion\u00e1lne n\u00e1borov\u00e9 slu\u017eby na Slovensku: z\u00edskavanie talentov, vyh\u013ead\u00e1vanie mana\u017e\u00e9rov a HR poradenstvo. Pom\u00e1hame firm\u00e1m n\u00e1js\u0165 \u0161pi\u010dkov\u00fdch \u0161pecialistov a budova\u0165 siln\u00e9 t\u00edmy pre dlhodob\u00fd \u00faspech.\" \/>\n<meta name=\"robots\" content=\"noindex, follow, max-snippet:-1, max-image-preview:large, max-video-preview:-1\" \/>\n<meta property=\"og:locale\" content=\"sk_SK\" \/>\n<meta property=\"og:type\" content=\"article\" \/>\n<meta property=\"og:title\" content=\"Profesion\u00e1lne n\u00e1borov\u00e9 slu\u017eby na Slovensku | FCHAIN \u200b\u200b\u2013 Rie\u0161enia pre z\u00edskavanie talentov a \u013eudsk\u00e9 zdroje\" \/>\n<meta property=\"og:description\" content=\"FCHAIN \u200b\u200bpon\u00faka profesion\u00e1lne n\u00e1borov\u00e9 slu\u017eby na Slovensku: z\u00edskavanie talentov, vyh\u013ead\u00e1vanie mana\u017e\u00e9rov a HR poradenstvo. Pom\u00e1hame firm\u00e1m n\u00e1js\u0165 \u0161pi\u010dkov\u00fdch \u0161pecialistov a budova\u0165 siln\u00e9 t\u00edmy pre dlhodob\u00fd \u00faspech.\" \/>\n<meta property=\"og:url\" content=\"https:\/\/sk.f-chain.com\/sk\/recruitment-services\/\" \/>\n<meta property=\"og:site_name\" content=\"Fchain\" \/>\n<meta property=\"article:modified_time\" content=\"2025-11-10T03:08:08+00:00\" \/>\n<meta name=\"twitter:card\" content=\"summary_large_image\" \/>\n<meta name=\"twitter:label1\" content=\"Est. reading time\" \/>\n\t<meta name=\"twitter:data1\" content=\"4 minutes\" \/>\n<script type=\"application\/ld+json\" class=\"yoast-schema-graph\">{\"@context\":\"https:\/\/schema.org\",\"@graph\":[{\"@type\":\"WebPage\",\"@id\":\"https:\/\/sk.f-chain.com\/sk\/recruitment-services\/\",\"url\":\"https:\/\/sk.f-chain.com\/sk\/recruitment-services\/\",\"name\":\"Profesion\u00e1lne n\u00e1borov\u00e9 slu\u017eby na Slovensku | FCHAIN \u200b\u200b\u2013 Rie\u0161enia pre z\u00edskavanie talentov a \u013eudsk\u00e9 zdroje\",\"isPartOf\":{\"@id\":\"https:\/\/sk.f-chain.com\/#website\"},\"datePublished\":\"2023-02-24T11:54:26+00:00\",\"dateModified\":\"2025-11-10T03:08:08+00:00\",\"description\":\"FCHAIN \u200b\u200bpon\u00faka profesion\u00e1lne n\u00e1borov\u00e9 slu\u017eby na Slovensku: z\u00edskavanie talentov, vyh\u013ead\u00e1vanie mana\u017e\u00e9rov a HR poradenstvo. Pom\u00e1hame firm\u00e1m n\u00e1js\u0165 \u0161pi\u010dkov\u00fdch \u0161pecialistov a budova\u0165 siln\u00e9 t\u00edmy pre dlhodob\u00fd \u00faspech.\",\"breadcrumb\":{\"@id\":\"https:\/\/sk.f-chain.com\/sk\/recruitment-services\/#breadcrumb\"},\"inLanguage\":\"sk-SK\",\"potentialAction\":[{\"@type\":\"ReadAction\",\"target\":[\"https:\/\/sk.f-chain.com\/sk\/recruitment-services\/\"]}]},{\"@type\":\"BreadcrumbList\",\"@id\":\"https:\/\/sk.f-chain.com\/sk\/recruitment-services\/#breadcrumb\",\"itemListElement\":[{\"@type\":\"ListItem\",\"position\":1,\"name\":\"Home\",\"item\":\"https:\/\/sk.f-chain.com\/sk\/\"},{\"@type\":\"ListItem\",\"position\":2,\"name\":\"N\u00e1borov\u00e9 slu\u017eby\"}]},{\"@type\":\"WebSite\",\"@id\":\"https:\/\/sk.f-chain.com\/#website\",\"url\":\"https:\/\/sk.f-chain.com\/\",\"name\":\"Fchain\",\"description\":\"\",\"potentialAction\":[{\"@type\":\"SearchAction\",\"target\":{\"@type\":\"EntryPoint\",\"urlTemplate\":\"https:\/\/sk.f-chain.com\/?s={search_term_string}\"},\"query-input\":{\"@type\":\"PropertyValueSpecification\",\"valueRequired\":true,\"valueName\":\"search_term_string\"}}],\"inLanguage\":\"sk-SK\"}]}<\/script>\n<!-- \/ Yoast SEO plugin. -->","yoast_head_json":{"title":"Profesion\u00e1lne n\u00e1borov\u00e9 slu\u017eby na Slovensku | FCHAIN \u200b\u200b\u2013 Rie\u0161enia pre z\u00edskavanie talentov a \u013eudsk\u00e9 zdroje","description":"FCHAIN \u200b\u200bpon\u00faka profesion\u00e1lne n\u00e1borov\u00e9 slu\u017eby na Slovensku: z\u00edskavanie talentov, vyh\u013ead\u00e1vanie mana\u017e\u00e9rov a HR poradenstvo. Pom\u00e1hame firm\u00e1m n\u00e1js\u0165 \u0161pi\u010dkov\u00fdch \u0161pecialistov a budova\u0165 siln\u00e9 t\u00edmy pre dlhodob\u00fd \u00faspech.","robots":{"index":"noindex","follow":"follow","max-snippet":"max-snippet:-1","max-image-preview":"max-image-preview:large","max-video-preview":"max-video-preview:-1"},"og_locale":"sk_SK","og_type":"article","og_title":"Profesion\u00e1lne n\u00e1borov\u00e9 slu\u017eby na Slovensku | FCHAIN \u200b\u200b\u2013 Rie\u0161enia pre z\u00edskavanie talentov a \u013eudsk\u00e9 zdroje","og_description":"FCHAIN \u200b\u200bpon\u00faka profesion\u00e1lne n\u00e1borov\u00e9 slu\u017eby na Slovensku: z\u00edskavanie talentov, vyh\u013ead\u00e1vanie mana\u017e\u00e9rov a HR poradenstvo. Pom\u00e1hame firm\u00e1m n\u00e1js\u0165 \u0161pi\u010dkov\u00fdch \u0161pecialistov a budova\u0165 siln\u00e9 t\u00edmy pre dlhodob\u00fd \u00faspech.","og_url":"https:\/\/sk.f-chain.com\/sk\/recruitment-services\/","og_site_name":"Fchain","article_modified_time":"2025-11-10T03:08:08+00:00","twitter_card":"summary_large_image","twitter_misc":{"Est. reading time":"4 minutes"},"schema":{"@context":"https:\/\/schema.org","@graph":[{"@type":"WebPage","@id":"https:\/\/sk.f-chain.com\/sk\/recruitment-services\/","url":"https:\/\/sk.f-chain.com\/sk\/recruitment-services\/","name":"Profesion\u00e1lne n\u00e1borov\u00e9 slu\u017eby na Slovensku | FCHAIN \u200b\u200b\u2013 Rie\u0161enia pre z\u00edskavanie talentov a \u013eudsk\u00e9 zdroje","isPartOf":{"@id":"https:\/\/sk.f-chain.com\/#website"},"datePublished":"2023-02-24T11:54:26+00:00","dateModified":"2025-11-10T03:08:08+00:00","description":"FCHAIN \u200b\u200bpon\u00faka profesion\u00e1lne n\u00e1borov\u00e9 slu\u017eby na Slovensku: z\u00edskavanie talentov, vyh\u013ead\u00e1vanie mana\u017e\u00e9rov a HR poradenstvo. Pom\u00e1hame firm\u00e1m n\u00e1js\u0165 \u0161pi\u010dkov\u00fdch \u0161pecialistov a budova\u0165 siln\u00e9 t\u00edmy pre dlhodob\u00fd \u00faspech.","breadcrumb":{"@id":"https:\/\/sk.f-chain.com\/sk\/recruitment-services\/#breadcrumb"},"inLanguage":"sk-SK","potentialAction":[{"@type":"ReadAction","target":["https:\/\/sk.f-chain.com\/sk\/recruitment-services\/"]}]},{"@type":"BreadcrumbList","@id":"https:\/\/sk.f-chain.com\/sk\/recruitment-services\/#breadcrumb","itemListElement":[{"@type":"ListItem","position":1,"name":"Home","item":"https:\/\/sk.f-chain.com\/sk\/"},{"@type":"ListItem","position":2,"name":"N\u00e1borov\u00e9 slu\u017eby"}]},{"@type":"WebSite","@id":"https:\/\/sk.f-chain.com\/#website","url":"https:\/\/sk.f-chain.com\/","name":"Fchain","description":"","potentialAction":[{"@type":"SearchAction","target":{"@type":"EntryPoint","urlTemplate":"https:\/\/sk.f-chain.com\/?s={search_term_string}"},"query-input":{"@type":"PropertyValueSpecification","valueRequired":true,"valueName":"search_term_string"}}],"inLanguage":"sk-SK"}]}},"_links":{"self":[{"href":"https:\/\/sk.f-chain.com\/sk\/wp-json\/wp\/v2\/pages\/21881","targetHints":{"allow":["GET"]}}],"collection":[{"href":"https:\/\/sk.f-chain.com\/sk\/wp-json\/wp\/v2\/pages"}],"about":[{"href":"https:\/\/sk.f-chain.com\/sk\/wp-json\/wp\/v2\/types\/page"}],"author":[{"embeddable":true,"href":"https:\/\/sk.f-chain.com\/sk\/wp-json\/wp\/v2\/users\/2"}],"replies":[{"embeddable":true,"href":"https:\/\/sk.f-chain.com\/sk\/wp-json\/wp\/v2\/comments?post=21881"}],"version-history":[{"count":3,"href":"https:\/\/sk.f-chain.com\/sk\/wp-json\/wp\/v2\/pages\/21881\/revisions"}],"predecessor-version":[{"id":21887,"href":"https:\/\/sk.f-chain.com\/sk\/wp-json\/wp\/v2\/pages\/21881\/revisions\/21887"}],"wp:attachment":[{"href":"https:\/\/sk.f-chain.com\/sk\/wp-json\/wp\/v2\/media?parent=21881"}],"curies":[{"name":"wp","href":"https:\/\/api.w.org\/{rel}","templated":true}]}}