{"id":21890,"date":"2023-05-08T05:40:00","date_gmt":"2023-05-08T02:40:00","guid":{"rendered":"https:\/\/sk.f-chain.com\/trademark-patent-registration\/"},"modified":"2025-11-10T06:56:32","modified_gmt":"2025-11-10T03:56:32","slug":"trademark-patent-registration","status":"publish","type":"page","link":"https:\/\/sk.f-chain.com\/sk\/trademark-patent-registration\/","title":{"rendered":"Registr\u00e1cia ochrannej zn\u00e1mky"},"content":{"rendered":"<div class=\"wpb-content-wrapper\"><p>[vc_row css_animation=&#8221;fadeInUp&#8221;][vc_column][vc_column_text css_animation=&#8221;fadeInDown&#8221; css=&#8221;&#8221;]<\/p>\n<h2>Registr\u00e1cia ochrannej zn\u00e1mky na Slovensku<\/h2>\n<p><strong>Registr\u00e1cia ochrannej<\/strong> zn\u00e1mky Tento proces je d\u00f4le\u017eit\u00fdm krokom v podnikan\u00ed a poskytuje pr\u00edle\u017eitos\u0165 z\u00edska\u0165 vlastn\u00fa jedine\u010dn\u00fa zna\u010dku. Na\u0161ich klientov podporujeme v ka\u017edej f\u00e1ze <strong>registr\u00e1cie ochrannej zn\u00e1mky na Slovensku<\/strong>, od overovania jedine\u010dnosti a\u017e po predkladanie dokumentov a interakciu s \u00faradom du\u0161evn\u00e9ho vlastn\u00edctva.<\/p>\n<p>Dobre pripraven\u00fd <strong>proces pod\u00e1vania \u017eiadosti o ochrann\u00fa zn\u00e1mku<\/strong> skracuje \u010dasy spracovania a minimalizuje riziko zamietnutia. Registr\u00e1cia zna\u010dky a obnova ochrannej zn\u00e1mky posiln\u00ed va\u0161u poz\u00edciu. Klienti d\u00f4veruj\u00fa tak\u00fdmto v\u00fdrobcom. Ofici\u00e1lnu licenciu dost\u00e1vaj\u00fa iba registrovan\u00e9 zna\u010dky.[\/vc_column_text][\/vc_column][\/vc_row][vc_row content_placement=&#8221;middle&#8221; css_animation=&#8221;fadeInUp&#8221;][vc_column width=&#8221;1\/2&#8243;][vc_column_text css_animation=&#8221;fadeInLeft&#8221; css=&#8221;&#8221;]<\/p>\n<h2>\u010co v\u00e1m d\u00e1 registr\u00e1cia patentu<\/h2>\n<p><strong>Registr\u00e1cia patentov<\/strong> je nevyhnutn\u00e1 na ochranu inov\u00e1ci\u00ed a technol\u00f3gi\u00ed. Pom\u00e1hame spolo\u010dnostiam z\u00edska\u0165 patenty na vyn\u00e1lezy, priemyseln\u00e9 vzory a \u00fa\u017eitkov\u00e9 vzory a poskytujeme im v\u00fdhradn\u00e9 pr\u00e1va na pou\u017e\u00edvanie ich v\u00fdvoja. Na\u0161i \u0161pecialisti poskytuj\u00fa poradenstvo vo v\u0161etk\u00fdch f\u00e1zach postupu a pom\u00e1haj\u00fa integrova\u0165 <strong>patentov\u00e9 a ochrann\u00e9 zn\u00e1mky<\/strong> do jednotnej strat\u00e9gie ochrany du\u0161evn\u00e9ho vlastn\u00edctva.<\/p>\n<p>Patentovanie zaru\u010duje pr\u00e1vne uznanie autorstva a ochranu pred nez\u00e1konn\u00fdm vyu\u017eit\u00edm my\u0161lienok konkurenciou. Poskytujeme tie\u017e pr\u00e1vnu pomoc pri prihl\u00e1\u0161kach ochrann\u00fdch zn\u00e1mok a patentov, aby klienti mohli chr\u00e1ni\u0165 svoje v\u00fdvoje nielen na Slovensku, ale aj za jeho hranicami.<\/p>\n<p>[\/vc_column_text][\/vc_column][vc_column width=&#8221;1\/2&#8243;][vc_single_image image=&#8221;5386&#8243; img_size=&#8221;full&#8221; css_animation=&#8221;slideInRight&#8221;][\/vc_column][\/vc_row][vc_row content_placement=&#8221;middle&#8221; css_animation=&#8221;fadeInUp&#8221;][vc_column width=&#8221;1\/2&#8243;][vc_single_image image=&#8221;5388&#8243; img_size=&#8221;full&#8221; css_animation=&#8221;slideInLeft&#8221;][\/vc_column][vc_column width=&#8221;1\/2&#8243;][vc_column_text css_animation=&#8221;fadeInRight&#8221; css=&#8221;&#8221;]<\/p>\n<h3>Pomoc s registr\u00e1ciou ochrann\u00fdch zn\u00e1mok a patentov od spolo\u010dnosti FCHAIN<\/h3>\n<p>FCHAIN pon\u00faka profesion\u00e1lne rie\u0161enia v oblasti <strong>registr\u00e1cie ochrann\u00fdch zn\u00e1mok na Slovensku<\/strong> a patentovania. Zabezpe\u010dujeme:<\/p>\n<ul class=\"ul-gray\">\n<li>overovanie ozna\u010den\u00ed a vyn\u00e1lezov;<\/li>\n<li>pln\u00e1 podpora <strong>procesu pod\u00e1vania \u017eiadosti o ochrann\u00fa zn\u00e1mku<\/strong>;<\/li>\n<li>pr\u00edprava a predkladanie dokumentov;<\/li>\n<li>ochrana z\u00e1ujmov klienta v pr\u00edpadn\u00fdch sporoch.<\/li>\n<\/ul>\n<p>Na\u0161i experti maj\u00fa hlbok\u00e9 znalosti legislat\u00edvy a medzin\u00e1rodn\u00fdch prakt\u00edk, \u010do n\u00e1m umo\u017e\u0148uje dosahova\u0165 r\u00fdchle a spo\u013eahliv\u00e9 v\u00fdsledky. V\u010faka komplexn\u00fdm <strong>patentov\u00fdm a ochrann\u00fdm slu\u017eb\u00e1m<\/strong> z\u00edskavaj\u00fa klienti FCHAIN strategick\u00fa podporu a istotu v bezpe\u010dnos\u0165 svojich pr\u00e1v.<\/p>\n<p>[\/vc_column_text][\/vc_column][\/vc_row][vc_row content_placement=&#8221;middle&#8221; css_animation=&#8221;fadeInUp&#8221;][vc_column width=&#8221;1\/2&#8243;][vc_column_text css_animation=&#8221;fadeInLeft&#8221; css=&#8221;&#8221;]<\/p>\n<h3>Ochrana du\u0161evn\u00e9ho vlastn\u00edctva<\/h3>\n<p>Efekt\u00edvna <strong>ochrana du\u0161evn\u00e9ho vlastn\u00edctva na Slovensku<\/strong> zaru\u010duje zachovanie my\u0161lienok, zna\u010diek a obchodnej reput\u00e1cie. Zabezpe\u010dujeme pr\u00e1vnu ochranu zna\u010diek, monitorovanie poru\u0161en\u00ed a obnovu pr\u00e1v du\u0161evn\u00e9ho vlastn\u00edctva. Spo\u013eahliv\u00e1 <strong>registr\u00e1cia ochrannej zn\u00e1mky na Slovensku<\/strong> a patentovanie s FCHAIN je invest\u00edciou do bud\u00facnosti v\u00e1\u0161ho podnikania a jeho udr\u017eate\u013en\u00e9ho rozvoja.<\/p>\n<p>Pon\u00fakame tie\u017e monitorovanie mo\u017en\u00fdch poru\u0161en\u00ed a zastupovanie v pr\u00edpade konfliktov. V\u010faka n\u00e1\u0161mu systematick\u00e9mu pr\u00edstupu si na\u0161i klienti udr\u017eiavaj\u00fa konkuren\u010dn\u00fa v\u00fdhodu a d\u00f4veru v dlhodob\u00fa ochranu svojho du\u0161evn\u00e9ho majetku.[\/vc_column_text][\/vc_column][vc_column width=&#8221;1\/2&#8243;][vc_single_image image=&#8221;5390&#8243; img_size=&#8221;full&#8221; css_animation=&#8221;slideInRight&#8221;][\/vc_column][\/vc_row][vc_row css_animation=&#8221;fadeInUp&#8221;][vc_column][vc_column_text css_animation=&#8221;fadeInUp&#8221; css=&#8221;&#8221;][\/vc_column_text][\/vc_column][\/vc_row]<\/p>\n<\/div>","protected":false},"excerpt":{"rendered":"<p>[vc_row css_animation=&#8221;fadeInUp&#8221;][vc_column][vc_column_text css_animation=&#8221;fadeInDown&#8221; css=&#8221;&#8221;] Registr\u00e1cia ochrannej zn\u00e1mky na Slovensku Registr\u00e1cia ochrannej zn\u00e1mky Tento proces je d\u00f4le\u017eit\u00fdm krokom v podnikan\u00ed a poskytuje pr\u00edle\u017eitos\u0165 z\u00edska\u0165 vlastn\u00fa jedine\u010dn\u00fa zna\u010dku. Na\u0161ich klientov podporujeme v ka\u017edej f\u00e1ze registr\u00e1cie ochrannej zn\u00e1mky na Slovensku, od overovania jedine\u010dnosti a\u017e po predkladanie dokumentov a interakciu s \u00faradom du\u0161evn\u00e9ho vlastn\u00edctva. Dobre pripraven\u00fd proces pod\u00e1vania \u017eiadosti<\/p>\n","protected":false},"author":2,"featured_media":0,"parent":0,"menu_order":0,"comment_status":"closed","ping_status":"closed","template":"","meta":{"_acf_changed":false,"footnotes":""},"class_list":["post-21890","page","type-page","status-publish","hentry"],"acf":[],"yoast_head":"<!-- This site is optimized with the Yoast SEO plugin v26.6 - https:\/\/yoast.com\/wordpress\/plugins\/seo\/ -->\n<title>Registr\u00e1cia ochrannej zn\u00e1mky na Slovensku | FCHAIN \u200b\u200b\u2013 Ochrana zna\u010dky a du\u0161evn\u00e9ho vlastn\u00edctva<\/title>\n<meta name=\"description\" content=\"FCHAIN \u200b\u200bposkytuje odborn\u00e9 slu\u017eby registr\u00e1cie ochrann\u00fdch zn\u00e1mok na Slovensku: pr\u00e1vnu podporu, ochranu zna\u010dky a poradenstvo v oblasti du\u0161evn\u00e9ho vlastn\u00edctva. Ochr\u00e1\u0148te svoju obchodn\u00fa identitu s na\u0161\u00edm profesion\u00e1lnym poradenstvom.\" \/>\n<meta name=\"robots\" content=\"noindex, follow, max-snippet:-1, max-image-preview:large, max-video-preview:-1\" \/>\n<meta property=\"og:locale\" content=\"sk_SK\" \/>\n<meta property=\"og:type\" content=\"article\" \/>\n<meta property=\"og:title\" content=\"Registr\u00e1cia ochrannej zn\u00e1mky na Slovensku | FCHAIN \u200b\u200b\u2013 Ochrana zna\u010dky a du\u0161evn\u00e9ho vlastn\u00edctva\" \/>\n<meta property=\"og:description\" content=\"FCHAIN \u200b\u200bposkytuje odborn\u00e9 slu\u017eby registr\u00e1cie ochrann\u00fdch zn\u00e1mok na Slovensku: pr\u00e1vnu podporu, ochranu zna\u010dky a poradenstvo v oblasti du\u0161evn\u00e9ho vlastn\u00edctva. Ochr\u00e1\u0148te svoju obchodn\u00fa identitu s na\u0161\u00edm profesion\u00e1lnym poradenstvom.\" \/>\n<meta property=\"og:url\" content=\"https:\/\/sk.f-chain.com\/sk\/trademark-patent-registration\/\" \/>\n<meta property=\"og:site_name\" content=\"Fchain\" \/>\n<meta property=\"article:modified_time\" content=\"2025-11-10T03:56:32+00:00\" \/>\n<meta name=\"twitter:card\" content=\"summary_large_image\" \/>\n<meta name=\"twitter:label1\" content=\"Est. reading time\" \/>\n\t<meta name=\"twitter:data1\" content=\"3 minutes\" \/>\n<script type=\"application\/ld+json\" class=\"yoast-schema-graph\">{\"@context\":\"https:\/\/schema.org\",\"@graph\":[{\"@type\":\"WebPage\",\"@id\":\"https:\/\/sk.f-chain.com\/sk\/trademark-patent-registration\/\",\"url\":\"https:\/\/sk.f-chain.com\/sk\/trademark-patent-registration\/\",\"name\":\"Registr\u00e1cia ochrannej zn\u00e1mky na Slovensku | FCHAIN \u200b\u200b\u2013 Ochrana zna\u010dky a du\u0161evn\u00e9ho vlastn\u00edctva\",\"isPartOf\":{\"@id\":\"https:\/\/sk.f-chain.com\/#website\"},\"datePublished\":\"2023-05-08T02:40:00+00:00\",\"dateModified\":\"2025-11-10T03:56:32+00:00\",\"description\":\"FCHAIN \u200b\u200bposkytuje odborn\u00e9 slu\u017eby registr\u00e1cie ochrann\u00fdch zn\u00e1mok na Slovensku: pr\u00e1vnu podporu, ochranu zna\u010dky a poradenstvo v oblasti du\u0161evn\u00e9ho vlastn\u00edctva. Ochr\u00e1\u0148te svoju obchodn\u00fa identitu s na\u0161\u00edm profesion\u00e1lnym poradenstvom.\",\"breadcrumb\":{\"@id\":\"https:\/\/sk.f-chain.com\/sk\/trademark-patent-registration\/#breadcrumb\"},\"inLanguage\":\"sk-SK\",\"potentialAction\":[{\"@type\":\"ReadAction\",\"target\":[\"https:\/\/sk.f-chain.com\/sk\/trademark-patent-registration\/\"]}]},{\"@type\":\"BreadcrumbList\",\"@id\":\"https:\/\/sk.f-chain.com\/sk\/trademark-patent-registration\/#breadcrumb\",\"itemListElement\":[{\"@type\":\"ListItem\",\"position\":1,\"name\":\"Home\",\"item\":\"https:\/\/sk.f-chain.com\/sk\/\"},{\"@type\":\"ListItem\",\"position\":2,\"name\":\"Registr\u00e1cia ochrannej zn\u00e1mky\"}]},{\"@type\":\"WebSite\",\"@id\":\"https:\/\/sk.f-chain.com\/#website\",\"url\":\"https:\/\/sk.f-chain.com\/\",\"name\":\"Fchain\",\"description\":\"\",\"potentialAction\":[{\"@type\":\"SearchAction\",\"target\":{\"@type\":\"EntryPoint\",\"urlTemplate\":\"https:\/\/sk.f-chain.com\/?s={search_term_string}\"},\"query-input\":{\"@type\":\"PropertyValueSpecification\",\"valueRequired\":true,\"valueName\":\"search_term_string\"}}],\"inLanguage\":\"sk-SK\"}]}<\/script>\n<!-- \/ Yoast SEO plugin. -->","yoast_head_json":{"title":"Registr\u00e1cia ochrannej zn\u00e1mky na Slovensku | FCHAIN \u200b\u200b\u2013 Ochrana zna\u010dky a du\u0161evn\u00e9ho vlastn\u00edctva","description":"FCHAIN \u200b\u200bposkytuje odborn\u00e9 slu\u017eby registr\u00e1cie ochrann\u00fdch zn\u00e1mok na Slovensku: pr\u00e1vnu podporu, ochranu zna\u010dky a poradenstvo v oblasti du\u0161evn\u00e9ho vlastn\u00edctva. Ochr\u00e1\u0148te svoju obchodn\u00fa identitu s na\u0161\u00edm profesion\u00e1lnym poradenstvom.","robots":{"index":"noindex","follow":"follow","max-snippet":"max-snippet:-1","max-image-preview":"max-image-preview:large","max-video-preview":"max-video-preview:-1"},"og_locale":"sk_SK","og_type":"article","og_title":"Registr\u00e1cia ochrannej zn\u00e1mky na Slovensku | FCHAIN \u200b\u200b\u2013 Ochrana zna\u010dky a du\u0161evn\u00e9ho vlastn\u00edctva","og_description":"FCHAIN \u200b\u200bposkytuje odborn\u00e9 slu\u017eby registr\u00e1cie ochrann\u00fdch zn\u00e1mok na Slovensku: pr\u00e1vnu podporu, ochranu zna\u010dky a poradenstvo v oblasti du\u0161evn\u00e9ho vlastn\u00edctva. Ochr\u00e1\u0148te svoju obchodn\u00fa identitu s na\u0161\u00edm profesion\u00e1lnym poradenstvom.","og_url":"https:\/\/sk.f-chain.com\/sk\/trademark-patent-registration\/","og_site_name":"Fchain","article_modified_time":"2025-11-10T03:56:32+00:00","twitter_card":"summary_large_image","twitter_misc":{"Est. reading time":"3 minutes"},"schema":{"@context":"https:\/\/schema.org","@graph":[{"@type":"WebPage","@id":"https:\/\/sk.f-chain.com\/sk\/trademark-patent-registration\/","url":"https:\/\/sk.f-chain.com\/sk\/trademark-patent-registration\/","name":"Registr\u00e1cia ochrannej zn\u00e1mky na Slovensku | FCHAIN \u200b\u200b\u2013 Ochrana zna\u010dky a du\u0161evn\u00e9ho vlastn\u00edctva","isPartOf":{"@id":"https:\/\/sk.f-chain.com\/#website"},"datePublished":"2023-05-08T02:40:00+00:00","dateModified":"2025-11-10T03:56:32+00:00","description":"FCHAIN \u200b\u200bposkytuje odborn\u00e9 slu\u017eby registr\u00e1cie ochrann\u00fdch zn\u00e1mok na Slovensku: pr\u00e1vnu podporu, ochranu zna\u010dky a poradenstvo v oblasti du\u0161evn\u00e9ho vlastn\u00edctva. Ochr\u00e1\u0148te svoju obchodn\u00fa identitu s na\u0161\u00edm profesion\u00e1lnym poradenstvom.","breadcrumb":{"@id":"https:\/\/sk.f-chain.com\/sk\/trademark-patent-registration\/#breadcrumb"},"inLanguage":"sk-SK","potentialAction":[{"@type":"ReadAction","target":["https:\/\/sk.f-chain.com\/sk\/trademark-patent-registration\/"]}]},{"@type":"BreadcrumbList","@id":"https:\/\/sk.f-chain.com\/sk\/trademark-patent-registration\/#breadcrumb","itemListElement":[{"@type":"ListItem","position":1,"name":"Home","item":"https:\/\/sk.f-chain.com\/sk\/"},{"@type":"ListItem","position":2,"name":"Registr\u00e1cia ochrannej zn\u00e1mky"}]},{"@type":"WebSite","@id":"https:\/\/sk.f-chain.com\/#website","url":"https:\/\/sk.f-chain.com\/","name":"Fchain","description":"","potentialAction":[{"@type":"SearchAction","target":{"@type":"EntryPoint","urlTemplate":"https:\/\/sk.f-chain.com\/?s={search_term_string}"},"query-input":{"@type":"PropertyValueSpecification","valueRequired":true,"valueName":"search_term_string"}}],"inLanguage":"sk-SK"}]}},"_links":{"self":[{"href":"https:\/\/sk.f-chain.com\/sk\/wp-json\/wp\/v2\/pages\/21890","targetHints":{"allow":["GET"]}}],"collection":[{"href":"https:\/\/sk.f-chain.com\/sk\/wp-json\/wp\/v2\/pages"}],"about":[{"href":"https:\/\/sk.f-chain.com\/sk\/wp-json\/wp\/v2\/types\/page"}],"author":[{"embeddable":true,"href":"https:\/\/sk.f-chain.com\/sk\/wp-json\/wp\/v2\/users\/2"}],"replies":[{"embeddable":true,"href":"https:\/\/sk.f-chain.com\/sk\/wp-json\/wp\/v2\/comments?post=21890"}],"version-history":[{"count":2,"href":"https:\/\/sk.f-chain.com\/sk\/wp-json\/wp\/v2\/pages\/21890\/revisions"}],"predecessor-version":[{"id":21896,"href":"https:\/\/sk.f-chain.com\/sk\/wp-json\/wp\/v2\/pages\/21890\/revisions\/21896"}],"wp:attachment":[{"href":"https:\/\/sk.f-chain.com\/sk\/wp-json\/wp\/v2\/media?parent=21890"}],"curies":[{"name":"wp","href":"https:\/\/api.w.org\/{rel}","templated":true}]}}